{"id":6957,"date":"2017-08-22T12:05:52","date_gmt":"2017-08-22T10:05:52","guid":{"rendered":"http:\/\/www.millesrl.it\/?page_id=6957"},"modified":"2021-09-23T11:44:28","modified_gmt":"2021-09-23T09:44:28","slug":"cinghie-per-elevatori-e-bulloneria","status":"publish","type":"page","link":"https:\/\/www.millesrl.it\/de\/tazze\/cinghie-per-elevatori-e-bulloneria\/","title":{"rendered":"Zubeh\u00f6r"},"content":{"rendered":"<div id=\"fws_6a0546a28b5fe\"  data-column-margin=\"default\" data-midnight=\"dark\"  class=\"wpb_row vc_row-fluid vc_row full-width-content vc_row-o-equal-height vc_row-flex vc_row-o-content-top\"  style=\"padding-top: 0px; padding-bottom: 0px; \"><div class=\"row-bg-wrap\" data-bg-animation=\"none\" data-bg-animation-delay=\"\" data-bg-overlay=\"false\"><div class=\"inner-wrap row-bg-layer\" ><div class=\"row-bg viewport-desktop\"  style=\"\"><\/div><\/div><\/div><div class=\"row_col_wrap_12 col span_12 dark left\">\n\t<div  class=\"vc_col-sm-6 wpb_column column_container vc_column_container col padding-2-percent inherit_tablet inherit_phone\"  data-padding-pos=\"all\" data-has-bg-color=\"false\" data-bg-color=\"\" data-bg-opacity=\"1\" data-animation=\"\" data-delay=\"0\" >\n\t\t<div class=\"vc_column-inner\" >\n\t\t\t<div class=\"wpb_wrapper\">\n\t\t\t\t<div class=\"img-with-aniamtion-wrap center\" data-max-width=\"100%\" data-max-width-mobile=\"default\" data-shadow=\"none\" data-animation=\"fade-in\" >\n      <div class=\"inner\">\n        <div class=\"hover-wrap\"> \n          <div class=\"hover-wrap-inner\">\n            <img loading=\"lazy\" decoding=\"async\" class=\"img-with-animation skip-lazy\" data-delay=\"0\" height=\"510\" width=\"880\" data-animation=\"fade-in\" src=\"https:\/\/www.millesrl.it\/wp-content\/uploads\/2021\/09\/accessori-tazze-per-elevatori-mille-srl.jpg\" alt=\"\" srcset=\"https:\/\/www.millesrl.it\/wp-content\/uploads\/2021\/09\/accessori-tazze-per-elevatori-mille-srl.jpg 880w, https:\/\/www.millesrl.it\/wp-content\/uploads\/2021\/09\/accessori-tazze-per-elevatori-mille-srl-300x174.jpg 300w, https:\/\/www.millesrl.it\/wp-content\/uploads\/2021\/09\/accessori-tazze-per-elevatori-mille-srl-768x445.jpg 768w\" sizes=\"auto, (max-width: 880px) 100vw, 880px\" \/>\n          <\/div>\n        <\/div>\n        \n      <\/div>\n    <\/div>\n\t\t\t<\/div> \n\t\t<\/div>\n\t<\/div> \n\n\t<div  class=\"vc_col-sm-6 wpb_column column_container vc_column_container col padding-5-percent inherit_tablet inherit_phone\"  data-padding-pos=\"all\" data-has-bg-color=\"false\" data-bg-color=\"\" data-bg-opacity=\"1\" data-animation=\"\" data-delay=\"0\" >\n\t\t<div class=\"vc_column-inner\" >\n\t\t\t<div class=\"wpb_wrapper\">\n\t\t\t\t<h1 style=\"color: #001f4f;text-align: left\" class=\"vc_custom_heading vc_do_custom_heading\" >Zubeh\u00f6r f\u00fcr Elevator Cups<\/h1><div class=\"divider-wrap\" data-alignment=\"default\"><div style=\"height: 20px;\" class=\"divider\"><\/div><\/div>\n<div class=\"wpb_text_column wpb_content_element\" >\n\t<p>Mille Srl produziert eine breite Palette an Bechern und Zubeh\u00f6r f\u00fcr den Transport von Sch\u00fcttg\u00fctern.<br \/>\nAlle Accessoires werden in einem vollautomatischen Produktionsprozess unter Verwendung technologisch fortschrittlicher Materialien hergestellt. Bei Bedarf werden die Produkte anschlie\u00dfend speziellen Behandlungen unterzogen, um Haltbarkeit und Widerstandsf\u00e4higkeit zu gew\u00e4hrleisten.<\/p>\n<\/div>\n\n\n\n<div class=\"divider-wrap\" data-alignment=\"default\"><div style=\"height: 30px;\" class=\"divider\"><\/div><\/div><div id=\"fws_6a0546a28d525\" data-midnight=\"\" data-column-margin=\"default\" class=\"wpb_row vc_row-fluid vc_row inner_row\"  style=\"\"><div class=\"row-bg-wrap\"> <div class=\"row-bg\" ><\/div> <\/div><div class=\"row_col_wrap_12_inner col span_12  left\">\n\t<div  class=\"vc_col-sm-4 wpb_column column_container vc_column_container col child_column no-extra-padding inherit_tablet inherit_phone\"   data-padding-pos=\"all\" data-has-bg-color=\"false\" data-bg-color=\"\" data-bg-opacity=\"1\" data-animation=\"\" data-delay=\"0\" >\n\t\t<div class=\"vc_column-inner\" >\n\t\t<div class=\"wpb_wrapper\">\n\t\t\t<a class=\"nectar-button large regular accent-color  regular-button btn-clic\"  role=\"button\" style=\"\" target=\"_blank\" href=\"https:\/\/www.millesrl.it\/de\/scarica-catalogo\/\" data-color-override=\"false\" data-hover-color-override=\"false\" data-hover-text-color-override=\"#fff\"><span>DEN KATALOG HERUNTERLADEN<\/span><\/a>\n\t\t<\/div> \n\t<\/div>\n\t<\/div> \n\n\t<div  class=\"vc_col-sm-4 wpb_column column_container vc_column_container col child_column no-extra-padding inherit_tablet inherit_phone\"   data-padding-pos=\"all\" data-has-bg-color=\"false\" data-bg-color=\"\" data-bg-opacity=\"1\" data-animation=\"\" data-delay=\"0\" >\n\t\t<div class=\"vc_column-inner\" >\n\t\t<div class=\"wpb_wrapper\">\n\t\t\t\n\t\t<\/div> \n\t<\/div>\n\t<\/div> \n\n\t<div  class=\"vc_col-sm-4 wpb_column column_container vc_column_container col child_column no-extra-padding inherit_tablet inherit_phone\"   data-padding-pos=\"all\" data-has-bg-color=\"false\" data-bg-color=\"\" data-bg-opacity=\"1\" data-animation=\"\" data-delay=\"0\" >\n\t\t<div class=\"vc_column-inner\" >\n\t\t<div class=\"wpb_wrapper\">\n\t\t\t\n\t\t<\/div> \n\t<\/div>\n\t<\/div> \n<\/div><\/div>\n\t\t\t<\/div> \n\t\t<\/div>\n\t<\/div> \n<\/div><\/div>\n\t\t<div id=\"fws_6a0546a28e56c\"  data-column-margin=\"default\" data-midnight=\"dark\"  class=\"wpb_row vc_row-fluid vc_row\"  style=\"padding-top: 0px; padding-bottom: 0px; \"><div class=\"row-bg-wrap\" data-bg-animation=\"none\" data-bg-animation-delay=\"\" data-bg-overlay=\"false\"><div class=\"inner-wrap row-bg-layer\" ><div class=\"row-bg viewport-desktop\"  style=\"\"><\/div><\/div><\/div><div class=\"row_col_wrap_12 col span_12 dark left\">\n\t<div  class=\"vc_col-sm-6 wpb_column column_container vc_column_container col padding-3-percent inherit_tablet inherit_phone\"  data-padding-pos=\"all\" data-has-bg-color=\"false\" data-bg-color=\"\" data-bg-opacity=\"1\" data-animation=\"\" data-delay=\"0\" >\n\t\t<div class=\"vc_column-inner\" >\n\t\t\t<div class=\"wpb_wrapper\">\n\t\t\t\t<div class=\"img-with-aniamtion-wrap center\" data-max-width=\"100%\" data-max-width-mobile=\"default\" data-shadow=\"none\" data-animation=\"none\" >\n      <div class=\"inner\">\n        <div class=\"hover-wrap\"> \n          <div class=\"hover-wrap-inner\">\n            <img loading=\"lazy\" decoding=\"async\" class=\"img-with-animation skip-lazy\" data-delay=\"0\" height=\"520\" width=\"1070\" data-animation=\"none\" src=\"https:\/\/www.millesrl.it\/wp-content\/uploads\/2021\/09\/cinghie-nastro-tazze.jpg\" alt=\"\" srcset=\"https:\/\/www.millesrl.it\/wp-content\/uploads\/2021\/09\/cinghie-nastro-tazze.jpg 1070w, https:\/\/www.millesrl.it\/wp-content\/uploads\/2021\/09\/cinghie-nastro-tazze-300x146.jpg 300w, https:\/\/www.millesrl.it\/wp-content\/uploads\/2021\/09\/cinghie-nastro-tazze-1024x498.jpg 1024w, https:\/\/www.millesrl.it\/wp-content\/uploads\/2021\/09\/cinghie-nastro-tazze-768x373.jpg 768w\" sizes=\"auto, (max-width: 1070px) 100vw, 1070px\" \/>\n          <\/div>\n        <\/div>\n        \n      <\/div>\n    <\/div>\n<div class=\"wpb_text_column wpb_content_element\" >\n\t<h3 style=\"text-align: center;\"><span style=\"color: #001f4f;\">B\u00c4NDER F\u00dcR BECHERWERKE UND F\u00d6RDERB\u00c4NDER<\/span><\/h3>\n<p style=\"text-align: left;\">Dank seines gut sortierten Lagers garantiert Mille Srl die Verf\u00fcgbarkeit zahlreicher Rollen mit Riemen und B\u00e4ndern aus schwarzem, \u00f6lbest\u00e4ndigem und antistatischem Gummi sowie aus wei\u00dfem Gummi oder PVC. Die Riemen k\u00f6nnen in bereits zugeschnittenen und gebohrten St\u00fccken nach Kundenwunsch geliefert werden. Auch die f\u00fcr jede Anwendung geeigneten B\u00e4nder k\u00f6nnen zu einer Schlaufe geschlossen und zugeschnitten werden.<\/p>\n<\/div>\n\n\n\n\n\t\t\t<\/div> \n\t\t<\/div>\n\t<\/div> \n\n\t<div  class=\"vc_col-sm-6 wpb_column column_container vc_column_container col padding-3-percent inherit_tablet inherit_phone\"  data-padding-pos=\"all\" data-has-bg-color=\"false\" data-bg-color=\"\" data-bg-opacity=\"1\" data-animation=\"\" data-delay=\"0\" >\n\t\t<div class=\"vc_column-inner\" >\n\t\t\t<div class=\"wpb_wrapper\">\n\t\t\t\t<div class=\"img-with-aniamtion-wrap center\" data-max-width=\"100%\" data-max-width-mobile=\"default\" data-shadow=\"none\" data-animation=\"none\" >\n      <div class=\"inner\">\n        <div class=\"hover-wrap\"> \n          <div class=\"hover-wrap-inner\">\n            <img loading=\"lazy\" decoding=\"async\" class=\"img-with-animation skip-lazy\" data-delay=\"0\" height=\"520\" width=\"1070\" data-animation=\"none\" src=\"https:\/\/www.millesrl.it\/wp-content\/uploads\/2021\/09\/giungione-nastro-tazze.jpg\" alt=\"\" srcset=\"https:\/\/www.millesrl.it\/wp-content\/uploads\/2021\/09\/giungione-nastro-tazze.jpg 1070w, https:\/\/www.millesrl.it\/wp-content\/uploads\/2021\/09\/giungione-nastro-tazze-300x146.jpg 300w, https:\/\/www.millesrl.it\/wp-content\/uploads\/2021\/09\/giungione-nastro-tazze-1024x498.jpg 1024w, https:\/\/www.millesrl.it\/wp-content\/uploads\/2021\/09\/giungione-nastro-tazze-768x373.jpg 768w\" sizes=\"auto, (max-width: 1070px) 100vw, 1070px\" \/>\n          <\/div>\n        <\/div>\n        \n      <\/div>\n    <\/div>\n<div class=\"wpb_text_column wpb_content_element\" >\n\t<h3 style=\"text-align: center;\"><span style=\"color: #001f4f;\">VERBINDUNGEN F\u00dcR VERZINKTES BAND<\/span><\/h3>\n<p style=\"text-align: left;\">Auch Verbindungen f\u00fcr 8 mm dicke gestanzte Blechstreifen aus verzinktem Stahlblech sind auf Lager verf\u00fcgbar.<\/p>\n<\/div>\n\n\n\n\n\t\t\t<\/div> \n\t\t<\/div>\n\t<\/div> \n<\/div><\/div>\n\t\t<div id=\"fws_6a0546a28fd36\"  data-column-margin=\"default\" data-midnight=\"dark\"  class=\"wpb_row vc_row-fluid vc_row\"  style=\"padding-top: 0px; padding-bottom: 0px; \"><div class=\"row-bg-wrap\" data-bg-animation=\"none\" data-bg-animation-delay=\"\" data-bg-overlay=\"false\"><div class=\"inner-wrap row-bg-layer\" ><div class=\"row-bg viewport-desktop\"  style=\"\"><\/div><\/div><\/div><div class=\"row_col_wrap_12 col span_12 dark left\">\n\t<div  class=\"vc_col-sm-6 wpb_column column_container vc_column_container col padding-3-percent inherit_tablet inherit_phone\"  data-padding-pos=\"all\" data-has-bg-color=\"false\" data-bg-color=\"\" data-bg-opacity=\"1\" data-animation=\"\" data-delay=\"0\" >\n\t\t<div class=\"vc_column-inner\" >\n\t\t\t<div class=\"wpb_wrapper\">\n\t\t\t\t\n\t<div class=\"wpb_gallery wpb_content_element clearfix\">\n\t\t<div class=\"wpb_wrapper\"><div class=\"wpb_gallery_slidesnectarslider_style\" data-onclick=\"link_image\" data-interval=\"5\"><div class=\"nectar-slider-wrap\" style=\"height: 260px\" data-image-rendering=\"default\" data-flexible-height=\"\" data-overall_style=\"classic\" data-button-styling=\"btn_with_count\" data-fullscreen=\"false\"  data-full-width=\"false\" data-parallax=\"false\" data-autorotate=\"5500\" id=\"ns-id-6a0546a291154\"><div class=\"swiper-container\" style=\"height: 260px\" data-loop=\"false\" data-height=\"260\" data-bullets=\"true\" data-bullet_style=\"see_through\" data-arrows=\"false\" data-desktop-swipe=\"false\" data-settings=\"\"><div class=\"swiper-wrapper\"><div class=\"swiper-slide\" data-bg-alignment=\"center\" data-color-scheme=\"light\" data-x-pos=\"centered\" data-y-pos=\"middle\"><div class=\"image-bg\" style=\"background-image: url(https:\/\/www.millesrl.it\/wp-content\/uploads\/2021\/09\/puleggia-gabbia-scoiattolo-tazze.jpg);\">  &nbsp; <\/div><a class=\"entire-slide-link\"  href=\"https:\/\/www.millesrl.it\/wp-content\/uploads\/2021\/09\/puleggia-gabbia-scoiattolo-tazze.jpg\"><\/a><span class=\"ie-fix\"><\/span> <\/div><!--\/swiper-slide--><div class=\"swiper-slide\" data-bg-alignment=\"center\" data-color-scheme=\"light\" data-x-pos=\"centered\" data-y-pos=\"middle\"><div class=\"image-bg\" style=\"background-image: url(https:\/\/www.millesrl.it\/wp-content\/uploads\/2021\/09\/puleggia-piana-tazze.jpg);\">  &nbsp; <\/div><a class=\"entire-slide-link\"  href=\"https:\/\/www.millesrl.it\/wp-content\/uploads\/2021\/09\/puleggia-piana-tazze.jpg\"><\/a><span class=\"ie-fix\"><\/span> <\/div><!--\/swiper-slide--><div class=\"swiper-slide\" data-bg-alignment=\"center\" data-color-scheme=\"light\" data-x-pos=\"centered\" data-y-pos=\"middle\"><div class=\"image-bg\" style=\"background-image: url(https:\/\/www.millesrl.it\/wp-content\/uploads\/2021\/09\/puleggia-traversini-tazze.jpg);\">  &nbsp; <\/div><a class=\"entire-slide-link\"  href=\"https:\/\/www.millesrl.it\/wp-content\/uploads\/2021\/09\/puleggia-traversini-tazze.jpg\"><\/a><span class=\"ie-fix\"><\/span> <\/div><!--\/swiper-slide--><\/div><div class=\"container normal-container slider-pagination-wrap\"><div class=\"slider-pagination\"><\/div><\/div><div class=\"nectar-slider-loading\"><\/div><\/div><\/div><\/div>\n\t\t<\/div> \n\t<\/div> \n<div class=\"wpb_text_column wpb_content_element\" >\n\t<h3 style=\"text-align: center;\"><span style=\"color: #001f4f;\">Seilrollen f\u00fcr Aufz\u00fcge<\/span><\/h3>\n<p style=\"text-align: left;\">Die \u201eMille\u201c-Riemenscheibe wird mit modernen Anlagen gefertigt und ist mit Durchmessern von 300 mm bis 1000 mm und Breiten von 150 bis 4000 mm erh\u00e4ltlich. Sie kann aus Fe oder Edelstahl gefertigt werden, optional mit Vulkanisation. Diese Produktionstechnik erm\u00f6glicht die Herstellung gekr\u00fcmmter Riemenscheiben auch nach Kundenwunsch und l\u00e4sst sich problemlos an die Konstruktion von Umlenk- und Antriebstrommeln f\u00fcr Bandf\u00f6rderer anpassen. <strong>Mit Nabe und Passfedernut \/ Mit Passfedernut<\/strong><\/p>\n<\/div>\n\n\n\n\n\t\t\t<\/div> \n\t\t<\/div>\n\t<\/div> \n\n\t<div  class=\"vc_col-sm-6 wpb_column column_container vc_column_container col padding-3-percent inherit_tablet inherit_phone\"  data-padding-pos=\"all\" data-has-bg-color=\"false\" data-bg-color=\"\" data-bg-opacity=\"1\" data-animation=\"\" data-delay=\"0\" >\n\t\t<div class=\"vc_column-inner\" >\n\t\t\t<div class=\"wpb_wrapper\">\n\t\t\t\t\n\t<div class=\"wpb_gallery wpb_content_element clearfix\">\n\t\t<div class=\"wpb_wrapper\"><div class=\"wpb_gallery_slidesnectarslider_style\" data-onclick=\"link_image\" data-interval=\"5\"><div class=\"nectar-slider-wrap\" style=\"height: 260px\" data-image-rendering=\"default\" data-flexible-height=\"\" data-overall_style=\"classic\" data-button-styling=\"btn_with_count\" data-fullscreen=\"false\"  data-full-width=\"false\" data-parallax=\"false\" data-autorotate=\"5500\" id=\"ns-id-6a0546a29335f\"><div class=\"swiper-container\" style=\"height: 260px\" data-loop=\"false\" data-height=\"260\" data-bullets=\"true\" data-bullet_style=\"see_through\" data-arrows=\"false\" data-desktop-swipe=\"false\" data-settings=\"\"><div class=\"swiper-wrapper\"><div class=\"swiper-slide\" data-bg-alignment=\"center\" data-color-scheme=\"light\" data-x-pos=\"centered\" data-y-pos=\"middle\"><div class=\"image-bg\" style=\"background-image: url(https:\/\/www.millesrl.it\/wp-content\/uploads\/2021\/05\/bulloni-rondelle-accessori-tazze.jpg);\">  &nbsp; <\/div><a class=\"entire-slide-link\"  href=\"https:\/\/www.millesrl.it\/wp-content\/uploads\/2021\/05\/bulloni-rondelle-accessori-tazze.jpg\"><\/a><span class=\"ie-fix\"><\/span> <\/div><!--\/swiper-slide--><\/div><div class=\"nectar-slider-loading\"><\/div><\/div><\/div><\/div>\n\t\t<\/div> \n\t<\/div> \n<div class=\"wpb_text_column wpb_content_element\" >\n\t<h3 style=\"text-align: center;\"><span style=\"color: #001f4f;\">SCHRAUBEN F\u00dcR KUGELLAGER MIT MUTTER UND ABGERUNDETER UNTERLEGSCHEIBE<\/span><\/h3>\n<p style=\"text-align: left;\">Dank seines gut sortierten Lagers garantiert Mille Srl die Verf\u00fcgbarkeit zahlreicher Topfdichtungen.<\/p>\n<\/div>\n\n\n\n\n\t\t\t<\/div> \n\t\t<\/div>\n\t<\/div> \n<\/div><\/div>\n\n\t\t<div id=\"fws_6a0546a293c95\"  data-column-margin=\"default\" data-midnight=\"dark\" data-top-percent=\"4%\" data-bottom-percent=\"4%\"  class=\"wpb_row vc_row-fluid vc_row full-width-content has-row-bg-color vc_row-o-equal-height vc_row-flex vc_row-o-content-middle\"  style=\"padding-top: calc(100vw * 0.04); padding-bottom: calc(100vw * 0.04); --row-bg-color: #f2f2f2;\"><div class=\"row-bg-wrap\" data-bg-animation=\"none\" data-bg-animation-delay=\"\" data-bg-overlay=\"false\"><div class=\"inner-wrap row-bg-layer\" ><div class=\"row-bg viewport-desktop using-bg-color\"  style=\"background-color: #f2f2f2; \"><\/div><\/div><\/div><div class=\"row_col_wrap_12 col span_12 dark center\">\n\t<div  class=\"vc_col-sm-12 wpb_column column_container vc_column_container col no-extra-padding inherit_tablet inherit_phone\"  data-padding-pos=\"all\" data-has-bg-color=\"false\" data-bg-color=\"\" data-bg-opacity=\"1\" data-animation=\"\" data-delay=\"0\" >\n\t\t<div class=\"vc_column-inner\" >\n\t\t\t<div class=\"wpb_wrapper\">\n\t\t\t\t<div id=\"fws_6a0546a29427e\" data-midnight=\"\" data-column-margin=\"default\" class=\"wpb_row vc_row-fluid vc_row inner_row\"  style=\"\"><div class=\"row-bg-wrap\"> <div class=\"row-bg\" ><\/div> <\/div><div class=\"row_col_wrap_12_inner col span_12  center\">\n\t<div  class=\"vc_col-sm-2 wpb_column column_container vc_column_container col child_column no-extra-padding inherit_tablet inherit_phone\"   data-padding-pos=\"all\" data-has-bg-color=\"false\" data-bg-color=\"\" data-bg-opacity=\"1\" data-animation=\"\" data-delay=\"0\" >\n\t\t<div class=\"vc_column-inner\" >\n\t\t<div class=\"wpb_wrapper\">\n\t\t\t\n\t\t<\/div> \n\t<\/div>\n\t<\/div> \n\n\t<div  class=\"vc_col-sm-8 wpb_column column_container vc_column_container col child_column centered-text padding-2-percent inherit_tablet inherit_phone\"   data-padding-pos=\"left-right\" data-has-bg-color=\"false\" data-bg-color=\"\" data-bg-opacity=\"1\" data-animation=\"\" data-delay=\"0\" >\n\t\t<div class=\"vc_column-inner\" >\n\t\t<div class=\"wpb_wrapper\">\n\t\t\t<div class=\"img-with-aniamtion-wrap center\" data-max-width=\"100%\" data-max-width-mobile=\"default\" data-shadow=\"none\" data-animation=\"none\" >\n      <div class=\"inner\">\n        <div class=\"hover-wrap\"> \n          <div class=\"hover-wrap-inner\">\n            <img loading=\"lazy\" decoding=\"async\" class=\"img-with-animation skip-lazy\" data-delay=\"0\" height=\"219\" width=\"300\" data-animation=\"none\" src=\"https:\/\/www.millesrl.it\/wp-content\/uploads\/2020\/09\/mille-logo-scritta-blu-retina.png\" alt=\"\"  \/>\n          <\/div>\n        <\/div>\n        \n      <\/div>\n    <\/div><div class=\"divider-wrap\" data-alignment=\"default\"><div style=\"height: 5px;\" class=\"divider\"><\/div><\/div><p style=\"font-size: 22px;color: #001f4f;line-height: 26px;text-align: center\" class=\"vc_custom_heading vc_do_custom_heading vc_custom_1631628433465\" >Seit 1982 Konstruktion und Fertigung von Komponenten und kompletten Maschinen f\u00fcr den Transport von Sch\u00fcttg\u00fctern<\/p><a class=\"nectar-button large regular accent-color has-icon  regular-button\"  role=\"button\" style=\"margin-top: 5px; color: #001852; \"  href=\"https:\/\/www.millesrl.it\/de\/contatti\/\" data-color-override=\"false\" data-hover-color-override=\"false\" data-hover-text-color-override=\"#fff\"><span>Kontaktiere uns<\/span><i style=\"color: #001852;\"  class=\"icon-button-arrow\"><\/i><\/a>\n\t\t<\/div> \n\t<\/div>\n\t<\/div> \n\n\t<div  class=\"vc_col-sm-2 wpb_column column_container vc_column_container col child_column no-extra-padding inherit_tablet inherit_phone\"   data-padding-pos=\"all\" data-has-bg-color=\"false\" data-bg-color=\"\" data-bg-opacity=\"1\" data-animation=\"\" data-delay=\"0\" >\n\t\t<div class=\"vc_column-inner\" >\n\t\t<div class=\"wpb_wrapper\">\n\t\t\t\n\t\t<\/div> \n\t<\/div>\n\t<\/div> \n<\/div><\/div>\n\t\t\t<\/div> \n\t\t<\/div>\n\t<\/div> \n<\/div><\/div>\n\t\t<div id=\"fws_6a0546a2958eb\"  data-column-margin=\"default\" data-midnight=\"dark\"  class=\"wpb_row vc_row-fluid vc_row full-width-content has-row-bg-color vc_row-o-equal-height vc_row-flex vc_row-o-content-top\"  style=\"padding-top: 0px; padding-bottom: 0px; --row-bg-color: #f7f7f7;\"><div class=\"row-bg-wrap\" data-bg-animation=\"none\" data-bg-animation-delay=\"\" data-bg-overlay=\"false\"><div class=\"inner-wrap row-bg-layer\" ><div class=\"row-bg viewport-desktop using-bg-color\"  style=\"background-color: #f7f7f7; \"><\/div><\/div><\/div><div class=\"row_col_wrap_12 col span_12 dark left\">\n\t<div  class=\"vc_col-sm-12 wpb_column column_container vc_column_container col no-extra-padding inherit_tablet inherit_phone\"  data-padding-pos=\"all\" data-has-bg-color=\"false\" data-bg-color=\"\" data-bg-opacity=\"1\" data-animation=\"\" data-delay=\"0\" >\n\t\t<div class=\"vc_column-inner\" >\n\t\t\t<div class=\"wpb_wrapper\">\n\t\t\t\t<div class=\"img-with-aniamtion-wrap\" data-max-width=\"100%\" data-max-width-mobile=\"default\" data-shadow=\"none\" data-animation=\"none\" >\n      <div class=\"inner\">\n        <div class=\"hover-wrap\"> \n          <div class=\"hover-wrap-inner\">\n            <img loading=\"lazy\" decoding=\"async\" class=\"img-with-animation skip-lazy\" data-delay=\"0\" height=\"43\" width=\"3456\" data-animation=\"none\" src=\"https:\/\/www.millesrl.it\/wp-content\/uploads\/2021\/06\/bandiera-big.png\" alt=\"\" srcset=\"https:\/\/www.millesrl.it\/wp-content\/uploads\/2021\/06\/bandiera-big.png 3456w, https:\/\/www.millesrl.it\/wp-content\/uploads\/2021\/06\/bandiera-big-300x4.png 300w, https:\/\/www.millesrl.it\/wp-content\/uploads\/2021\/06\/bandiera-big-1024x13.png 1024w, https:\/\/www.millesrl.it\/wp-content\/uploads\/2021\/06\/bandiera-big-768x10.png 768w, https:\/\/www.millesrl.it\/wp-content\/uploads\/2021\/06\/bandiera-big-1536x19.png 1536w, https:\/\/www.millesrl.it\/wp-content\/uploads\/2021\/06\/bandiera-big-2048x25.png 2048w\" sizes=\"auto, (max-width: 3456px) 100vw, 3456px\" \/>\n          <\/div>\n        <\/div>\n        \n      <\/div>\n    <\/div>\n\t\t\t<\/div> \n\t\t<\/div>\n\t<\/div> \n<\/div><\/div>","protected":false},"excerpt":{"rendered":"Accessori per Tazze per Elevatori Mille S.r.l. produce una vasta gamma di tazze, ed accessori...","protected":false},"author":3,"featured_media":0,"parent":6283,"menu_order":0,"comment_status":"closed","ping_status":"closed","template":"","meta":{"footnotes":""},"class_list":["post-6957","page","type-page","status-publish"],"_links":{"self":[{"href":"https:\/\/www.millesrl.it\/de\/wp-json\/wp\/v2\/pages\/6957","targetHints":{"allow":["GET"]}}],"collection":[{"href":"https:\/\/www.millesrl.it\/de\/wp-json\/wp\/v2\/pages"}],"about":[{"href":"https:\/\/www.millesrl.it\/de\/wp-json\/wp\/v2\/types\/page"}],"author":[{"embeddable":true,"href":"https:\/\/www.millesrl.it\/de\/wp-json\/wp\/v2\/users\/3"}],"replies":[{"embeddable":true,"href":"https:\/\/www.millesrl.it\/de\/wp-json\/wp\/v2\/comments?post=6957"}],"version-history":[{"count":0,"href":"https:\/\/www.millesrl.it\/de\/wp-json\/wp\/v2\/pages\/6957\/revisions"}],"up":[{"embeddable":true,"href":"https:\/\/www.millesrl.it\/de\/wp-json\/wp\/v2\/pages\/6283"}],"wp:attachment":[{"href":"https:\/\/www.millesrl.it\/de\/wp-json\/wp\/v2\/media?parent=6957"}],"curies":[{"name":"wp","href":"https:\/\/api.w.org\/{rel}","templated":true}]}}