{"id":6966,"date":"2017-08-22T12:27:27","date_gmt":"2017-08-22T10:27:27","guid":{"rendered":"http:\/\/www.millesrl.it\/?page_id=6966"},"modified":"2021-06-15T15:08:15","modified_gmt":"2021-06-15T13:08:15","slug":"catene-e-corone-raschianti","status":"publish","type":"page","link":"https:\/\/www.millesrl.it\/de\/catene-componibili-e-modulari\/catene-e-corone-raschianti\/","title":{"rendered":"Kratzerketten und -kronen"},"content":{"rendered":"<div id=\"fws_69e8dac084bd5\"  data-column-margin=\"default\" data-midnight=\"dark\"  class=\"wpb_row vc_row-fluid vc_row full-width-content vc_row-o-equal-height vc_row-flex vc_row-o-content-middle\"  style=\"padding-top: 0px; padding-bottom: 0px; \"><div class=\"row-bg-wrap\" data-bg-animation=\"none\" data-bg-animation-delay=\"\" data-bg-overlay=\"false\"><div class=\"inner-wrap row-bg-layer\" ><div class=\"row-bg viewport-desktop\"  style=\"\"><\/div><\/div><\/div><div class=\"row_col_wrap_12 col span_12 dark left\">\n\t<div  class=\"vc_col-sm-12 wpb_column column_container vc_column_container col no-extra-padding\"  data-padding-pos=\"all\" data-has-bg-color=\"false\" data-bg-color=\"\" data-bg-opacity=\"1\" data-animation=\"\" data-delay=\"0\" >\n\t\t<div class=\"vc_column-inner\" >\n\t\t\t<div class=\"wpb_wrapper\">\n\t\t\t\t<div id=\"fws_69e8dac086319\" data-midnight=\"\" data-column-margin=\"default\" class=\"wpb_row vc_row-fluid vc_row inner_row vc_row-o-equal-height vc_row-flex vc_row-o-content-middle\"  style=\"\"><div class=\"row-bg-wrap\"> <div class=\"row-bg\" ><\/div> <\/div><div class=\"row_col_wrap_12_inner col span_12  left\">\n\t<div style=\"\" class=\"vc_col-sm-6 vc_hidden-sm vc_hidden-xs wpb_column column_container vc_column_container col child_column no-extra-padding\"  data-using-bg=\"true\" data-bg-cover=\"true\" data-padding-pos=\"all\" data-has-bg-color=\"false\" data-bg-color=\"\" data-bg-opacity=\"1\" data-animation=\"\" data-delay=\"0\" >\n\t\t<div class=\"vc_column-inner\" ><div class=\"column-image-bg-wrap column-bg-layer viewport-desktop\" data-bg-pos=\"center center\" data-bg-animation=\"none\" data-bg-overlay=\"false\"><div class=\"inner-wrap\"><div class=\"column-image-bg\" style=\" background-image: url('https:\/\/www.millesrl.it\/wp-content\/uploads\/2017\/08\/catene-raschianti-Mille-srl-soluzioni-meccaniche-smaltimento.jpg'); \"><\/div><\/div><\/div>\n\t\t<div class=\"wpb_wrapper\">\n\t\t\t\n\t\t<\/div> \n\t<\/div>\n\t<\/div> \n\n\t<div  class=\"vc_col-sm-6 wpb_column column_container vc_column_container col child_column padding-4-percent\"   data-padding-pos=\"all\" data-has-bg-color=\"false\" data-bg-color=\"\" data-bg-opacity=\"1\" data-animation=\"\" data-delay=\"0\" >\n\t\t<div class=\"vc_column-inner\" >\n\t\t<div class=\"wpb_wrapper\">\n\t\t\t<h1 style=\"text-align: left\" class=\"vc_custom_heading vc_do_custom_heading\" >Kratzerketten und -kronen<\/h1><div class=\"divider-wrap\" data-alignment=\"default\"><div style=\"height: 20px;\" class=\"divider\"><\/div><\/div><h3 style=\"text-align: left\" class=\"vc_custom_heading vc_do_custom_heading\" >Schabeketten mit gepr\u00e4gten Gliedern<\/h3><div class=\"divider-wrap\" data-alignment=\"default\"><div style=\"height: 20px;\" class=\"divider\"><\/div><\/div>\n<div class=\"wpb_text_column wpb_content_element\" >\n\t<p>Die Kratzerkette ist in ihrer Einfachheit vielleicht die aussagekr\u00e4ftigste und robusteste aller heute auf dem Markt erh\u00e4ltlichen Kettentypen.<br \/>\nDiese Kette ist sehr vielseitig und erm\u00f6glicht den Einsatz einer gro\u00dfen Auswahl an Abstreifern, die f\u00fcr unterschiedliche Produktarten geeignet sind.<\/p>\n<\/div>\n\n\n\n<div class=\"divider-wrap\" data-alignment=\"default\"><div style=\"height: 20px;\" class=\"divider\"><\/div><\/div><h3 style=\"text-align: left\" class=\"vc_custom_heading vc_do_custom_heading\" >Steuerkronen f\u00fcr Abstreiferketten mit gepressten Gliedern<\/h3><div class=\"divider-wrap\" data-alignment=\"default\"><div style=\"height: 20px;\" class=\"divider\"><\/div><\/div>\n<div class=\"wpb_text_column wpb_content_element\" >\n\t<p>Die Steuerkronen bestehen aus hochfestem Material und sind induktionsgeh\u00e4rtet. Sie sind mit und ohne Mittelnabe erh\u00e4ltlich.<\/p>\n<\/div>\n\n\n\n<div class=\"divider-wrap\" data-alignment=\"default\"><div style=\"height: 20px;\" class=\"divider\"><\/div><\/div>\n<div class=\"wpb_text_column wpb_content_element\" >\n\t<div class=\"catalogo-button\"><div class=\"col span_6\" data-animation=\"\" data-delay=\"0\"><a class=\"nectar-button n-sc-button medium accent-color regular-button\" target=\"_blank\" href=\"https:\/\/www.millesrl.it\/wp-content\/uploads\/2017\/09\/catalogo-catene-e-corone-raschianti-millesrl.pdf\" data-color-override=\"false\" data-hover-color-override=\"false\" data-hover-text-color-override=\"#fff\"><span>Katalog ansehen<\/span><\/a> <div class=\"divider-wrap\" data-alignment=\"default\"><div style=\"height: 20px;\" class=\"divider\"><\/div><\/div><\/div><div class=\"col span_6 col_last\" data-animation=\"\" data-delay=\"0\"><a class=\"nectar-button n-sc-button medium accent-color regular-button\" target=\"_blank\" href=\"#contatta-millesrl\" data-color-override=\"false\" data-hover-color-override=\"false\" data-hover-text-color-override=\"#fff\"><span>Mehr Informationen<\/span><\/a> <div class=\"divider-wrap\" data-alignment=\"default\"><div style=\"height: 20px;\" class=\"divider\"><\/div><\/div><\/div><div class=\"clear\"><\/div><\/div>\n<\/div>\n\n\n\n\n\t\t<\/div> \n\t<\/div>\n\t<\/div> \n<\/div><\/div>\n\t\t\t<\/div> \n\t\t<\/div>\n\t<\/div> \n<\/div><\/div>\n\t\t<div id=\"fws_69e8dac089bff\"  data-column-margin=\"default\" data-midnight=\"dark\"  class=\"wpb_row vc_row-fluid vc_row full-width-content vc_row-o-equal-height vc_row-flex vc_row-o-content-top\"  style=\"padding-top: 0px; padding-bottom: 0px; \"><div class=\"row-bg-wrap\" data-bg-animation=\"none\" data-bg-animation-delay=\"\" data-bg-overlay=\"false\"><div class=\"inner-wrap row-bg-layer\" ><div class=\"row-bg viewport-desktop\"  style=\"\"><\/div><\/div><\/div><div class=\"row_col_wrap_12 col span_12 dark left\">\n\t<div  class=\"vc_col-sm-12 wpb_column column_container vc_column_container col no-extra-padding\"  data-padding-pos=\"all\" data-has-bg-color=\"false\" data-bg-color=\"\" data-bg-opacity=\"1\" data-animation=\"\" data-delay=\"0\" >\n\t\t<div class=\"vc_column-inner\" >\n\t\t\t<div class=\"wpb_wrapper\">\n\t\t\t\t\n\t<div class=\"wpb_gallery wpb_content_element clearfix\">\n\t\t<div class=\"wpb_wrapper\"><div class=\"wpb_gallery_slidesimage_grid\" data-onclick=\"link_image\" data-interval=\"5\">\n\n\t<div class=\"portfolio-wrap\">\n\n\t\t\t<span class=\"portfolio-loading\"><\/span>\n\n\t\t\t<div class=\"row portfolio-items no-masonry  constrain-max-cols\" data-starting-filter=\"\" data-gutter=\"1px\" data-masonry-type=\"default\" data-bypass-cropping=\"\"  data-ps=\"8\" data-loading=\"\" data-categories-to-show=\"\" data-col-num=\"elastic\">\n\n\n\n\t\n\t\t\t\t\t\t\t<div class=\"col elastic-portfolio-item  element\" data-project-cat=\"\" data-default-color=\"true\" data-title-color=\"\" data-subtitle-color=\"\">\n\n\t\t\t\t\t\t\t<div class=\"inner-wrap animated\" data-animation=\"none\">\n\n\t\t\t\t\t\t\t\n\t\t\t\t\t\t\t<div class=\"work-item style-2\">\n\n\t\t\t\t\t\t\t\t<img decoding=\"async\" class=\"skip-lazy top-level-image\" src=\"https:\/\/www.millesrl.it\/wp-content\/uploads\/2017\/08\/catene-raschianti-Mille-srl-soluzioni-meccaniche-smaltimento3-600x400.jpg\" width=\"600\" height=\"400\" alt=\"catene-raschianti-Mille-srl-soluzioni meccaniche-smaltimento3\" title=\"Kratzerketten-Mille-srl-mechanische-L\u00f6sungen-Entsorgung3\" loading=\"lazy\" \/>\n\t\t\t\t\t\t\t\t<div class=\"work-info-bg\"><\/div>\n\t\t\t\t\t\t\t\t<div class=\"work-info\">\n\n\n\t\t\t\t\t\t\t\t\t\t\t\t\t\t\t\t\t   \t\t\t <a href=\"https:\/\/www.millesrl.it\/wp-content\/uploads\/2017\/08\/catene-raschianti-Mille-srl-soluzioni-meccaniche-smaltimento3.jpg\" class=\"pretty_photo\"><span class=\"screen-reader-text\">Kratzerketten-Mille-srl-mechanische-L\u00f6sungen-Entsorgung3<\/span><\/a>\n\t\t\t\t\t\t\t\t   \t\t\n\t\t\t\t\t\t\t\t\t\t<div class=\"vert-center\">\n\t\t\t\t\t\t\t\t\t\t\t\t\t\t\t\t\t\t\t\t\t\t<svg class=\"next-arrow\" xmlns=\"http:\/\/www.w3.org\/2000\/svg\" xmlns:xlink=\"http:\/\/www.w3.org\/1999\/xlink\" viewbox=\"0 0 39 12\"><line class=\"top\" x1=\"23\" y1=\"-0.5\" x2=\"29.5\" y2=\"6.5\" stroke=\"#ffffff;\"\/>\n                        <line class=\"bottom\" x1=\"23\" y1=\"12.5\" x2=\"29.5\" y2=\"5.5\" stroke=\"#ffffff;\"\/>\n                      <\/svg>\n                      <span class=\"line\"><\/span>\n                    <\/span>\n\n\t\t\t\t\t\t\t\t\t\t<\/div><!--\/vert-center-->\n\n\t\t\t\t\t\t\t\t\t\n\n\t\t\t\t\t\t\t\t<\/div>\n\t\t\t\t\t\t\t<\/div><!--work-item-->\n\n\t\t\t\t\t\t\n\n\t\t\t\t\t\t<\/div><\/div> \n\t\t\t\t\t\t\n\t\t\t\t\t\t\t<div class=\"col elastic-portfolio-item  element\" data-project-cat=\"\" data-default-color=\"true\" data-title-color=\"\" data-subtitle-color=\"\">\n\n\t\t\t\t\t\t\t<div class=\"inner-wrap animated\" data-animation=\"none\">\n\n\t\t\t\t\t\t\t\n\t\t\t\t\t\t\t<div class=\"work-item style-2\">\n\n\t\t\t\t\t\t\t\t<img decoding=\"async\" class=\"skip-lazy top-level-image\" src=\"https:\/\/www.millesrl.it\/wp-content\/uploads\/2017\/08\/catene-raschianti-Mille-srl-soluzioni-meccaniche-smaltimento2-600x400.jpg\" width=\"600\" height=\"400\" alt=\"catene-raschianti-Mille-srl-soluzioni meccaniche-smaltimento2\" title=\"Kratzerketten-Mille-srl-mechanische-L\u00f6sungen-Entsorgung2\" loading=\"lazy\" \/>\n\t\t\t\t\t\t\t\t<div class=\"work-info-bg\"><\/div>\n\t\t\t\t\t\t\t\t<div class=\"work-info\">\n\n\n\t\t\t\t\t\t\t\t\t\t\t\t\t\t\t\t\t   \t\t\t <a href=\"https:\/\/www.millesrl.it\/wp-content\/uploads\/2017\/08\/catene-raschianti-Mille-srl-soluzioni-meccaniche-smaltimento2.jpg\" class=\"pretty_photo\"><span class=\"screen-reader-text\">Kratzerketten-Mille-srl-mechanische-L\u00f6sungen-Entsorgung2<\/span><\/a>\n\t\t\t\t\t\t\t\t   \t\t\n\t\t\t\t\t\t\t\t\t\t<div class=\"vert-center\">\n\t\t\t\t\t\t\t\t\t\t\t\t\t\t\t\t\t\t\t\t\t\t<svg class=\"next-arrow\" xmlns=\"http:\/\/www.w3.org\/2000\/svg\" xmlns:xlink=\"http:\/\/www.w3.org\/1999\/xlink\" viewbox=\"0 0 39 12\"><line class=\"top\" x1=\"23\" y1=\"-0.5\" x2=\"29.5\" y2=\"6.5\" stroke=\"#ffffff;\"\/>\n                        <line class=\"bottom\" x1=\"23\" y1=\"12.5\" x2=\"29.5\" y2=\"5.5\" stroke=\"#ffffff;\"\/>\n                      <\/svg>\n                      <span class=\"line\"><\/span>\n                    <\/span>\n\n\t\t\t\t\t\t\t\t\t\t<\/div><!--\/vert-center-->\n\n\t\t\t\t\t\t\t\t\t\n\n\t\t\t\t\t\t\t\t<\/div>\n\t\t\t\t\t\t\t<\/div><!--work-item-->\n\n\t\t\t\t\t\t\n\n\t\t\t\t\t\t<\/div><\/div> \n\t\t\t\t\t\t\n\t\t\t\t\t\t\t<div class=\"col elastic-portfolio-item  element\" data-project-cat=\"\" data-default-color=\"true\" data-title-color=\"\" data-subtitle-color=\"\">\n\n\t\t\t\t\t\t\t<div class=\"inner-wrap animated\" data-animation=\"none\">\n\n\t\t\t\t\t\t\t\n\t\t\t\t\t\t\t<div class=\"work-item style-2\">\n\n\t\t\t\t\t\t\t\t<img decoding=\"async\" class=\"skip-lazy top-level-image\" src=\"https:\/\/www.millesrl.it\/wp-content\/uploads\/2017\/08\/catene-raschianti-Mille-srl-soluzioni-meccaniche-smaltimento1-600x400.jpg\" width=\"600\" height=\"400\" alt=\"catene-raschianti-Mille-srl-soluzioni meccaniche-smaltimento1\" title=\"Kratzerketten-Mille-srl-mechanische-L\u00f6sungen-Entsorgung1\" loading=\"lazy\" \/>\n\t\t\t\t\t\t\t\t<div class=\"work-info-bg\"><\/div>\n\t\t\t\t\t\t\t\t<div class=\"work-info\">\n\n\n\t\t\t\t\t\t\t\t\t\t\t\t\t\t\t\t\t   \t\t\t <a href=\"https:\/\/www.millesrl.it\/wp-content\/uploads\/2017\/08\/catene-raschianti-Mille-srl-soluzioni-meccaniche-smaltimento1.jpg\" class=\"pretty_photo\"><span class=\"screen-reader-text\">Kratzerketten-Mille-srl-mechanische-L\u00f6sungen-Entsorgung1<\/span><\/a>\n\t\t\t\t\t\t\t\t   \t\t\n\t\t\t\t\t\t\t\t\t\t<div class=\"vert-center\">\n\t\t\t\t\t\t\t\t\t\t\t\t\t\t\t\t\t\t\t\t\t\t<svg class=\"next-arrow\" xmlns=\"http:\/\/www.w3.org\/2000\/svg\" xmlns:xlink=\"http:\/\/www.w3.org\/1999\/xlink\" viewbox=\"0 0 39 12\"><line class=\"top\" x1=\"23\" y1=\"-0.5\" x2=\"29.5\" y2=\"6.5\" stroke=\"#ffffff;\"\/>\n                        <line class=\"bottom\" x1=\"23\" y1=\"12.5\" x2=\"29.5\" y2=\"5.5\" stroke=\"#ffffff;\"\/>\n                      <\/svg>\n                      <span class=\"line\"><\/span>\n                    <\/span>\n\n\t\t\t\t\t\t\t\t\t\t<\/div><!--\/vert-center-->\n\n\t\t\t\t\t\t\t\t\t\n\n\t\t\t\t\t\t\t\t<\/div>\n\t\t\t\t\t\t\t<\/div><!--work-item-->\n\n\t\t\t\t\t\t\n\n\t\t\t\t\t\t<\/div><\/div> \n\t\t\t\t\t\t\n\t\t\t\t\t\t\t<div class=\"col elastic-portfolio-item  element\" data-project-cat=\"\" data-default-color=\"true\" data-title-color=\"\" data-subtitle-color=\"\">\n\n\t\t\t\t\t\t\t<div class=\"inner-wrap animated\" data-animation=\"none\">\n\n\t\t\t\t\t\t\t\n\t\t\t\t\t\t\t<div class=\"work-item style-2\">\n\n\t\t\t\t\t\t\t\t<img decoding=\"async\" class=\"skip-lazy top-level-image\" src=\"https:\/\/www.millesrl.it\/wp-content\/uploads\/2017\/08\/catene-raschianti-Mille-srl-soluzioni-meccaniche-smaltimento4-600x400.jpg\" width=\"600\" height=\"400\" alt=\"catene-raschianti-Mille-srl-soluzioni meccaniche-smaltimento4\" title=\"Kratzerketten-Mille-srl-mechanische-L\u00f6sungen-Entsorgung4\" loading=\"lazy\" \/>\n\t\t\t\t\t\t\t\t<div class=\"work-info-bg\"><\/div>\n\t\t\t\t\t\t\t\t<div class=\"work-info\">\n\n\n\t\t\t\t\t\t\t\t\t\t\t\t\t\t\t\t\t   \t\t\t <a href=\"https:\/\/www.millesrl.it\/wp-content\/uploads\/2017\/08\/catene-raschianti-Mille-srl-soluzioni-meccaniche-smaltimento4.jpg\" class=\"pretty_photo\"><span class=\"screen-reader-text\">Kratzerketten-Mille-srl-mechanische-L\u00f6sungen-Entsorgung4<\/span><\/a>\n\t\t\t\t\t\t\t\t   \t\t\n\t\t\t\t\t\t\t\t\t\t<div class=\"vert-center\">\n\t\t\t\t\t\t\t\t\t\t\t\t\t\t\t\t\t\t\t\t\t\t<svg class=\"next-arrow\" xmlns=\"http:\/\/www.w3.org\/2000\/svg\" xmlns:xlink=\"http:\/\/www.w3.org\/1999\/xlink\" viewbox=\"0 0 39 12\"><line class=\"top\" x1=\"23\" y1=\"-0.5\" x2=\"29.5\" y2=\"6.5\" stroke=\"#ffffff;\"\/>\n                        <line class=\"bottom\" x1=\"23\" y1=\"12.5\" x2=\"29.5\" y2=\"5.5\" stroke=\"#ffffff;\"\/>\n                      <\/svg>\n                      <span class=\"line\"><\/span>\n                    <\/span>\n\n\t\t\t\t\t\t\t\t\t\t<\/div><!--\/vert-center-->\n\n\t\t\t\t\t\t\t\t\t\n\n\t\t\t\t\t\t\t\t<\/div>\n\t\t\t\t\t\t\t<\/div><!--work-item-->\n\n\t\t\t\t\t\t\n\n\t\t\t\t\t\t<\/div><\/div> \n\t\t\t\t\t\t<\/div><\/div><\/div>\n\t\t<\/div> \n\t<\/div> \n\t\t\t<\/div> \n\t\t<\/div>\n\t<\/div> \n<\/div><\/div>\n\t\t<div id=\"contatta-millesrl\"  data-column-margin=\"default\" data-midnight=\"light\"  class=\"wpb_row vc_row-fluid vc_row full-width-content vc_row-o-equal-height vc_row-flex vc_row-o-content-top\"  style=\"padding-top: 0px; padding-bottom: 0px; \"><div class=\"row-bg-wrap\" data-bg-animation=\"none\" data-bg-animation-delay=\"\" data-bg-overlay=\"true\"><div class=\"inner-wrap row-bg-layer using-image\" ><div class=\"row-bg viewport-desktop using-image\"  style=\"background-image: url(https:\/\/www.millesrl.it\/wp-content\/uploads\/2010\/08\/Mille-srl-soluzioni-meccaniche-smaltimento17.jpg); background-position: left center; background-repeat: no-repeat; \"><\/div><\/div><div class=\"row-bg-overlay row-bg-layer\" style=\"background-color:#000000;  opacity: 0.5; \"><\/div><\/div><div class=\"row_col_wrap_12 col span_12 light center\">\n\t<div  class=\"vc_col-sm-12 wpb_column column_container vc_column_container col padding-4-percent\"  data-padding-pos=\"all\" data-has-bg-color=\"false\" data-bg-color=\"\" data-bg-opacity=\"1\" data-animation=\"\" data-delay=\"0\" >\n\t\t<div class=\"vc_column-inner\" >\n\t\t\t<div class=\"wpb_wrapper\">\n\t\t\t\t<div id=\"fws_69e8dac08cee9\" data-midnight=\"\" data-column-margin=\"default\" class=\"wpb_row vc_row-fluid vc_row inner_row\"  style=\"\"><div class=\"row-bg-wrap\"> <div class=\"row-bg\" ><\/div> <\/div><div class=\"row_col_wrap_12_inner col span_12  left\">\n\t<div  class=\"vc_col-sm-3 wpb_column column_container vc_column_container col child_column no-extra-padding\"   data-padding-pos=\"all\" data-has-bg-color=\"false\" data-bg-color=\"\" data-bg-opacity=\"1\" data-animation=\"\" data-delay=\"0\" >\n\t\t<div class=\"vc_column-inner\" >\n\t\t<div class=\"wpb_wrapper\">\n\t\t\t\n\t\t<\/div> \n\t<\/div>\n\t<\/div> \n\n\t<div  class=\"vc_col-sm-6 wpb_column column_container vc_column_container col child_column no-extra-padding\"   data-padding-pos=\"all\" data-has-bg-color=\"false\" data-bg-color=\"\" data-bg-opacity=\"1\" data-animation=\"\" data-delay=\"0\" >\n\t\t<div class=\"vc_column-inner\" >\n\t\t<div class=\"wpb_wrapper\">\n\t\t\t<h3 style=\"text-align: center\" class=\"vc_custom_heading vc_do_custom_heading\" >Mille srl<\/h3><div class=\"divider-wrap\" data-alignment=\"default\"><div style=\"height: 20px;\" class=\"divider\"><\/div><\/div>\n<div class=\"wpb_text_column wpb_content_element\" >\n\t<p>Mille srl ist auf die Entwicklung und Herstellung von Komponenten und kompletten Maschinen f\u00fcr den Transport von Sch\u00fcttg\u00fctern spezialisiert. <\/p>\n<\/div>\n\n\n\n<div class=\"divider-wrap\" data-alignment=\"default\"><div style=\"height: 20px;\" class=\"divider\"><\/div><\/div><a class=\"nectar-button medium regular accent-color  regular-button\"  role=\"button\" style=\"\"  href=\"https:\/\/www.millesrl.it\/de\/contatti\/\" data-color-override=\"false\" data-hover-color-override=\"false\" data-hover-text-color-override=\"#fff\"><span>Kontaktiere uns<\/span><\/a>\n\t\t<\/div> \n\t<\/div>\n\t<\/div> \n\n\t<div  class=\"vc_col-sm-3 wpb_column column_container vc_column_container col child_column no-extra-padding\"   data-padding-pos=\"all\" data-has-bg-color=\"false\" data-bg-color=\"\" data-bg-opacity=\"1\" data-animation=\"\" data-delay=\"0\" >\n\t\t<div class=\"vc_column-inner\" >\n\t\t<div class=\"wpb_wrapper\">\n\t\t\t\n\t\t<\/div> \n\t<\/div>\n\t<\/div> \n<\/div><\/div>\n\t\t\t<\/div> \n\t\t<\/div>\n\t<\/div> \n<\/div><\/div>","protected":false},"excerpt":{"rendered":"Catene e corone raschiantiCATENE RASCHIANTI A MAGLIE STAMPATE La catena raschiante nella sua semplicit\u00e0 \u00e8...","protected":false},"author":3,"featured_media":0,"parent":6281,"menu_order":0,"comment_status":"closed","ping_status":"closed","template":"","meta":{"footnotes":""},"class_list":["post-6966","page","type-page","status-publish"],"_links":{"self":[{"href":"https:\/\/www.millesrl.it\/de\/wp-json\/wp\/v2\/pages\/6966","targetHints":{"allow":["GET"]}}],"collection":[{"href":"https:\/\/www.millesrl.it\/de\/wp-json\/wp\/v2\/pages"}],"about":[{"href":"https:\/\/www.millesrl.it\/de\/wp-json\/wp\/v2\/types\/page"}],"author":[{"embeddable":true,"href":"https:\/\/www.millesrl.it\/de\/wp-json\/wp\/v2\/users\/3"}],"replies":[{"embeddable":true,"href":"https:\/\/www.millesrl.it\/de\/wp-json\/wp\/v2\/comments?post=6966"}],"version-history":[{"count":0,"href":"https:\/\/www.millesrl.it\/de\/wp-json\/wp\/v2\/pages\/6966\/revisions"}],"up":[{"embeddable":true,"href":"https:\/\/www.millesrl.it\/de\/wp-json\/wp\/v2\/pages\/6281"}],"wp:attachment":[{"href":"https:\/\/www.millesrl.it\/de\/wp-json\/wp\/v2\/media?parent=6966"}],"curies":[{"name":"wp","href":"https:\/\/api.w.org\/{rel}","templated":true}]}}