{"id":11524,"date":"2021-06-15T15:13:14","date_gmt":"2021-06-15T13:13:14","guid":{"rendered":"https:\/\/www.millesrl.it\/?page_id=11524"},"modified":"2021-09-28T18:03:08","modified_gmt":"2021-09-28T16:03:08","slug":"spirali","status":"publish","type":"page","link":"https:\/\/www.millesrl.it\/es\/spirali\/","title":{"rendered":"Espirales"},"content":{"rendered":"<div id=\"home\"  data-column-margin=\"default\" data-midnight=\"dark\"  class=\"wpb_row vc_row-fluid vc_row full-width-content has-row-bg-color vc_row-o-equal-height vc_row-flex vc_row-o-content-top  reverse_columns_column_tablet reverse_columns_column_phone top_padding_tablet_8pct bottom_padding_tablet_8pct\"  style=\"padding-top: 0px; padding-bottom: 0px; --row-bg-color: #ffffff;\"><div class=\"row-bg-wrap\" data-bg-animation=\"none\" data-bg-animation-delay=\"\" data-bg-overlay=\"false\"><div class=\"inner-wrap row-bg-layer\" ><div class=\"row-bg viewport-desktop using-bg-color\"  style=\"background-color: #ffffff; \"><\/div><\/div><\/div><div class=\"row_col_wrap_12 col span_12 dark left\">\n\t<div  class=\"vc_col-sm-6 vc_col-xs-12 wpb_column column_container vc_column_container col padding-3-percent no-extra-padding_tablet no-extra-padding_phone\"  data-padding-pos=\"top\" data-has-bg-color=\"false\" data-bg-color=\"\" data-bg-opacity=\"1\" data-animation=\"\" data-delay=\"0\" >\n\t\t<div class=\"vc_column-inner\" >\n\t\t\t<div class=\"wpb_wrapper\">\n\t\t\t\t<div class=\"img-with-aniamtion-wrap center\" data-max-width=\"100%\" data-max-width-mobile=\"default\" data-shadow=\"none\" data-animation=\"none\" >\n      <div class=\"inner\">\n        <div class=\"hover-wrap\"> \n          <div class=\"hover-wrap-inner\">\n            <img loading=\"lazy\" decoding=\"async\" class=\"img-with-animation skip-lazy\" data-delay=\"0\" height=\"520\" width=\"1070\" data-animation=\"none\" src=\"https:\/\/www.millesrl.it\/wp-content\/uploads\/2021\/09\/spirale-piatto-non-calibrata-ok.jpg\" alt=\"\" srcset=\"https:\/\/www.millesrl.it\/wp-content\/uploads\/2021\/09\/spirale-piatto-non-calibrata-ok.jpg 1070w, https:\/\/www.millesrl.it\/wp-content\/uploads\/2021\/09\/spirale-piatto-non-calibrata-ok-300x146.jpg 300w, https:\/\/www.millesrl.it\/wp-content\/uploads\/2021\/09\/spirale-piatto-non-calibrata-ok-1024x498.jpg 1024w, https:\/\/www.millesrl.it\/wp-content\/uploads\/2021\/09\/spirale-piatto-non-calibrata-ok-768x373.jpg 768w\" sizes=\"auto, (max-width: 1070px) 100vw, 1070px\" \/>\n          <\/div>\n        <\/div>\n        \n      <\/div>\n    <\/div>\n\t\t\t<\/div> \n\t\t<\/div>\n\t<\/div> \n\n\t<div style=\"z-index: 100; \" class=\"vc_col-sm-6 vc_col-xs-12 wpb_column column_container vc_column_container col padding-5-percent el_spacing_10px no-extra-padding_tablet no-extra-padding_phone\"  data-padding-pos=\"all\" data-has-bg-color=\"false\" data-bg-color=\"\" data-bg-opacity=\"1\" data-animation=\"\" data-delay=\"0\" >\n\t\t<div class=\"vc_column-inner\" >\n\t\t\t<div class=\"wpb_wrapper\">\n\t\t\t\t<div id=\"fws_69d4a74051b8a\" data-midnight=\"\" data-column-margin=\"default\" class=\"wpb_row vc_row-fluid vc_row inner_row\"  style=\"\"><div class=\"row-bg-wrap\"> <div class=\"row-bg\" ><\/div> <\/div><div class=\"row_col_wrap_12_inner col span_12  left\">\n\t<div  class=\"vc_col-sm-12 wpb_column column_container vc_column_container col child_column has-animation no-extra-padding el_spacing_5px inherit_tablet inherit_phone\"   data-padding-pos=\"all\" data-has-bg-color=\"false\" data-bg-color=\"\" data-bg-opacity=\"1\" data-animation=\"fade-in-from-bottom\" data-delay=\"0\" >\n\t\t<div class=\"vc_column-inner\" >\n\t\t<div class=\"wpb_wrapper\">\n\t\t\t<h1 style=\"color: #001f4f;text-align: left\" class=\"vc_custom_heading vc_do_custom_heading\" >Espirales<\/h1><div class=\"divider-wrap\" data-alignment=\"default\"><div style=\"height: 20px;\" class=\"divider\"><\/div><\/div>\n<div class=\"wpb_text_column wpb_content_element\" >\n\t<p>Mille Srl es capaz de producir m\u00faltiples tipos de espirales que pueden realizarse a partir de diferentes materiales.<br \/>\nLas espirales planas de espesor constante son ideales para transportadores de tornillo sin fin sin eje. Las espirales sectoriales estampadas en fr\u00edo son especialmente resistentes al desgaste. Los sectores de la espiral estampada pueden fabricarse mediante corte por plasma o l\u00e1ser en diferentes materiales: acero templado, acero inoxidable, hierro o materiales resistentes al desgaste como Hardox o Creusabro.<\/p>\n<\/div>\n\n\n\n<div class=\"divider-wrap\" data-alignment=\"default\"><div style=\"height: 20px;\" class=\"divider\"><\/div><\/div><div class=\"nectar-fancy-ul\" data-list-icon=\"fa fa-check\" data-animation=\"false\" data-animation-delay=\"0\" data-color=\"accent-color\" data-spacing=\"default\" data-alignment=\"left\"> \n<ul>\n<li><a href=\"https:\/\/www.millesrl.it\/es\/spirali\/spirali-stampate-a-settori\/\">ESPIRALES SECTORIALES IMPRESOS<\/a><\/li>\n<li><a href=\"https:\/\/www.millesrl.it\/es\/spirali\/spirali-da-piatto-e-stampate-a-settori\/\">ESPIRALES DE PLACA<\/a>\n<ul>\n<li>CALIBRAR<\/li>\n<li>NO CALIBRAR<\/li>\n<\/ul>\n<\/li>\n<\/ul>\n <\/div><div class=\"divider-wrap\" data-alignment=\"default\"><div style=\"height: 20px;\" class=\"divider\"><\/div><\/div><a class=\"nectar-button large regular accent-color  regular-button\"  role=\"button\" style=\"\" target=\"_blank\" href=\"https:\/\/www.millesrl.it\/es\/scarica-catalogo\/\" data-color-override=\"false\" data-hover-color-override=\"false\" data-hover-text-color-override=\"#fff\"><span>DESCARGA EL CATALOGO<\/span><\/a>\n\t\t<\/div> \n\t<\/div>\n\t<\/div> \n<\/div><\/div>\n\t\t\t<\/div> \n\t\t<\/div>\n\t<\/div> \n<\/div><\/div>\n\t\t<div id=\"fws_69d4a74052d70\"  data-column-margin=\"default\" data-midnight=\"dark\" data-top-percent=\"4%\" data-bottom-percent=\"4%\"  class=\"wpb_row vc_row-fluid vc_row full-width-content has-row-bg-color vc_row-o-equal-height vc_row-flex vc_row-o-content-middle\"  style=\"padding-top: calc(100vw * 0.04); padding-bottom: calc(100vw * 0.04); --row-bg-color: #f2f2f2;\"><div class=\"row-bg-wrap\" data-bg-animation=\"none\" data-bg-animation-delay=\"\" data-bg-overlay=\"false\"><div class=\"inner-wrap row-bg-layer\" ><div class=\"row-bg viewport-desktop using-bg-color\"  style=\"background-color: #f2f2f2; \"><\/div><\/div><\/div><div class=\"row_col_wrap_12 col span_12 dark center\">\n\t<div  class=\"vc_col-sm-12 wpb_column column_container vc_column_container col no-extra-padding inherit_tablet inherit_phone\"  data-padding-pos=\"all\" data-has-bg-color=\"false\" data-bg-color=\"\" data-bg-opacity=\"1\" data-animation=\"\" data-delay=\"0\" >\n\t\t<div class=\"vc_column-inner\" >\n\t\t\t<div class=\"wpb_wrapper\">\n\t\t\t\t<div id=\"fws_69d4a740533a9\" data-midnight=\"\" data-column-margin=\"default\" class=\"wpb_row vc_row-fluid vc_row inner_row\"  style=\"\"><div class=\"row-bg-wrap\"> <div class=\"row-bg\" ><\/div> <\/div><div class=\"row_col_wrap_12_inner col span_12  center\">\n\t<div  class=\"vc_col-sm-2 wpb_column column_container vc_column_container col child_column no-extra-padding inherit_tablet inherit_phone\"   data-padding-pos=\"all\" data-has-bg-color=\"false\" data-bg-color=\"\" data-bg-opacity=\"1\" data-animation=\"\" data-delay=\"0\" >\n\t\t<div class=\"vc_column-inner\" >\n\t\t<div class=\"wpb_wrapper\">\n\t\t\t\n\t\t<\/div> \n\t<\/div>\n\t<\/div> \n\n\t<div  class=\"vc_col-sm-8 wpb_column column_container vc_column_container col child_column centered-text padding-2-percent inherit_tablet inherit_phone\"   data-padding-pos=\"left-right\" data-has-bg-color=\"false\" data-bg-color=\"\" data-bg-opacity=\"1\" data-animation=\"\" data-delay=\"0\" >\n\t\t<div class=\"vc_column-inner\" >\n\t\t<div class=\"wpb_wrapper\">\n\t\t\t<div class=\"img-with-aniamtion-wrap center\" data-max-width=\"100%\" data-max-width-mobile=\"default\" data-shadow=\"none\" data-animation=\"none\" >\n      <div class=\"inner\">\n        <div class=\"hover-wrap\"> \n          <div class=\"hover-wrap-inner\">\n            <img loading=\"lazy\" decoding=\"async\" class=\"img-with-animation skip-lazy\" data-delay=\"0\" height=\"219\" width=\"300\" data-animation=\"none\" src=\"https:\/\/www.millesrl.it\/wp-content\/uploads\/2020\/09\/mille-logo-scritta-blu-retina.png\" alt=\"\"  \/>\n          <\/div>\n        <\/div>\n        \n      <\/div>\n    <\/div><div class=\"divider-wrap\" data-alignment=\"default\"><div style=\"height: 5px;\" class=\"divider\"><\/div><\/div><p style=\"font-size: 22px;color: #001f4f;line-height: 26px;text-align: center\" class=\"vc_custom_heading vc_do_custom_heading vc_custom_1631628433465\" >Desde 1982, dise\u00f1o y fabricaci\u00f3n de componentes y m\u00e1quinas completas para el transporte de materiales a granel<\/p><a class=\"nectar-button large regular accent-color has-icon  regular-button\"  role=\"button\" style=\"margin-top: 5px; color: #001852; \"  href=\"https:\/\/www.millesrl.it\/es\/contatti\/\" data-color-override=\"false\" data-hover-color-override=\"false\" data-hover-text-color-override=\"#fff\"><span>Cont\u00e1ctenos<\/span><i style=\"color: #001852;\"  class=\"icon-button-arrow\"><\/i><\/a>\n\t\t<\/div> \n\t<\/div>\n\t<\/div> \n\n\t<div  class=\"vc_col-sm-2 wpb_column column_container vc_column_container col child_column no-extra-padding inherit_tablet inherit_phone\"   data-padding-pos=\"all\" data-has-bg-color=\"false\" data-bg-color=\"\" data-bg-opacity=\"1\" data-animation=\"\" data-delay=\"0\" >\n\t\t<div class=\"vc_column-inner\" >\n\t\t<div class=\"wpb_wrapper\">\n\t\t\t\n\t\t<\/div> \n\t<\/div>\n\t<\/div> \n<\/div><\/div>\n\t\t\t<\/div> \n\t\t<\/div>\n\t<\/div> \n<\/div><\/div>\n\t\t<div id=\"fws_69d4a74054bc8\"  data-column-margin=\"default\" data-midnight=\"dark\"  class=\"wpb_row vc_row-fluid vc_row full-width-content has-row-bg-color vc_row-o-equal-height vc_row-flex vc_row-o-content-top\"  style=\"padding-top: 0px; padding-bottom: 0px; --row-bg-color: #f7f7f7;\"><div class=\"row-bg-wrap\" data-bg-animation=\"none\" data-bg-animation-delay=\"\" data-bg-overlay=\"false\"><div class=\"inner-wrap row-bg-layer\" ><div class=\"row-bg viewport-desktop using-bg-color\"  style=\"background-color: #f7f7f7; \"><\/div><\/div><\/div><div class=\"row_col_wrap_12 col span_12 dark left\">\n\t<div  class=\"vc_col-sm-12 wpb_column column_container vc_column_container col no-extra-padding inherit_tablet inherit_phone\"  data-padding-pos=\"all\" data-has-bg-color=\"false\" data-bg-color=\"\" data-bg-opacity=\"1\" data-animation=\"\" data-delay=\"0\" >\n\t\t<div class=\"vc_column-inner\" >\n\t\t\t<div class=\"wpb_wrapper\">\n\t\t\t\t<div class=\"img-with-aniamtion-wrap\" data-max-width=\"100%\" data-max-width-mobile=\"default\" data-shadow=\"none\" data-animation=\"none\" >\n      <div class=\"inner\">\n        <div class=\"hover-wrap\"> \n          <div class=\"hover-wrap-inner\">\n            <img loading=\"lazy\" decoding=\"async\" class=\"img-with-animation skip-lazy\" data-delay=\"0\" height=\"43\" width=\"3456\" data-animation=\"none\" src=\"https:\/\/www.millesrl.it\/wp-content\/uploads\/2021\/06\/bandiera-big.png\" alt=\"\" srcset=\"https:\/\/www.millesrl.it\/wp-content\/uploads\/2021\/06\/bandiera-big.png 3456w, https:\/\/www.millesrl.it\/wp-content\/uploads\/2021\/06\/bandiera-big-300x4.png 300w, https:\/\/www.millesrl.it\/wp-content\/uploads\/2021\/06\/bandiera-big-1024x13.png 1024w, https:\/\/www.millesrl.it\/wp-content\/uploads\/2021\/06\/bandiera-big-768x10.png 768w, https:\/\/www.millesrl.it\/wp-content\/uploads\/2021\/06\/bandiera-big-1536x19.png 1536w, https:\/\/www.millesrl.it\/wp-content\/uploads\/2021\/06\/bandiera-big-2048x25.png 2048w\" sizes=\"auto, (max-width: 3456px) 100vw, 3456px\" \/>\n          <\/div>\n        <\/div>\n        \n      <\/div>\n    <\/div>\n\t\t\t<\/div> \n\t\t<\/div>\n\t<\/div> \n<\/div><\/div>","protected":false},"excerpt":{"rendered":"Spirali Mille Srl es capaz de producir m\u00faltiples tipos de espirales que se pueden realizar en diferentes...","protected":false},"author":3,"featured_media":0,"parent":0,"menu_order":0,"comment_status":"closed","ping_status":"closed","template":"","meta":{"footnotes":""},"class_list":["post-11524","page","type-page","status-publish"],"_links":{"self":[{"href":"https:\/\/www.millesrl.it\/es\/wp-json\/wp\/v2\/pages\/11524","targetHints":{"allow":["GET"]}}],"collection":[{"href":"https:\/\/www.millesrl.it\/es\/wp-json\/wp\/v2\/pages"}],"about":[{"href":"https:\/\/www.millesrl.it\/es\/wp-json\/wp\/v2\/types\/page"}],"author":[{"embeddable":true,"href":"https:\/\/www.millesrl.it\/es\/wp-json\/wp\/v2\/users\/3"}],"replies":[{"embeddable":true,"href":"https:\/\/www.millesrl.it\/es\/wp-json\/wp\/v2\/comments?post=11524"}],"version-history":[{"count":0,"href":"https:\/\/www.millesrl.it\/es\/wp-json\/wp\/v2\/pages\/11524\/revisions"}],"wp:attachment":[{"href":"https:\/\/www.millesrl.it\/es\/wp-json\/wp\/v2\/media?parent=11524"}],"curies":[{"name":"wp","href":"https:\/\/api.w.org\/{rel}","templated":true}]}}