{"id":6270,"date":"2017-06-14T09:50:47","date_gmt":"2017-06-14T07:50:47","guid":{"rendered":"http:\/\/www.millesrl.it\/?page_id=6270"},"modified":"2021-09-23T15:14:33","modified_gmt":"2021-09-23T13:14:33","slug":"coclee","status":"publish","type":"page","link":"https:\/\/www.millesrl.it\/es\/coclee\/","title":{"rendered":"Sinfines"},"content":{"rendered":"<div id=\"home\"  data-column-margin=\"default\" data-midnight=\"dark\"  class=\"wpb_row vc_row-fluid vc_row full-width-content has-row-bg-color vc_row-o-equal-height vc_row-flex vc_row-o-content-top  reverse_columns_column_tablet reverse_columns_column_phone top_padding_tablet_8pct bottom_padding_tablet_8pct\"  style=\"padding-top: 0px; padding-bottom: 0px; --row-bg-color: #ffffff;\"><div class=\"row-bg-wrap\" data-bg-animation=\"none\" data-bg-animation-delay=\"\" data-bg-overlay=\"false\"><div class=\"inner-wrap row-bg-layer\" ><div class=\"row-bg viewport-desktop using-bg-color\"  style=\"background-color: #ffffff; \"><\/div><\/div><\/div><div class=\"row_col_wrap_12 col span_12 dark left\">\n\t<div  class=\"vc_col-sm-6 vc_col-xs-12 wpb_column column_container vc_column_container col no-extra-padding inherit_tablet inherit_phone\"  data-padding-pos=\"all\" data-has-bg-color=\"false\" data-bg-color=\"\" data-bg-opacity=\"1\" data-animation=\"\" data-delay=\"0\" >\n\t\t<div class=\"vc_column-inner\" >\n\t\t\t<div class=\"wpb_wrapper\">\n\t\t\t\t<div class=\"img-with-aniamtion-wrap center\" data-max-width=\"100%\" data-max-width-mobile=\"default\" data-shadow=\"none\" data-animation=\"none\" >\n      <div class=\"inner\">\n        <div class=\"hover-wrap\"> \n          <div class=\"hover-wrap-inner\">\n            <img loading=\"lazy\" decoding=\"async\" class=\"img-with-animation skip-lazy\" data-delay=\"0\" height=\"1389\" width=\"1920\" data-animation=\"none\" src=\"https:\/\/www.millesrl.it\/wp-content\/uploads\/2021\/06\/render-coclee-verticali-mille-srl.jpg\" alt=\"\" srcset=\"https:\/\/www.millesrl.it\/wp-content\/uploads\/2021\/06\/render-coclee-verticali-mille-srl.jpg 1920w, https:\/\/www.millesrl.it\/wp-content\/uploads\/2021\/06\/render-coclee-verticali-mille-srl-300x217.jpg 300w, https:\/\/www.millesrl.it\/wp-content\/uploads\/2021\/06\/render-coclee-verticali-mille-srl-1024x741.jpg 1024w, https:\/\/www.millesrl.it\/wp-content\/uploads\/2021\/06\/render-coclee-verticali-mille-srl-768x556.jpg 768w, https:\/\/www.millesrl.it\/wp-content\/uploads\/2021\/06\/render-coclee-verticali-mille-srl-1536x1111.jpg 1536w\" sizes=\"auto, (max-width: 1920px) 100vw, 1920px\" \/>\n          <\/div>\n        <\/div>\n        \n      <\/div>\n    <\/div>\n\t\t\t<\/div> \n\t\t<\/div>\n\t<\/div> \n\n\t<div style=\"z-index: 100; \" class=\"vc_col-sm-6 vc_col-xs-12 wpb_column column_container vc_column_container col padding-5-percent el_spacing_10px no-extra-padding_tablet no-extra-padding_phone\"  data-padding-pos=\"all\" data-has-bg-color=\"false\" data-bg-color=\"\" data-bg-opacity=\"1\" data-animation=\"\" data-delay=\"0\" >\n\t\t<div class=\"vc_column-inner\" >\n\t\t\t<div class=\"wpb_wrapper\">\n\t\t\t\t<div id=\"fws_69f440c9b0f45\" data-midnight=\"\" data-column-margin=\"default\" class=\"wpb_row vc_row-fluid vc_row inner_row\"  style=\"\"><div class=\"row-bg-wrap\"> <div class=\"row-bg\" ><\/div> <\/div><div class=\"row_col_wrap_12_inner col span_12  left\">\n\t<div  class=\"vc_col-sm-12 wpb_column column_container vc_column_container col child_column has-animation no-extra-padding el_spacing_5px inherit_tablet inherit_phone\"   data-padding-pos=\"all\" data-has-bg-color=\"false\" data-bg-color=\"\" data-bg-opacity=\"1\" data-animation=\"fade-in-from-bottom\" data-delay=\"0\" >\n\t\t<div class=\"vc_column-inner\" >\n\t\t<div class=\"wpb_wrapper\">\n\t\t\t<h1 style=\"color: #001f4f;text-align: left\" class=\"vc_custom_heading vc_do_custom_heading\" >Sinfines<\/h1><div class=\"divider-wrap\" data-alignment=\"default\"><div style=\"height: 20px;\" class=\"divider\"><\/div><\/div>\n<div class=\"wpb_text_column wpb_content_element\" >\n\t<p>Mille Srl produce una amplia gama de tornillos industriales de diferentes tama\u00f1os y tipos y tambi\u00e9n realiza, gracias a la experiencia de su personal t\u00e9cnico, proyectos personalizados en funci\u00f3n de las necesidades espec\u00edficas del cliente.<\/p>\n<p>Los transportadores de tornillo son ampliamente utilizados para el transporte de materiales inertes, cemento, polvos, arenas, etc. pero tambi\u00e9n se utilizan para la gesti\u00f3n de residuos s\u00f3lidos y en el sector agr\u00edcola.<\/p>\n<p>Los productos de Mille Srl tienen una construcci\u00f3n modular y pueden realizarse en diferentes tama\u00f1os para adaptarse a diferentes capacidades de carga.<\/p>\n<p>Los sinfines pueden ser fabricados en hierro pintado o galvanizado o en acero inoxidable, adapt\u00e1ndose perfectamente a todos los entornos industriales.<\/p>\n<\/div>\n\n\n\n<div class=\"divider-wrap\" data-alignment=\"default\"><div style=\"height: 20px;\" class=\"divider\"><\/div><\/div><div class=\"nectar-fancy-ul\" data-list-icon=\"fa fa-check\" data-animation=\"false\" data-animation-delay=\"0\" data-color=\"accent-color\" data-spacing=\"default\" data-alignment=\"left\"> \n<ul>\n<li><a href=\"https:\/\/www.millesrl.it\/es\/coclee\/coclee-per-estrattori-planetari\/\">TORNILLOS PARA EXTRACTORES PLANETARIOS<\/a><\/li>\n<li><a href=\"https:\/\/www.millesrl.it\/es\/coclee\/coclee-su-tubo-orizzontali\/\">TORNILLOS HORIZONTALES EN TUBER\u00cdA<\/a><\/li>\n<li><a href=\"https:\/\/www.millesrl.it\/es\/coclee\/coclee-verticali-per-carri-miscelatori\/\">SINFINES VERTICALES<\/a><\/li>\n<\/ul>\n <\/div><div class=\"divider-wrap\" data-alignment=\"default\"><div style=\"height: 20px;\" class=\"divider\"><\/div><\/div><a class=\"nectar-button large regular accent-color  regular-button\"  role=\"button\" style=\"\" target=\"_blank\" href=\"https:\/\/www.millesrl.it\/es\/scarica-catalogo\/\" data-color-override=\"false\" data-hover-color-override=\"false\" data-hover-text-color-override=\"#fff\"><span>DESCARGA EL CATALOGO<\/span><\/a>\n\t\t<\/div> \n\t<\/div>\n\t<\/div> \n<\/div><\/div>\n\t\t\t<\/div> \n\t\t<\/div>\n\t<\/div> \n<\/div><\/div>\n\t\t<div id=\"fws_69f440c9b2113\"  data-column-margin=\"default\" data-midnight=\"dark\" data-top-percent=\"4%\" data-bottom-percent=\"4%\"  class=\"wpb_row vc_row-fluid vc_row full-width-content has-row-bg-color vc_row-o-equal-height vc_row-flex vc_row-o-content-middle\"  style=\"padding-top: calc(100vw * 0.04); padding-bottom: calc(100vw * 0.04); --row-bg-color: #f2f2f2;\"><div class=\"row-bg-wrap\" data-bg-animation=\"none\" data-bg-animation-delay=\"\" data-bg-overlay=\"false\"><div class=\"inner-wrap row-bg-layer\" ><div class=\"row-bg viewport-desktop using-bg-color\"  style=\"background-color: #f2f2f2; \"><\/div><\/div><\/div><div class=\"row_col_wrap_12 col span_12 dark center\">\n\t<div  class=\"vc_col-sm-12 wpb_column column_container vc_column_container col no-extra-padding inherit_tablet inherit_phone\"  data-padding-pos=\"all\" data-has-bg-color=\"false\" data-bg-color=\"\" data-bg-opacity=\"1\" data-animation=\"\" data-delay=\"0\" >\n\t\t<div class=\"vc_column-inner\" >\n\t\t\t<div class=\"wpb_wrapper\">\n\t\t\t\t<div id=\"fws_69f440c9b2710\" data-midnight=\"\" data-column-margin=\"default\" class=\"wpb_row vc_row-fluid vc_row inner_row\"  style=\"\"><div class=\"row-bg-wrap\"> <div class=\"row-bg\" ><\/div> <\/div><div class=\"row_col_wrap_12_inner col span_12  center\">\n\t<div  class=\"vc_col-sm-2 wpb_column column_container vc_column_container col child_column no-extra-padding inherit_tablet inherit_phone\"   data-padding-pos=\"all\" data-has-bg-color=\"false\" data-bg-color=\"\" data-bg-opacity=\"1\" data-animation=\"\" data-delay=\"0\" >\n\t\t<div class=\"vc_column-inner\" >\n\t\t<div class=\"wpb_wrapper\">\n\t\t\t\n\t\t<\/div> \n\t<\/div>\n\t<\/div> \n\n\t<div  class=\"vc_col-sm-8 wpb_column column_container vc_column_container col child_column centered-text padding-2-percent inherit_tablet inherit_phone\"   data-padding-pos=\"left-right\" data-has-bg-color=\"false\" data-bg-color=\"\" data-bg-opacity=\"1\" data-animation=\"\" data-delay=\"0\" >\n\t\t<div class=\"vc_column-inner\" >\n\t\t<div class=\"wpb_wrapper\">\n\t\t\t<div class=\"img-with-aniamtion-wrap center\" data-max-width=\"100%\" data-max-width-mobile=\"default\" data-shadow=\"none\" data-animation=\"none\" >\n      <div class=\"inner\">\n        <div class=\"hover-wrap\"> \n          <div class=\"hover-wrap-inner\">\n            <img loading=\"lazy\" decoding=\"async\" class=\"img-with-animation skip-lazy\" data-delay=\"0\" height=\"219\" width=\"300\" data-animation=\"none\" src=\"https:\/\/www.millesrl.it\/wp-content\/uploads\/2020\/09\/mille-logo-scritta-blu-retina.png\" alt=\"\"  \/>\n          <\/div>\n        <\/div>\n        \n      <\/div>\n    <\/div><div class=\"divider-wrap\" data-alignment=\"default\"><div style=\"height: 5px;\" class=\"divider\"><\/div><\/div><p style=\"font-size: 22px;color: #001f4f;line-height: 26px;text-align: center\" class=\"vc_custom_heading vc_do_custom_heading vc_custom_1631628433465\" >Desde 1982, dise\u00f1o y fabricaci\u00f3n de componentes y m\u00e1quinas completas para el transporte de materiales a granel<\/p><a class=\"nectar-button large regular accent-color has-icon  regular-button\"  role=\"button\" style=\"margin-top: 5px; color: #001852; \"  href=\"https:\/\/www.millesrl.it\/es\/contatti\/\" data-color-override=\"false\" data-hover-color-override=\"false\" data-hover-text-color-override=\"#fff\"><span>Cont\u00e1ctenos<\/span><i style=\"color: #001852;\"  class=\"icon-button-arrow\"><\/i><\/a>\n\t\t<\/div> \n\t<\/div>\n\t<\/div> \n\n\t<div  class=\"vc_col-sm-2 wpb_column column_container vc_column_container col child_column no-extra-padding inherit_tablet inherit_phone\"   data-padding-pos=\"all\" data-has-bg-color=\"false\" data-bg-color=\"\" data-bg-opacity=\"1\" data-animation=\"\" data-delay=\"0\" >\n\t\t<div class=\"vc_column-inner\" >\n\t\t<div class=\"wpb_wrapper\">\n\t\t\t\n\t\t<\/div> \n\t<\/div>\n\t<\/div> \n<\/div><\/div>\n\t\t\t<\/div> \n\t\t<\/div>\n\t<\/div> \n<\/div><\/div>\n\t\t<div id=\"fws_69f440c9b3f01\"  data-column-margin=\"default\" data-midnight=\"dark\"  class=\"wpb_row vc_row-fluid vc_row full-width-content has-row-bg-color vc_row-o-equal-height vc_row-flex vc_row-o-content-top\"  style=\"padding-top: 0px; padding-bottom: 0px; --row-bg-color: #f7f7f7;\"><div class=\"row-bg-wrap\" data-bg-animation=\"none\" data-bg-animation-delay=\"\" data-bg-overlay=\"false\"><div class=\"inner-wrap row-bg-layer\" ><div class=\"row-bg viewport-desktop using-bg-color\"  style=\"background-color: #f7f7f7; \"><\/div><\/div><\/div><div class=\"row_col_wrap_12 col span_12 dark left\">\n\t<div  class=\"vc_col-sm-12 wpb_column column_container vc_column_container col no-extra-padding inherit_tablet inherit_phone\"  data-padding-pos=\"all\" data-has-bg-color=\"false\" data-bg-color=\"\" data-bg-opacity=\"1\" data-animation=\"\" data-delay=\"0\" >\n\t\t<div class=\"vc_column-inner\" >\n\t\t\t<div class=\"wpb_wrapper\">\n\t\t\t\t<div class=\"img-with-aniamtion-wrap\" data-max-width=\"100%\" data-max-width-mobile=\"default\" data-shadow=\"none\" data-animation=\"none\" >\n      <div class=\"inner\">\n        <div class=\"hover-wrap\"> \n          <div class=\"hover-wrap-inner\">\n            <img loading=\"lazy\" decoding=\"async\" class=\"img-with-animation skip-lazy\" data-delay=\"0\" height=\"43\" width=\"3456\" data-animation=\"none\" src=\"https:\/\/www.millesrl.it\/wp-content\/uploads\/2021\/06\/bandiera-big.png\" alt=\"\" srcset=\"https:\/\/www.millesrl.it\/wp-content\/uploads\/2021\/06\/bandiera-big.png 3456w, https:\/\/www.millesrl.it\/wp-content\/uploads\/2021\/06\/bandiera-big-300x4.png 300w, https:\/\/www.millesrl.it\/wp-content\/uploads\/2021\/06\/bandiera-big-1024x13.png 1024w, https:\/\/www.millesrl.it\/wp-content\/uploads\/2021\/06\/bandiera-big-768x10.png 768w, https:\/\/www.millesrl.it\/wp-content\/uploads\/2021\/06\/bandiera-big-1536x19.png 1536w, https:\/\/www.millesrl.it\/wp-content\/uploads\/2021\/06\/bandiera-big-2048x25.png 2048w\" sizes=\"auto, (max-width: 3456px) 100vw, 3456px\" \/>\n          <\/div>\n        <\/div>\n        \n      <\/div>\n    <\/div>\n\t\t\t<\/div> \n\t\t<\/div>\n\t<\/div> \n<\/div><\/div>","protected":false},"excerpt":{"rendered":"Coclee Mille Srl produce una amplia gama de transportadores de tornillo industriales de varios tama\u00f1os y tipos, y...","protected":false},"author":3,"featured_media":0,"parent":0,"menu_order":0,"comment_status":"closed","ping_status":"closed","template":"","meta":{"footnotes":""},"class_list":["post-6270","page","type-page","status-publish"],"_links":{"self":[{"href":"https:\/\/www.millesrl.it\/es\/wp-json\/wp\/v2\/pages\/6270","targetHints":{"allow":["GET"]}}],"collection":[{"href":"https:\/\/www.millesrl.it\/es\/wp-json\/wp\/v2\/pages"}],"about":[{"href":"https:\/\/www.millesrl.it\/es\/wp-json\/wp\/v2\/types\/page"}],"author":[{"embeddable":true,"href":"https:\/\/www.millesrl.it\/es\/wp-json\/wp\/v2\/users\/3"}],"replies":[{"embeddable":true,"href":"https:\/\/www.millesrl.it\/es\/wp-json\/wp\/v2\/comments?post=6270"}],"version-history":[{"count":0,"href":"https:\/\/www.millesrl.it\/es\/wp-json\/wp\/v2\/pages\/6270\/revisions"}],"wp:attachment":[{"href":"https:\/\/www.millesrl.it\/es\/wp-json\/wp\/v2\/media?parent=6270"}],"curies":[{"name":"wp","href":"https:\/\/api.w.org\/{rel}","templated":true}]}}