{"id":771,"date":"2015-07-03T15:40:48","date_gmt":"2015-07-03T13:40:48","guid":{"rendered":"http:\/\/www.millesrl.it\/?page_id=771"},"modified":"2023-04-04T15:01:25","modified_gmt":"2023-04-04T13:01:25","slug":"informativa-sui-cookie-e-privacy","status":"publish","type":"page","link":"https:\/\/www.millesrl.it\/es\/informativa-sui-cookie-e-privacy\/","title":{"rendered":"Pol\u00edtica de cookies y privacidad"},"content":{"rendered":"<h1>POL\u00cdTICA DE COOKIES<\/h1>\n<p>&nbsp;<\/p>\n<h2><strong>COOKIES EN ESTE SITIO<\/strong><\/h2>\n<div class=\"BorlabsCookie\"><h3 class=\"_brlbs _brlbs-cg-essential\">Lo esencial<\/h3><p class=\"_brlbs _brlbs-cg-essential\">Las cookies esenciales habilitan funciones b\u00e1sicas y son necesarias para el correcto funcionamiento del sitio web.<\/p><h4 class=\"_brlbs _brlbs-c-borlabs-cookie\">Galleta Borlabs<\/h4><div class=\"_brlbs-responsive-table\"><table class=\"_brlbs _brlbs-c-borlabs-cookie\"><tr><th scope=\"row\">Nombre<\/th><td>Galleta Borlabs<\/td><\/tr><tr><th scope=\"row\">Proveedor<\/th><td>Propietario de este sitio web<\/td><\/tr><tr><th scope=\"row\">Alcance<\/th><td>Guarda las preferencias de los visitantes seleccionadas en la Cookie Box de Borlabs Cookie.<\/td><\/tr><tr><th scope=\"row\">Nombre de la cookie<\/th><td>galleta borlabs<\/td><\/tr><tr><th scope=\"row\">Caducidad de las cookies<\/th><td>1 a\u00f1o<\/td><\/tr><\/table><\/div><h3 class=\"_brlbs _brlbs-cg-statistics\">Estad\u00edstica<\/h3><p class=\"_brlbs _brlbs-cg-statistics\">Las cookies con fines estad\u00edsticos recopilan informaci\u00f3n de forma an\u00f3nima. Esta informaci\u00f3n nos ayuda a comprender c\u00f3mo nuestros visitantes utilizan nuestro sitio web.<\/p><h4 class=\"_brlbs _brlbs-c-google-analytics\">Google Analytics<\/h4><div class=\"_brlbs-responsive-table\"><table class=\"_brlbs _brlbs-c-google-analytics\"><tr><th scope=\"row\">Nombre<\/th><td>Google Analytics<\/td><\/tr><tr><th scope=\"row\">Proveedor<\/th><td>Google Ireland Limited, Gordon House, Barrow Street, Dubl\u00edn 4, Irlanda<\/td><\/tr><tr><th scope=\"row\">Alcance<\/th><td>Cookie de Google para el an\u00e1lisis del sitio web. Genera datos estad\u00edsticos sobre el uso que el visitante hace del sitio web.<\/td><\/tr><tr><th scope=\"row\">pol\u00edtica de privacidad<\/th><td><a href=\"https:\/\/policies.google.com\/privacy?hl=en\" target=\"_blank\" rel=\"nofollow noopener noreferrer\">https:\/\/policies.google.com\/privacy?hl=en<\/a><\/td><\/tr><tr><th scope=\"row\">Nombre de la cookie<\/th><td>_ga,_gat,_gid<\/td><\/tr><tr><th scope=\"row\">Caducidad de las cookies<\/th><td>2 meses<\/td><\/tr><\/table><\/div><h3 class=\"_brlbs _brlbs-cg-marketing\">Marketing<\/h3><p class=\"_brlbs _brlbs-cg-marketing\">Las cookies de marketing son utilizadas por anunciantes o editores externos para mostrar anuncios personalizados. Lo hacen rastreando a los visitantes en diferentes sitios web.<\/p><h3 class=\"_brlbs _brlbs-cg-external-media\">Terceros<\/h3><p class=\"_brlbs _brlbs-cg-external-media\">El contenido de plataformas de v\u00eddeo y redes sociales est\u00e1 bloqueado por defecto. Si se aceptan cookies de terceros, el acceso a dicho contenido ya no requiere consentimiento manual.<\/p><h4 class=\"_brlbs _brlbs-c-facebook\">Facebook<\/h4><div class=\"_brlbs-responsive-table\"><table class=\"_brlbs _brlbs-c-facebook\"><tr><th scope=\"row\">Nombre<\/th><td>Facebook<\/td><\/tr><tr><th scope=\"row\">Proveedor<\/th><td>Meta Platforms Ireland Limited, 4 Grand Canal Square, Dubl\u00edn 2, Irlanda<\/td><\/tr><tr><th scope=\"row\">Alcance<\/th><td>Se utiliza para desbloquear contenido de Facebook.<\/td><\/tr><tr><th scope=\"row\">pol\u00edtica de privacidad<\/th><td><a href=\"https:\/\/www.facebook.com\/privacy\/explanation\" target=\"_blank\" rel=\"nofollow noopener noreferrer\">https:\/\/www.facebook.com\/privacy\/explanation<\/a><\/td><\/tr><tr><th scope=\"row\">Anfitri\u00f3n(es)<\/th><td>.facebook.com<\/td><\/tr><\/table><\/div><h4 class=\"_brlbs _brlbs-c-googlemaps\">Mapas de Google<\/h4><div class=\"_brlbs-responsive-table\"><table class=\"_brlbs _brlbs-c-googlemaps\"><tr><th scope=\"row\">Nombre<\/th><td>Mapas de Google<\/td><\/tr><tr><th scope=\"row\">Proveedor<\/th><td>Google Ireland Limited, Gordon House, Barrow Street, Dubl\u00edn 4, Irlanda<\/td><\/tr><tr><th scope=\"row\">Alcance<\/th><td>Se utiliza para desbloquear contenido de Google Maps.<\/td><\/tr><tr><th scope=\"row\">pol\u00edtica de privacidad<\/th><td><a href=\"https:\/\/policies.google.com\/privacy?hl=en&#038;gl=en\" target=\"_blank\" rel=\"nofollow noopener noreferrer\">https:\/\/policies.google.com\/privacy?hl=en&#038;gl=en<\/a><\/td><\/tr><tr><th scope=\"row\">Anfitri\u00f3n(es)<\/th><td>.google.com<\/td><\/tr><tr><th scope=\"row\">Nombre de la cookie<\/th><td>NID<\/td><\/tr><tr><th scope=\"row\">Caducidad de las cookies<\/th><td>6 meses<\/td><\/tr><\/table><\/div><h4 class=\"_brlbs _brlbs-c-instagram\">Instagram<\/h4><div class=\"_brlbs-responsive-table\"><table class=\"_brlbs _brlbs-c-instagram\"><tr><th scope=\"row\">Nombre<\/th><td>Instagram<\/td><\/tr><tr><th scope=\"row\">Proveedor<\/th><td>Meta Platforms Ireland Limited, 4 Grand Canal Square, Dubl\u00edn 2, Irlanda<\/td><\/tr><tr><th scope=\"row\">Alcance<\/th><td>Se utiliza para desbloquear contenido de Instagram.<\/td><\/tr><tr><th scope=\"row\">pol\u00edtica de privacidad<\/th><td><a href=\"https:\/\/www.instagram.com\/legal\/privacy\/\" target=\"_blank\" rel=\"nofollow noopener noreferrer\">https:\/\/www.instagram.com\/legal\/privacy\/<\/a><\/td><\/tr><tr><th scope=\"row\">Anfitri\u00f3n(es)<\/th><td>.instagram.com<\/td><\/tr><tr><th scope=\"row\">Nombre de la cookie<\/th><td>estado de paloma<\/td><\/tr><tr><th scope=\"row\">Caducidad de las cookies<\/th><td>Sesi\u00f3n<\/td><\/tr><\/table><\/div><h4 class=\"_brlbs _brlbs-c-openstreetmap\">Mapa de OpenStreet<\/h4><div class=\"_brlbs-responsive-table\"><table class=\"_brlbs _brlbs-c-openstreetmap\"><tr><th scope=\"row\">Nombre<\/th><td>Mapa de OpenStreet<\/td><\/tr><tr><th scope=\"row\">Proveedor<\/th><td>Fundaci\u00f3n Openstreetmap, Centro de Innovaci\u00f3n St John&#039;s, Cowley Road, Cambridge CB4 0WS, Reino Unido<\/td><\/tr><tr><th scope=\"row\">Alcance<\/th><td>Se utiliza para desbloquear contenido de OpenStreetMap.<\/td><\/tr><tr><th scope=\"row\">pol\u00edtica de privacidad<\/th><td><a href=\"https:\/\/wiki.osmfoundation.org\/wiki\/Privacy_Policy\" target=\"_blank\" rel=\"nofollow noopener noreferrer\">https:\/\/wiki.osmfoundation.org\/wiki\/Privacy_Policy<\/a><\/td><\/tr><tr><th scope=\"row\">Anfitri\u00f3n(es)<\/th><td>.openstreetmap.org<\/td><\/tr><tr><th scope=\"row\">Nombre de la cookie<\/th><td>_osm_location, _osm_session, _osm_totp_token, _osm_welcome, _pk_id., _pk_ref., _pk_ses., qos_token<\/td><\/tr><tr><th scope=\"row\">Caducidad de las cookies<\/th><td>1-10 a\u00f1os<\/td><\/tr><\/table><\/div><h4 class=\"_brlbs _brlbs-c-twitter\">Gorjeo<\/h4><div class=\"_brlbs-responsive-table\"><table class=\"_brlbs _brlbs-c-twitter\"><tr><th scope=\"row\">Nombre<\/th><td>Gorjeo<\/td><\/tr><tr><th scope=\"row\">Proveedor<\/th><td>Twitter International Company, One Cumberland Place, Fenian Street, Dubl\u00edn 2, D02 AX07, Irlanda<\/td><\/tr><tr><th scope=\"row\">Alcance<\/th><td>Se utiliza para desbloquear contenido de Twitter.<\/td><\/tr><tr><th scope=\"row\">pol\u00edtica de privacidad<\/th><td><a href=\"https:\/\/twitter.com\/privacy\" target=\"_blank\" rel=\"nofollow noopener noreferrer\">https:\/\/twitter.com\/privacy<\/a><\/td><\/tr><tr><th scope=\"row\">Anfitri\u00f3n(es)<\/th><td>.twimg.com, .twitter.com<\/td><\/tr><tr><th scope=\"row\">Nombre de la cookie<\/th><td>__widgetsettings, prueba de soporte de almacenamiento local<\/td><\/tr><tr><th scope=\"row\">Caducidad de las cookies<\/th><td>Ilimitado<\/td><\/tr><\/table><\/div><h4 class=\"_brlbs _brlbs-c-vimeo\">Vimeo<\/h4><div class=\"_brlbs-responsive-table\"><table class=\"_brlbs _brlbs-c-vimeo\"><tr><th scope=\"row\">Nombre<\/th><td>Vimeo<\/td><\/tr><tr><th scope=\"row\">Proveedor<\/th><td>Vimeo Inc., 555 West 18th Street, Nueva York, Nueva York 10011, EE. UU.<\/td><\/tr><tr><th scope=\"row\">Alcance<\/th><td>Se utiliza para desbloquear contenido de Vimeo.<\/td><\/tr><tr><th scope=\"row\">pol\u00edtica de privacidad<\/th><td><a href=\"https:\/\/vimeo.com\/privacy\" target=\"_blank\" rel=\"nofollow noopener noreferrer\">https:\/\/vimeo.com\/privacy<\/a><\/td><\/tr><tr><th scope=\"row\">Anfitri\u00f3n(es)<\/th><td>player.vimeo.com<\/td><\/tr><tr><th scope=\"row\">Nombre de la cookie<\/th><td>quieres<\/td><\/tr><tr><th scope=\"row\">Caducidad de las cookies<\/th><td>2 a\u00f1os<\/td><\/tr><\/table><\/div><h4 class=\"_brlbs _brlbs-c-youtube\">YouTube<\/h4><div class=\"_brlbs-responsive-table\"><table class=\"_brlbs _brlbs-c-youtube\"><tr><th scope=\"row\">Nombre<\/th><td>YouTube<\/td><\/tr><tr><th scope=\"row\">Proveedor<\/th><td>Google Ireland Limited, Gordon House, Barrow Street, Dubl\u00edn 4, Irlanda<\/td><\/tr><tr><th scope=\"row\">Alcance<\/th><td>Se utiliza para desbloquear contenido de YouTube.<\/td><\/tr><tr><th scope=\"row\">pol\u00edtica de privacidad<\/th><td><a href=\"https:\/\/policies.google.com\/privacy?hl=en&#038;gl=en\" target=\"_blank\" rel=\"nofollow noopener noreferrer\">https:\/\/policies.google.com\/privacy?hl=en&#038;gl=en<\/a><\/td><\/tr><tr><th scope=\"row\">Anfitri\u00f3n(es)<\/th><td>google.com<\/td><\/tr><tr><th scope=\"row\">Nombre de la cookie<\/th><td>NID<\/td><\/tr><tr><th scope=\"row\">Caducidad de las cookies<\/th><td>6 meses<\/td><\/tr><\/table><\/div><\/div>\n&nbsp;<\/p>\n<h2><strong>MIS COOKIES ACTIVAS<\/strong><\/h2>\n<div class=\"BorlabsCookie\" data-borlabs-cookie-consent-history><div class=\"_brlbs-responsive-table\"><table class=\"_brlbs-table\"><thead><tr><th class=\"_brlbs-table-date\" scope=\"col\">Fecha<\/th><th class=\"_brlbs-table-version\" scope=\"col\">Versi\u00f3n<\/th><th class=\"_brlbs-table-consents\" scope=\"col\">Consentimientos<\/th><\/tr><\/thead><\/table><\/div><\/div>\n&nbsp;<br \/>\n<a href=\"#\" class=\"borlabs-cookie-preference\">Cambiar la configuraci\u00f3n de las cookies<\/a>\n<h1><\/h1>\n<h2>GALLETAS<\/h2>\n<p>Para que nuestro sitio sea m\u00e1s f\u00e1cil e intuitivo, utilizamos cookies. Las cookies son peque\u00f1os fragmentos de datos que nos permiten comparar visitantes nuevos y antiguos y comprender c\u00f3mo navegan los usuarios por nuestro sitio. Utilizamos los datos recopilados mediante cookies para que la experiencia de navegaci\u00f3n sea m\u00e1s agradable y eficiente en el futuro.<\/p>\n<p>Las cookies no registran informaci\u00f3n personal del usuario ni se almacenan datos identificables. Si desea desactivar el uso de cookies, debe configurar su ordenador para que se eliminen todas o para que aparezca un mensaje de advertencia cuando se almacenen. Para continuar sin modificar la aplicaci\u00f3n de cookies, simplemente contin\u00fae navegando.<\/p>\n<p>Visita <a href=\"http:\/\/www.aboutcookies.org\/\" target=\"_blank\" rel=\"noopener\">Acerca de Cookies.org<\/a> para obtener m\u00e1s informaci\u00f3n sobre las cookies y c\u00f3mo afectan su experiencia de navegaci\u00f3n.<\/p>\n<p><strong>Los tipos de cookies que utilizamos<\/strong><\/p>\n<p>Cookies esenciales<\/p>\n<p>Estas cookies son esenciales para que puedas navegar por el sitio web y aprovechar al m\u00e1ximo sus funciones, como acceder a las distintas \u00e1reas protegidas. Sin estas cookies, no se pueden utilizar ciertos servicios necesarios, como completar un formulario para un concurso.<\/p>\n<p>Cookies de rendimiento<\/p>\n<p>Estas cookies recopilan informaci\u00f3n sobre c\u00f3mo los visitantes utilizan un sitio web; por ejemplo, qu\u00e9 p\u00e1ginas visitan con m\u00e1s frecuencia y si reciben mensajes de error. Estas cookies no recopilan informaci\u00f3n que identifique al visitante. Toda la informaci\u00f3n recopilada mediante cookies es agregada y, por lo tanto, an\u00f3nima. Se utiliza \u00fanicamente para mejorar el funcionamiento del sitio web.<br \/>\nAl utilizar nuestro sitio, usted acepta que estas cookies puedan instalarse en su dispositivo.<\/p>\n<p>Cookies funcionales<\/p>\n<p>Las cookies permiten que el sitio recuerde las opciones que usted elige (como su nombre de usuario, idioma o regi\u00f3n) y le ofrecen funciones mejoradas y m\u00e1s personalizadas. Estas cookies tambi\u00e9n pueden utilizarse para recordar los cambios que ha realizado en el tama\u00f1o del texto, las fuentes y otras partes de las p\u00e1ginas web que puede personalizar. Tambi\u00e9n pueden utilizarse para proporcionarle servicios que ha solicitado, como ver un v\u00eddeo o comentar en un blog. La informaci\u00f3n que recopilan estas cookies puede ser an\u00f3nima y no pueden rastrear su actividad de navegaci\u00f3n en otros sitios web.<br \/>\nAl utilizar nuestro sitio, usted acepta que estas cookies puedan instalarse en su dispositivo.<\/p>\n<p><strong>C\u00f3mo administrar las cookies en tu PC<\/strong><\/p>\n<p>Si desea permitir las cookies de nuestro sitio, siga los pasos a continuaci\u00f3n,<\/p>\n<p>Google Chrome<br \/>\n1. Haga clic en \u201cHerramientas\u201d en la parte superior de la ventana del navegador y seleccione Opciones.<br \/>\n2. Haga clic en la pesta\u00f1a &quot;Informaci\u00f3n&quot;, localice la secci\u00f3n &quot;Privacidad&quot; y seleccione el bot\u00f3n &quot;Configuraci\u00f3n de contenido&quot;.<br \/>\n3. Ahora seleccione &#039;Permitir que se configuren datos locales&#039;<\/p>\n<p>Microsoft Internet Explorer 6.0, 7.0, 8.0, 9.0<br \/>\n1. Haga clic en &quot;Herramientas&quot; en la parte superior de la ventana de su navegador y seleccione &quot;Opciones de Internet&quot;. Luego, haga clic en la pesta\u00f1a &quot;Privacidad&quot;.<br \/>\n2. Para habilitar las cookies en su navegador, aseg\u00farese de que el nivel de privacidad est\u00e9 configurado en Medio o inferior.<br \/>\n3. Establecer el nivel de privacidad por encima de Medio deshabilitar\u00e1 el uso de cookies.<\/p>\n<p>Mozilla Firefox<br \/>\n1. Haga clic en \u201cHerramientas\u201d en la parte superior de la ventana del navegador y seleccione \u201cOpciones\u201d.<br \/>\n2. Luego seleccione el \u00edcono de Privacidad<br \/>\n3. Haga clic en Cookies y luego seleccione &quot;permitir que los sitios usen cookies&quot;.<\/p>\n<p>Safari<br \/>\n1. Haga clic en el icono del engranaje en la parte superior de la ventana del navegador y seleccione la opci\u00f3n &quot;Preferencias&quot;.<br \/>\n2. Haz clic en &#039;Protecci\u00f3n&#039; y selecciona la opci\u00f3n que dice &#039;Bloquear cookies de terceros y publicitarias&#039;.<br \/>\n3. Haga clic en &quot;Guardar&quot;.<\/p>\n<p>C\u00f3mo administrar las cookies en Mac<br \/>\nSi desea permitir las cookies de nuestro sitio, siga los pasos a continuaci\u00f3n:<\/p>\n<p>Microsoft Internet Explorer 5.0 en OSX<br \/>\n1. Haga clic en &quot;Explorar&quot; en la parte superior de la ventana de su navegador y seleccione la opci\u00f3n &quot;Preferencias&quot;.<br \/>\n2. Despl\u00e1cese hacia abajo hasta que vea &quot;Cookies&quot; en la secci\u00f3n Recibir archivos.<br \/>\n3. Seleccione la opci\u00f3n &#039;No preguntar&#039;<\/p>\n<p>Safari en OSX<br \/>\n1. Haga clic en \u00abSafari\u00bb en la parte superior de la ventana del navegador y seleccione la opci\u00f3n \u00abPreferencias\u00bb.<br \/>\n2. Haga clic en \u00abSeguridad\u00bb y luego en \u00abAceptar cookies\u00bb.<br \/>\n3. Seleccione \u201cSolo del sitio\u201d<\/p>\n<p>Mozilla y Netscape en OSX<br \/>\n1. Haga clic en &#039;Mozilla&#039; o &#039;Netscape&#039; en la parte superior de la ventana de su navegador y seleccione la opci\u00f3n &quot;Preferencias&quot;.<br \/>\n2. Despl\u00e1cese hacia abajo hasta que vea las cookies en &quot;Privacidad y seguridad&quot;.<br \/>\n3. Seleccione \u00abHabilitar cookies solo para el sitio de origen\u00bb.<\/p>\n<p>\u00d3pera<br \/>\n1. Haga clic en &quot;Men\u00fa&quot; en la parte superior de la ventana de su navegador y seleccione &quot;Configuraci\u00f3n&quot;.<br \/>\n2. Luego seleccione \u201cPreferencias\u201d y seleccione la pesta\u00f1a \u201cAvanzado\u201d.<br \/>\n3. A continuaci\u00f3n, seleccione la opci\u00f3n &#039;Aceptar cookies&#039;<\/p>\n<p>&nbsp;<\/p>\n<p><strong>Google Analytics<\/strong><\/p>\n<p>Este sitio web utiliza Google Analytics, un servicio de an\u00e1lisis web proporcionado por Google, Inc. (\u00abGoogle\u00bb). Google Analytics utiliza \u00abcookies\u00bb, que son archivos de texto que se almacenan en su ordenador, para ayudar al sitio web a analizar el uso que hacen los usuarios del mismo. La informaci\u00f3n generada por la cookie sobre su uso del sitio web (incluida su direcci\u00f3n IP an\u00f3nima) ser\u00e1 transmitida y almacenada por Google en servidores de Estados Unidos. Google utilizar\u00e1 esta informaci\u00f3n para evaluar su uso del sitio web, recopilar informes sobre la actividad del sitio web para los operadores del mismo y prestar otros servicios relacionados con la actividad del sitio web y el uso de Internet. Google tambi\u00e9n podr\u00e1 transferir esta informaci\u00f3n a terceros cuando as\u00ed lo exija la ley o cuando dichos terceros procesen la informaci\u00f3n por cuenta de Google. Google no asociar\u00e1 su direcci\u00f3n IP con ning\u00fan otro dato del que disponga Google. Puede rechazar el uso de cookies seleccionando la configuraci\u00f3n apropiada de su navegador; sin embargo, tenga en cuenta que si lo hace, es posible que no pueda utilizar todas las funciones de este sitio web. Al utilizar este sitio web, usted consiente el tratamiento de sus datos por parte de Google en la forma y para los fines descritos anteriormente.<\/p>\n<p>Puede evitar que Google recopile las cookies generadas por y relacionadas con su uso del sitio web (incluida su direcci\u00f3n IP) y que procese estos datos descargando e instalando este complemento del navegador:<a href=\"http:\/\/tools.google.com\/dlpage\/gaoptout?hl=en\">http:\/\/tools.google.com\/dlpage\/gaoptout?hl=en<\/a><\/p>\n<h2>PRIVACIDAD<\/h2>\n<p>Informaci\u00f3n sobre privacidad de conformidad con el art. 13 del Decreto Legislativo 196\/2003. Los datos que usted introduzca, como datos de identificaci\u00f3n, direcciones, n\u00fameros de tel\u00e9fono y direcciones de correo electr\u00f3nico, ser\u00e1n tratados por la empresa propietaria del sitio web, utilizando medios electr\u00f3nicos y en calidad de Responsable del Tratamiento, con el \u00fanico fin de responder a sus solicitudes y no se pondr\u00e1n a disposici\u00f3n de nadie ni se divulgar\u00e1n. El tratamiento de dichos datos es necesario para que el propietario del sitio web pueda procesar sus solicitudes. Como titular de los datos, se le garantiza el ejercicio de los derechos contemplados en el art. 7 del Decreto Legislativo 196\/03, incluido el derecho a obtener del Responsable del Tratamiento la confirmaci\u00f3n de la existencia de sus datos personales y su comunicaci\u00f3n de forma inteligible, a conocer los m\u00e9todos y la l\u00f3gica del tratamiento, a solicitar la actualizaci\u00f3n e integraci\u00f3n de los datos, su cancelaci\u00f3n o transformaci\u00f3n a forma an\u00f3nima, en caso de infracci\u00f3n de la ley, as\u00ed como a oponerse a su tratamiento. Estos derechos pueden ejercerse contactando por escrito con el Responsable del Tratamiento en cualquier momento, en la oficina indicada en el sitio web.<\/p>","protected":false},"excerpt":{"rendered":"<p>POL\u00cdTICA DE COOKIES COOKIES DE ESTE SITIO MIS COOKIES ACTIVAS...<\/p>","protected":false},"author":1,"featured_media":0,"parent":0,"menu_order":0,"comment_status":"closed","ping_status":"closed","template":"","meta":{"footnotes":""},"class_list":["post-771","page","type-page","status-publish"],"_links":{"self":[{"href":"https:\/\/www.millesrl.it\/es\/wp-json\/wp\/v2\/pages\/771","targetHints":{"allow":["GET"]}}],"collection":[{"href":"https:\/\/www.millesrl.it\/es\/wp-json\/wp\/v2\/pages"}],"about":[{"href":"https:\/\/www.millesrl.it\/es\/wp-json\/wp\/v2\/types\/page"}],"author":[{"embeddable":true,"href":"https:\/\/www.millesrl.it\/es\/wp-json\/wp\/v2\/users\/1"}],"replies":[{"embeddable":true,"href":"https:\/\/www.millesrl.it\/es\/wp-json\/wp\/v2\/comments?post=771"}],"version-history":[{"count":1,"href":"https:\/\/www.millesrl.it\/es\/wp-json\/wp\/v2\/pages\/771\/revisions"}],"predecessor-version":[{"id":13350,"href":"https:\/\/www.millesrl.it\/es\/wp-json\/wp\/v2\/pages\/771\/revisions\/13350"}],"wp:attachment":[{"href":"https:\/\/www.millesrl.it\/es\/wp-json\/wp\/v2\/media?parent=771"}],"curies":[{"name":"wp","href":"https:\/\/api.w.org\/{rel}","templated":true}]}}