{"id":10600,"date":"2021-05-03T16:52:14","date_gmt":"2021-05-03T14:52:14","guid":{"rendered":"https:\/\/www.millesrl.it\/?page_id=10600"},"modified":"2021-10-07T12:38:51","modified_gmt":"2021-10-07T10:38:51","slug":"sistemi","status":"publish","type":"page","link":"https:\/\/www.millesrl.it\/fr\/sistemi\/","title":{"rendered":"Syst\u00e8mes"},"content":{"rendered":"<div id=\"features\"  data-column-margin=\"default\" data-midnight=\"dark\" data-top-percent=\"2%\" data-bottom-percent=\"3%\"  class=\"wpb_row vc_row-fluid vc_row full-width-section has-row-bg-color\"  style=\"padding-top: calc(100vw * 0.02); padding-bottom: calc(100vw * 0.03); --row-bg-color: #ffffff;\"><div class=\"row-bg-wrap\" data-bg-animation=\"none\" data-bg-animation-delay=\"\" data-bg-overlay=\"false\"><div class=\"inner-wrap row-bg-layer\" ><div class=\"row-bg viewport-desktop using-bg-color\"  style=\"background-color: #ffffff; \"><\/div><\/div><\/div><div class=\"row_col_wrap_12 col span_12 dark left\">\n\t<div  class=\"vc_col-sm-12 wpb_column column_container vc_column_container col padding-5-percent inherit_tablet inherit_phone\"  data-padding-pos=\"left-right\" data-has-bg-color=\"false\" data-bg-color=\"\" data-bg-opacity=\"1\" data-animation=\"\" data-delay=\"0\" >\n\t\t<div class=\"vc_column-inner\" >\n\t\t\t<div class=\"wpb_wrapper\">\n\t\t\t\t\n<div class=\"wpb_text_column wpb_content_element  vc_custom_1632473751303\" >\n\t<h2 style=\"text-align: center;\"><span style=\"color: #001f4f;\">SYST\u00c8MES<\/span><\/h2>\n<\/div>\n\n\n\n<div class=\"divider-wrap\" data-alignment=\"default\"><div style=\"height: 20px;\" class=\"divider\"><\/div><\/div><div id=\"fws_69fc6a0927084\" data-midnight=\"\" data-column-margin=\"default\" class=\"wpb_row vc_row-fluid vc_row inner_row\"  style=\"\"><div class=\"row-bg-wrap\"> <div class=\"row-bg\" ><\/div> <\/div><div class=\"row_col_wrap_12_inner col span_12  left\">\n\t<div  class=\"vc_col-sm-1\/5 wpb_column column_container vc_column_container col child_column centered-text no-extra-padding inherit_tablet inherit_phone\"   data-padding-pos=\"all\" data-has-bg-color=\"false\" data-bg-color=\"\" data-bg-opacity=\"1\" data-animation=\"\" data-delay=\"0\" >\n\t\t<div class=\"vc_column-inner\" >\n\t\t<div class=\"wpb_wrapper\">\n\t\t\t<div class=\"img-with-aniamtion-wrap center\" data-max-width=\"100%\" data-max-width-mobile=\"default\" data-shadow=\"none\" data-animation=\"none\" >\n      <div class=\"inner\">\n        <div class=\"hover-wrap\"> \n          <div class=\"hover-wrap-inner\">\n            <img loading=\"lazy\" decoding=\"async\" class=\"img-with-animation skip-lazy\" data-delay=\"0\" height=\"94\" width=\"94\" data-animation=\"none\" src=\"https:\/\/www.millesrl.it\/wp-content\/uploads\/2021\/05\/movimentazione.png\" alt=\"\"  \/>\n          <\/div>\n        <\/div>\n        \n      <\/div>\n    <\/div><div class=\"divider-wrap\" data-alignment=\"default\"><div style=\"height: 10px;\" class=\"divider\"><\/div><\/div>\n<div class=\"wpb_text_column wpb_content_element\" style=\" max-width: 315px; display: inline-block;\">\n\t<h4 style=\"text-align: center;\"><span style=\"color: #001f4f;\">Manutention<\/span><\/h4>\n<\/div>\n\n\n\n\n\t\t<\/div> \n\t<\/div>\n\t<\/div> \n\n\t<div  class=\"vc_col-sm-1\/5 wpb_column column_container vc_column_container col child_column centered-text no-extra-padding inherit_tablet inherit_phone\"   data-padding-pos=\"all\" data-has-bg-color=\"false\" data-bg-color=\"\" data-bg-opacity=\"1\" data-animation=\"\" data-delay=\"0\" >\n\t\t<div class=\"vc_column-inner\" >\n\t\t<div class=\"wpb_wrapper\">\n\t\t\t<div class=\"img-with-aniamtion-wrap center\" data-max-width=\"100%\" data-max-width-mobile=\"default\" data-shadow=\"none\" data-animation=\"none\" >\n      <div class=\"inner\">\n        <div class=\"hover-wrap\"> \n          <div class=\"hover-wrap-inner\">\n            <img loading=\"lazy\" decoding=\"async\" class=\"img-with-animation skip-lazy\" data-delay=\"0\" height=\"94\" width=\"94\" data-animation=\"none\" src=\"https:\/\/www.millesrl.it\/wp-content\/uploads\/2021\/06\/alimentare-ambiente.png\" alt=\"\"  \/>\n          <\/div>\n        <\/div>\n        \n      <\/div>\n    <\/div><div class=\"divider-wrap\" data-alignment=\"default\"><div style=\"height: 10px;\" class=\"divider\"><\/div><\/div>\n<div class=\"wpb_text_column wpb_content_element\" style=\" max-width: 315px; display: inline-block;\">\n\t<h4 style=\"text-align: center;\"><span style=\"color: #001f4f;\">Di\u00e8te<\/span><\/h4>\n<\/div>\n\n\n\n\n\t\t<\/div> \n\t<\/div>\n\t<\/div> \n\n\t<div  class=\"vc_col-sm-1\/5 wpb_column column_container vc_column_container col child_column centered-text no-extra-padding inherit_tablet inherit_phone\"   data-padding-pos=\"all\" data-has-bg-color=\"false\" data-bg-color=\"\" data-bg-opacity=\"1\" data-animation=\"\" data-delay=\"0\" >\n\t\t<div class=\"vc_column-inner\" >\n\t\t<div class=\"wpb_wrapper\">\n\t\t\t<div class=\"img-with-aniamtion-wrap center\" data-max-width=\"100%\" data-max-width-mobile=\"default\" data-shadow=\"none\" data-animation=\"none\" >\n      <div class=\"inner\">\n        <div class=\"hover-wrap\"> \n          <div class=\"hover-wrap-inner\">\n            <img loading=\"lazy\" decoding=\"async\" class=\"img-with-animation skip-lazy\" data-delay=\"0\" height=\"94\" width=\"94\" data-animation=\"none\" src=\"https:\/\/www.millesrl.it\/wp-content\/uploads\/2021\/05\/stoccaggio.png\" alt=\"\"  \/>\n          <\/div>\n        <\/div>\n        \n      <\/div>\n    <\/div><div class=\"divider-wrap\" data-alignment=\"default\"><div style=\"height: 10px;\" class=\"divider\"><\/div><\/div>\n<div class=\"wpb_text_column wpb_content_element\" style=\" max-width: 315px; display: inline-block;\">\n\t<h4 style=\"text-align: center;\"><span style=\"color: #001f4f;\">Espace de rangement<\/span><\/h4>\n<\/div>\n\n\n\n\n\t\t<\/div> \n\t<\/div>\n\t<\/div> \n\n\t<div  class=\"vc_col-sm-1\/5 wpb_column column_container vc_column_container col child_column centered-text no-extra-padding inherit_tablet inherit_phone\"   data-padding-pos=\"all\" data-has-bg-color=\"false\" data-bg-color=\"\" data-bg-opacity=\"1\" data-animation=\"\" data-delay=\"0\" >\n\t\t<div class=\"vc_column-inner\" >\n\t\t<div class=\"wpb_wrapper\">\n\t\t\t<div class=\"img-with-aniamtion-wrap center\" data-max-width=\"100%\" data-max-width-mobile=\"default\" data-shadow=\"none\" data-animation=\"none\" >\n      <div class=\"inner\">\n        <div class=\"hover-wrap\"> \n          <div class=\"hover-wrap-inner\">\n            <img loading=\"lazy\" decoding=\"async\" class=\"img-with-animation skip-lazy\" data-delay=\"0\" height=\"94\" width=\"94\" data-animation=\"none\" src=\"https:\/\/www.millesrl.it\/wp-content\/uploads\/2021\/05\/dosaggio.png\" alt=\"\"  \/>\n          <\/div>\n        <\/div>\n        \n      <\/div>\n    <\/div><div class=\"divider-wrap\" data-alignment=\"default\"><div style=\"height: 10px;\" class=\"divider\"><\/div><\/div>\n<div class=\"wpb_text_column wpb_content_element\" style=\" max-width: 315px; display: inline-block;\">\n\t<h4 style=\"text-align: center;\"><span style=\"color: #001f4f;\">Dosage<\/span><\/h4>\n<\/div>\n\n\n\n\n\t\t<\/div> \n\t<\/div>\n\t<\/div> \n\n\t<div  class=\"vc_col-sm-1\/5 wpb_column column_container vc_column_container col child_column centered-text no-extra-padding inherit_tablet inherit_phone\"   data-padding-pos=\"all\" data-has-bg-color=\"false\" data-bg-color=\"\" data-bg-opacity=\"1\" data-animation=\"\" data-delay=\"0\" >\n\t\t<div class=\"vc_column-inner\" >\n\t\t<div class=\"wpb_wrapper\">\n\t\t\t<div class=\"img-with-aniamtion-wrap center\" data-max-width=\"100%\" data-max-width-mobile=\"default\" data-shadow=\"none\" data-animation=\"none\" >\n      <div class=\"inner\">\n        <div class=\"hover-wrap\"> \n          <div class=\"hover-wrap-inner\">\n            <img loading=\"lazy\" decoding=\"async\" class=\"img-with-animation skip-lazy\" data-delay=\"0\" height=\"94\" width=\"94\" data-animation=\"none\" src=\"https:\/\/www.millesrl.it\/wp-content\/uploads\/2021\/05\/estrazione.png\" alt=\"\"  \/>\n          <\/div>\n        <\/div>\n        \n      <\/div>\n    <\/div><div class=\"divider-wrap\" data-alignment=\"default\"><div style=\"height: 10px;\" class=\"divider\"><\/div><\/div>\n<div class=\"wpb_text_column wpb_content_element\" style=\" max-width: 315px; display: inline-block;\">\n\t<h4 style=\"text-align: center;\"><span style=\"color: #001f4f;\">Extraction<\/span><\/h4>\n<\/div>\n\n\n\n\n\t\t<\/div> \n\t<\/div>\n\t<\/div> \n<\/div><\/div>\n<div class=\"wpb_text_column wpb_content_element  vc_custom_1633603127188\" >\n\t<p>Mille Srl est sp\u00e9cialis\u00e9e dans la production de composants et de machines pour le transport de mat\u00e9riaux en vrac ; nos machines sont utilis\u00e9es dans de nombreux environnements et leur polyvalence les rend parfaites pour la manipulation de mat\u00e9riaux de diff\u00e9rentes tailles. Notre entreprise est \u00e9quip\u00e9e des technologies de production les plus modernes et garantit la tra\u00e7abilit\u00e9 des processus de production.<\/p>\n<p>Les centrales \u00e9lectriques font partie de nos projets les plus r\u00e9ussis. La ligne comprend des solutions pour le stockage du produit, le transport et enfin le dosage correct du mat\u00e9riau. Ce type d&#039;installation traite principalement des d\u00e9chets organiques de Forsu ou Biomasse, qui gr\u00e2ce \u00e0 la digestion ana\u00e9robie sont capables de produire du gaz, une \u00e9nergie \u00e9conomique et \u00e9cologique.<\/p>\n<p>Nous cr\u00e9ons \u00e9galement des solutions id\u00e9ales pour le stockage du mat\u00e9riel. Ils peuvent \u00eatre utilis\u00e9s avant tout dans des usines de production de Biogaz, de traitement de boues d&#039;\u00e9puration ou de traitement li\u00e9 au recyclage de d\u00e9chets ou de mat\u00e9riaux naturels comme le bois.<\/p>\n<\/div>\n\n\n\n\n\t\t\t<\/div> \n\t\t<\/div>\n\t<\/div> \n<\/div><\/div>\n\t\t<div id=\"fws_69fc6a092ab52\"  data-column-margin=\"default\" data-midnight=\"dark\"  class=\"wpb_row vc_row-fluid vc_row\"  style=\"padding-top: 0px; padding-bottom: 0px; \"><div class=\"row-bg-wrap\" data-bg-animation=\"none\" data-bg-animation-delay=\"\" data-bg-overlay=\"false\"><div class=\"inner-wrap row-bg-layer\" ><div class=\"row-bg viewport-desktop\"  style=\"\"><\/div><\/div><\/div><div class=\"row_col_wrap_12 col span_12 dark left\">\n\t<div  class=\"vc_col-sm-12 wpb_column column_container vc_column_container col no-extra-padding inherit_tablet inherit_phone\"  data-padding-pos=\"all\" data-has-bg-color=\"false\" data-bg-color=\"\" data-bg-opacity=\"1\" data-animation=\"\" data-delay=\"0\" >\n\t\t<div class=\"vc_column-inner\" >\n\t\t\t<div class=\"wpb_wrapper\">\n\t\t\t\t<div class=\"nectar_image_with_hotspots\" data-stlye=\"color_pulse\" data-hotspot-icon=\"plus_sign\" data-size=\"medium\" data-color=\"accent-color\" data-tooltip-func=\"click\" data-tooltip_shadow=\"large_depth\" data-animation=\"true\"><img loading=\"lazy\" decoding=\"async\" width=\"1872\" height=\"965\" src=\"https:\/\/www.millesrl.it\/wp-content\/uploads\/2021\/08\/sistema-movimentaazione-mille.jpg\" class=\"attachment-full size-full\" alt=\"\" srcset=\"https:\/\/www.millesrl.it\/wp-content\/uploads\/2021\/08\/sistema-movimentaazione-mille.jpg 1872w, https:\/\/www.millesrl.it\/wp-content\/uploads\/2021\/08\/sistema-movimentaazione-mille-300x155.jpg 300w, https:\/\/www.millesrl.it\/wp-content\/uploads\/2021\/08\/sistema-movimentaazione-mille-1024x528.jpg 1024w, https:\/\/www.millesrl.it\/wp-content\/uploads\/2021\/08\/sistema-movimentaazione-mille-768x396.jpg 768w, https:\/\/www.millesrl.it\/wp-content\/uploads\/2021\/08\/sistema-movimentaazione-mille-1536x792.jpg 1536w\" sizes=\"auto, (max-width: 1872px) 100vw, 1872px\" \/><div class=\"nectar_hotspot_wrap\" style=\"top: 75.6022%; left: 20.684%;\"><div class=\"nectar_hotspot click\"><span><\/span><\/div><div class=\"nttip\" data-tooltip-position=\"bottom\"><div class=\"inner\">\n<h5 style=\"color: #001f4f\"><a href=\"https:\/\/www.millesrl.it\/fr\/macchine\/trasportatori-a-catena-raschiante\/\" target=\"_blank\" rel=\"noopener\">CONVOYEURS \u00c0 CHA\u00ceNE DE RACLAGE<\/a><\/h5>\n<\/div><\/div><\/div><div class=\"nectar_hotspot_wrap\" style=\"top: 44.2815%; left: 47.6909%;\"><div class=\"nectar_hotspot click\"><span><\/span><\/div><div class=\"nttip\" data-tooltip-position=\"left\"><div class=\"inner\">\n<h5 style=\"color: #001f4f\"><a href=\"https:\/\/www.millesrl.it\/fr\/macchine\/trasportatori-a-catena-raschiante\/\" target=\"_blank\" rel=\"noopener\">CONVOYEURS \u00c0 CHA\u00ceNE DE RACLAGE<\/a><\/h5>\n<\/div><\/div><\/div><div class=\"nectar_hotspot_wrap\" style=\"top: 52.6856%; left: 79.0409%;\"><div class=\"nectar_hotspot click\"><span><\/span><\/div><div class=\"nttip\" data-tooltip-position=\"right\"><div class=\"inner\">\n<h5 style=\"color: #001f4f\"><a href=\"https:\/\/www.millesrl.it\/fr\/macchine\/trasportatori-estrattori\/\" target=\"_blank\" rel=\"noopener\">CONVOYEURS \u00c0 VIS<\/a><\/h5>\n<\/div><\/div><\/div><div class=\"nectar_hotspot_wrap\" style=\"top: 34.6557%; left: 78.1759%;\"><div class=\"nectar_hotspot click\"><span><\/span><\/div><div class=\"nttip\" data-tooltip-position=\"right\"><div class=\"inner\">\n<h5 style=\"color: #001f4f\"><a href=\"https:\/\/www.millesrl.it\/fr\/macchine\/estrattori\/\" target=\"_blank\" rel=\"noopener\">EXTRACTEUR ELLIPSE<\/a><\/h5>\n<\/div><\/div><\/div><div class=\"nectar_hotspot_wrap\" style=\"top: 19.5886%; left: 84.0391%;\"><div class=\"nectar_hotspot click\"><span><\/span><\/div><div class=\"nttip\" data-tooltip-position=\"right\"><div class=\"inner\">\n<h5 style=\"color: #001f4f\"><a href=\"https:\/\/www.millesrl.it\/fr\/macchine\/elevotori-a-tazze\/\" target=\"_blank\" rel=\"noopener\">ASCENSEUR<\/a><\/h5>\n<\/div><\/div><\/div><\/div>\n\t\t\t<\/div> \n\t\t<\/div>\n\t<\/div> \n<\/div><\/div>\n\t\t<div id=\"fws_69fc6a092c85f\"  data-column-margin=\"default\" data-midnight=\"dark\"  class=\"wpb_row vc_row-fluid vc_row\"  style=\"padding-top: 0px; padding-bottom: 0px; \"><div class=\"row-bg-wrap\" data-bg-animation=\"none\" data-bg-animation-delay=\"\" data-bg-overlay=\"false\"><div class=\"inner-wrap row-bg-layer\" ><div class=\"row-bg viewport-desktop\"  style=\"\"><\/div><\/div><\/div><div class=\"row_col_wrap_12 col span_12 dark left\">\n\t<div  class=\"vc_col-sm-12 wpb_column column_container vc_column_container col no-extra-padding inherit_tablet inherit_phone\"  data-padding-pos=\"all\" data-has-bg-color=\"false\" data-bg-color=\"\" data-bg-opacity=\"1\" data-animation=\"\" data-delay=\"0\" >\n\t\t<div class=\"vc_column-inner\" >\n\t\t\t<div class=\"wpb_wrapper\">\n\t\t\t\t<div class=\"nectar_image_with_hotspots\" data-stlye=\"color_pulse\" data-hotspot-icon=\"plus_sign\" data-size=\"medium\" data-color=\"accent-color\" data-tooltip-func=\"click\" data-tooltip_shadow=\"large_depth\" data-animation=\"true\"><img loading=\"lazy\" decoding=\"async\" width=\"1872\" height=\"965\" src=\"https:\/\/www.millesrl.it\/wp-content\/uploads\/2021\/09\/sistema-movimentazione-mille2.jpg\" class=\"attachment-full size-full\" alt=\"\" srcset=\"https:\/\/www.millesrl.it\/wp-content\/uploads\/2021\/09\/sistema-movimentazione-mille2.jpg 1872w, https:\/\/www.millesrl.it\/wp-content\/uploads\/2021\/09\/sistema-movimentazione-mille2-300x155.jpg 300w, https:\/\/www.millesrl.it\/wp-content\/uploads\/2021\/09\/sistema-movimentazione-mille2-1024x528.jpg 1024w, https:\/\/www.millesrl.it\/wp-content\/uploads\/2021\/09\/sistema-movimentazione-mille2-768x396.jpg 768w, https:\/\/www.millesrl.it\/wp-content\/uploads\/2021\/09\/sistema-movimentazione-mille2-1536x792.jpg 1536w\" sizes=\"auto, (max-width: 1872px) 100vw, 1872px\" \/><div class=\"nectar_hotspot_wrap\" style=\"top: 57.3405%; left: 34.8751%;\"><div class=\"nectar_hotspot click\"><span><\/span><\/div><div class=\"nttip\" data-tooltip-position=\"left\"><div class=\"inner\">\n<h5 style=\"color: #001f4f\"><a href=\"https:\/\/www.millesrl.it\/fr\/macchine\/tramoggia-di-alimentazione-a-coclea\/\" target=\"_blank\" rel=\"noopener\">TR\u00c9MIE DE LIT DE TARI\u00c8RES HORIZONTALES<\/a><\/h5>\n<\/div><\/div><\/div><div class=\"nectar_hotspot_wrap\" style=\"top: 52.6856%; left: 65.7944%;\"><div class=\"nectar_hotspot click\"><span><\/span><\/div><div class=\"nttip\" data-tooltip-position=\"right\"><div class=\"inner\">\n<h5 style=\"color: #001f4f\"><a href=\"https:\/\/www.millesrl.it\/fr\/macchine\/trasportatori-estrattori\/\" target=\"_blank\" rel=\"noopener\">CONVOYEURS \u00c0 VIS<\/a><\/h5>\n<\/div><\/div><\/div><div class=\"nectar_hotspot_wrap\" style=\"top: 17.061036384239813%; left: 76.2214983713355%;\"><div class=\"nectar_hotspot click\"><span><\/span><\/div><div class=\"nttip\" data-tooltip-position=\"right\"><div class=\"inner\">\n<h5 style=\"color: #001f4f\"><a href=\"https:\/\/www.millesrl.it\/fr\/macchine\/trasportatori-a-nastro\/\" target=\"_blank\" rel=\"noopener\">CONVOYEURS<\/a><\/h5>\n<\/div><\/div><\/div><\/div>\n\t\t\t<\/div> \n\t\t<\/div>\n\t<\/div> \n<\/div><\/div>\n\t\t<div id=\"fws_69fc6a092d81f\"  data-column-margin=\"default\" data-midnight=\"dark\"  class=\"wpb_row vc_row-fluid vc_row\"  style=\"padding-top: 0px; padding-bottom: 0px; \"><div class=\"row-bg-wrap\" data-bg-animation=\"none\" data-bg-animation-delay=\"\" data-bg-overlay=\"false\"><div class=\"inner-wrap row-bg-layer\" ><div class=\"row-bg viewport-desktop\"  style=\"\"><\/div><\/div><\/div><div class=\"row_col_wrap_12 col span_12 dark left\">\n\t<div  class=\"vc_col-sm-12 wpb_column column_container vc_column_container col no-extra-padding inherit_tablet inherit_phone\"  data-padding-pos=\"all\" data-has-bg-color=\"false\" data-bg-color=\"\" data-bg-opacity=\"1\" data-animation=\"\" data-delay=\"0\" >\n\t\t<div class=\"vc_column-inner\" >\n\t\t\t<div class=\"wpb_wrapper\">\n\t\t\t\t\n<div class=\"wpb_text_column wpb_content_element\" >\n\t<\/div>\n\n\n\n\n\t\t\t<\/div> \n\t\t<\/div>\n\t<\/div> \n<\/div><\/div>\n\t\t<div id=\"fws_69fc6a092e089\"  data-column-margin=\"default\" data-midnight=\"dark\" data-top-percent=\"4%\" data-bottom-percent=\"4%\"  class=\"wpb_row vc_row-fluid vc_row full-width-content has-row-bg-color vc_row-o-equal-height vc_row-flex vc_row-o-content-middle\"  style=\"padding-top: calc(100vw * 0.04); padding-bottom: calc(100vw * 0.04); --row-bg-color: #f2f2f2;\"><div class=\"row-bg-wrap\" data-bg-animation=\"none\" data-bg-animation-delay=\"\" data-bg-overlay=\"false\"><div class=\"inner-wrap row-bg-layer\" ><div class=\"row-bg viewport-desktop using-bg-color\"  style=\"background-color: #f2f2f2; \"><\/div><\/div><\/div><div class=\"row_col_wrap_12 col span_12 dark center\">\n\t<div  class=\"vc_col-sm-12 wpb_column column_container vc_column_container col no-extra-padding inherit_tablet inherit_phone\"  data-padding-pos=\"all\" data-has-bg-color=\"false\" data-bg-color=\"\" data-bg-opacity=\"1\" data-animation=\"\" data-delay=\"0\" >\n\t\t<div class=\"vc_column-inner\" >\n\t\t\t<div class=\"wpb_wrapper\">\n\t\t\t\t<div id=\"fws_69fc6a092e653\" data-midnight=\"\" data-column-margin=\"default\" class=\"wpb_row vc_row-fluid vc_row inner_row\"  style=\"\"><div class=\"row-bg-wrap\"> <div class=\"row-bg\" ><\/div> <\/div><div class=\"row_col_wrap_12_inner col span_12  center\">\n\t<div  class=\"vc_col-sm-2 wpb_column column_container vc_column_container col child_column no-extra-padding inherit_tablet inherit_phone\"   data-padding-pos=\"all\" data-has-bg-color=\"false\" data-bg-color=\"\" data-bg-opacity=\"1\" data-animation=\"\" data-delay=\"0\" >\n\t\t<div class=\"vc_column-inner\" >\n\t\t<div class=\"wpb_wrapper\">\n\t\t\t\n\t\t<\/div> \n\t<\/div>\n\t<\/div> \n\n\t<div  class=\"vc_col-sm-8 wpb_column column_container vc_column_container col child_column centered-text padding-2-percent inherit_tablet inherit_phone\"   data-padding-pos=\"left-right\" data-has-bg-color=\"false\" data-bg-color=\"\" data-bg-opacity=\"1\" data-animation=\"\" data-delay=\"0\" >\n\t\t<div class=\"vc_column-inner\" >\n\t\t<div class=\"wpb_wrapper\">\n\t\t\t<div class=\"img-with-aniamtion-wrap center\" data-max-width=\"100%\" data-max-width-mobile=\"default\" data-shadow=\"none\" data-animation=\"none\" >\n      <div class=\"inner\">\n        <div class=\"hover-wrap\"> \n          <div class=\"hover-wrap-inner\">\n            <img loading=\"lazy\" decoding=\"async\" class=\"img-with-animation skip-lazy\" data-delay=\"0\" height=\"219\" width=\"300\" data-animation=\"none\" src=\"https:\/\/www.millesrl.it\/wp-content\/uploads\/2020\/09\/mille-logo-scritta-blu-retina.png\" alt=\"\"  \/>\n          <\/div>\n        <\/div>\n        \n      <\/div>\n    <\/div><div class=\"divider-wrap\" data-alignment=\"default\"><div style=\"height: 5px;\" class=\"divider\"><\/div><\/div><p style=\"font-size: 22px;color: #001f4f;line-height: 26px;text-align: center\" class=\"vc_custom_heading vc_do_custom_heading vc_custom_1631628433465\" >Depuis 1982, conception et fabrication de composants et de machines compl\u00e8tes pour le transport de mat\u00e9riaux en vrac<\/p><a class=\"nectar-button large regular accent-color has-icon  regular-button\"  role=\"button\" style=\"margin-top: 5px; color: #001852; \"  href=\"https:\/\/www.millesrl.it\/fr\/contatti\/\" data-color-override=\"false\" data-hover-color-override=\"false\" data-hover-text-color-override=\"#fff\"><span>Contactez-nous<\/span><i style=\"color: #001852;\"  class=\"icon-button-arrow\"><\/i><\/a>\n\t\t<\/div> \n\t<\/div>\n\t<\/div> \n\n\t<div  class=\"vc_col-sm-2 wpb_column column_container vc_column_container col child_column no-extra-padding inherit_tablet inherit_phone\"   data-padding-pos=\"all\" data-has-bg-color=\"false\" data-bg-color=\"\" data-bg-opacity=\"1\" data-animation=\"\" data-delay=\"0\" >\n\t\t<div class=\"vc_column-inner\" >\n\t\t<div class=\"wpb_wrapper\">\n\t\t\t\n\t\t<\/div> \n\t<\/div>\n\t<\/div> \n<\/div><\/div>\n\t\t\t<\/div> \n\t\t<\/div>\n\t<\/div> \n<\/div><\/div>\n\t\t<div id=\"fws_69fc6a092fe15\"  data-column-margin=\"default\" data-midnight=\"dark\"  class=\"wpb_row vc_row-fluid vc_row full-width-content has-row-bg-color vc_row-o-equal-height vc_row-flex vc_row-o-content-top\"  style=\"padding-top: 0px; padding-bottom: 0px; --row-bg-color: #f7f7f7;\"><div class=\"row-bg-wrap\" data-bg-animation=\"none\" data-bg-animation-delay=\"\" data-bg-overlay=\"false\"><div class=\"inner-wrap row-bg-layer\" ><div class=\"row-bg viewport-desktop using-bg-color\"  style=\"background-color: #f7f7f7; \"><\/div><\/div><\/div><div class=\"row_col_wrap_12 col span_12 dark left\">\n\t<div  class=\"vc_col-sm-12 wpb_column column_container vc_column_container col no-extra-padding inherit_tablet inherit_phone\"  data-padding-pos=\"all\" data-has-bg-color=\"false\" data-bg-color=\"\" data-bg-opacity=\"1\" data-animation=\"\" data-delay=\"0\" >\n\t\t<div class=\"vc_column-inner\" >\n\t\t\t<div class=\"wpb_wrapper\">\n\t\t\t\t<div class=\"img-with-aniamtion-wrap\" data-max-width=\"100%\" data-max-width-mobile=\"default\" data-shadow=\"none\" data-animation=\"none\" >\n      <div class=\"inner\">\n        <div class=\"hover-wrap\"> \n          <div class=\"hover-wrap-inner\">\n            <img loading=\"lazy\" decoding=\"async\" class=\"img-with-animation skip-lazy\" data-delay=\"0\" height=\"43\" width=\"3456\" data-animation=\"none\" src=\"https:\/\/www.millesrl.it\/wp-content\/uploads\/2021\/06\/bandiera-big.png\" alt=\"\" srcset=\"https:\/\/www.millesrl.it\/wp-content\/uploads\/2021\/06\/bandiera-big.png 3456w, https:\/\/www.millesrl.it\/wp-content\/uploads\/2021\/06\/bandiera-big-300x4.png 300w, https:\/\/www.millesrl.it\/wp-content\/uploads\/2021\/06\/bandiera-big-1024x13.png 1024w, https:\/\/www.millesrl.it\/wp-content\/uploads\/2021\/06\/bandiera-big-768x10.png 768w, https:\/\/www.millesrl.it\/wp-content\/uploads\/2021\/06\/bandiera-big-1536x19.png 1536w, https:\/\/www.millesrl.it\/wp-content\/uploads\/2021\/06\/bandiera-big-2048x25.png 2048w\" sizes=\"auto, (max-width: 3456px) 100vw, 3456px\" \/>\n          <\/div>\n        <\/div>\n        \n      <\/div>\n    <\/div>\n\t\t\t<\/div> \n\t\t<\/div>\n\t<\/div> \n<\/div><\/div>","protected":false},"excerpt":{"rendered":"SISTEMI Movimentazione Alimentazione Stoccaggio Dosaggio Estrazione Mille Srl \u00e8 specializzata nella produzione di componenti e...","protected":false},"author":3,"featured_media":0,"parent":0,"menu_order":0,"comment_status":"closed","ping_status":"closed","template":"","meta":{"footnotes":""},"class_list":["post-10600","page","type-page","status-publish"],"_links":{"self":[{"href":"https:\/\/www.millesrl.it\/fr\/wp-json\/wp\/v2\/pages\/10600","targetHints":{"allow":["GET"]}}],"collection":[{"href":"https:\/\/www.millesrl.it\/fr\/wp-json\/wp\/v2\/pages"}],"about":[{"href":"https:\/\/www.millesrl.it\/fr\/wp-json\/wp\/v2\/types\/page"}],"author":[{"embeddable":true,"href":"https:\/\/www.millesrl.it\/fr\/wp-json\/wp\/v2\/users\/3"}],"replies":[{"embeddable":true,"href":"https:\/\/www.millesrl.it\/fr\/wp-json\/wp\/v2\/comments?post=10600"}],"version-history":[{"count":3,"href":"https:\/\/www.millesrl.it\/fr\/wp-json\/wp\/v2\/pages\/10600\/revisions"}],"predecessor-version":[{"id":13244,"href":"https:\/\/www.millesrl.it\/fr\/wp-json\/wp\/v2\/pages\/10600\/revisions\/13244"}],"wp:attachment":[{"href":"https:\/\/www.millesrl.it\/fr\/wp-json\/wp\/v2\/media?parent=10600"}],"curies":[{"name":"wp","href":"https:\/\/api.w.org\/{rel}","templated":true}]}}