{"id":13231,"date":"2021-10-06T16:09:19","date_gmt":"2021-10-06T14:09:19","guid":{"rendered":"https:\/\/www.millesrl.it\/?page_id=13231"},"modified":"2025-09-10T12:28:46","modified_gmt":"2025-09-10T10:28:46","slug":"lavora-con-noi","status":"publish","type":"page","link":"https:\/\/www.millesrl.it\/fr\/lavora-con-noi\/","title":{"rendered":"Travaille avec nous"},"content":{"rendered":"<div id=\"fws_6a033c482118f\"  data-column-margin=\"default\" data-midnight=\"dark\"  class=\"wpb_row vc_row-fluid vc_row full-width-content has-row-bg-color vc_row-o-equal-height vc_row-flex vc_row-o-content-middle\"  style=\"padding-top: 0px; padding-bottom: 0px; --row-bg-color: #232323;\"><div class=\"row-bg-wrap\" data-bg-animation=\"none\" data-bg-animation-delay=\"\" data-bg-overlay=\"false\"><div class=\"inner-wrap row-bg-layer\" ><div class=\"row-bg viewport-desktop using-bg-color\"  style=\"background-color: #232323; \"><\/div><\/div><\/div><div class=\"row_col_wrap_12 col span_12 dark left\">\n\t<div style=\"\" class=\"vc_col-sm-6 vc_hidden-sm vc_hidden-xs wpb_column column_container vc_column_container col no-extra-padding inherit_tablet inherit_phone\" data-using-bg=\"true\" data-bg-cover=\"true\" data-padding-pos=\"all\" data-has-bg-color=\"false\" data-bg-color=\"\" data-bg-opacity=\"1\" data-animation=\"\" data-delay=\"0\" >\n\t\t<div class=\"vc_column-inner\" ><div class=\"column-image-bg-wrap column-bg-layer viewport-desktop\" data-bg-pos=\"center center\" data-bg-animation=\"none\" data-bg-overlay=\"false\"><div class=\"inner-wrap\"><div class=\"column-image-bg\" style=\" background-image: url('https:\/\/www.millesrl.it\/wp-content\/uploads\/2021\/10\/lavora-con-noi2.jpg'); \"><\/div><\/div><\/div>\n\t\t\t<div class=\"wpb_wrapper\">\n\t\t\t\t\n\t\t\t<\/div> \n\t\t<\/div>\n\t<\/div> \n\n\t<div style=\"\" class=\"vc_col-sm-6 wpb_column column_container vc_column_container col padding-3-percent inherit_tablet inherit_phone\" data-using-bg=\"true\" data-padding-pos=\"all\" data-has-bg-color=\"true\" data-bg-color=\"#ffffff\" data-bg-opacity=\"1\" data-animation=\"\" data-delay=\"0\" >\n\t\t<div class=\"vc_column-inner\" ><div class=\"column-bg-overlay-wrap column-bg-layer\" data-bg-animation=\"none\"><div class=\"column-bg-overlay\" style=\"opacity: 1; background-color: #ffffff;\"><\/div><\/div>\n\t\t\t<div class=\"wpb_wrapper\">\n\t\t\t\t<div class=\"img-with-aniamtion-wrap\" data-max-width=\"100%\" data-max-width-mobile=\"default\" data-shadow=\"none\" data-animation=\"fade-in\" >\n      <div class=\"inner\">\n        <div class=\"hover-wrap\"> \n          <div class=\"hover-wrap-inner\">\n            <img loading=\"lazy\" decoding=\"async\" class=\"img-with-animation skip-lazy\" data-delay=\"0\" height=\"146\" width=\"300\" data-animation=\"fade-in\" src=\"https:\/\/www.millesrl.it\/wp-content\/uploads\/2021\/05\/mille-logo-2021.png\" alt=\"\"  \/>\n          <\/div>\n        <\/div>\n        \n      <\/div>\n    <\/div><div class=\"divider-wrap\" data-alignment=\"default\"><div style=\"height: 20px;\" class=\"divider\"><\/div><\/div><h2 style=\"font-size: 40px;color: #001f4f;line-height: 50px;text-align: left\" class=\"vc_custom_heading vc_do_custom_heading\" >Travaille avec nous<\/h2><div id=\"fws_6a033c4822c0f\" data-midnight=\"\" data-column-margin=\"default\" class=\"wpb_row vc_row-fluid vc_row inner_row\"  style=\"\"><div class=\"row-bg-wrap\"> <div class=\"row-bg\" ><\/div> <\/div><div class=\"row_col_wrap_12_inner col span_12  left\">\n\t<div  class=\"vc_col-sm-12 wpb_column column_container vc_column_container col child_column has-animation no-extra-padding inherit_tablet inherit_phone\"   data-padding-pos=\"all\" data-has-bg-color=\"false\" data-bg-color=\"\" data-bg-opacity=\"1\" data-animation=\"fade-in-from-bottom\" data-delay=\"0\" >\n\t\t<div class=\"vc_column-inner\" >\n\t\t<div class=\"wpb_wrapper\">\n\t\t\t<div class=\"divider-wrap\" data-alignment=\"default\"><div style=\"height: 20px;\" class=\"divider\"><\/div><\/div>\n<div class=\"wpb_text_column wpb_content_element\" >\n\t<p>Chez Mille srl, nous \u00e9voluons dans un environnement dynamique, organis\u00e9 et en constante \u00e9volution. Chaque jour, nous contribuons \u00e0 la satisfaction de nos clients et \u00e0 notre avenir sur le march\u00e9 des composants m\u00e9caniques et dans la conception de machines compl\u00e8tes, en parvenant \u00e0 satisfaire, gr\u00e2ce \u00e0 la polyvalence de nos produits, un large \u00e9ventail d&#039;environnements et d&#039;applications.<\/p>\n<h4>PERSONNALIT\u00c9S PROFESSIONNELLES RECHERCH\u00c9ES :<\/h4>\n<p><em><strong>ASSISTANT SERVICE COMMERCIAL :<\/strong><\/em><br \/>\nMille Srl recherche un repr\u00e9sentant commercial pour rejoindre son \u00e9quipe. Ce poste soutiendra et d\u00e9veloppera les activit\u00e9s de vente et de gestion de la client\u00e8le, contribuant ainsi \u00e0 la croissance de l&#039;entreprise.<br \/>\n<em>Exigences<\/em>:exp\u00e9rience ant\u00e9rieure, anglais courant, comp\u00e9tences en service client, bonnes capacit\u00e9s de communication, volont\u00e9 de voyager en Italie et \u00e0 l&#039;\u00e9tranger.<\/p>\n<p><em><strong>CONCEPTEUR M\u00c9CANIQUE :<\/strong><\/em><br \/>\nMille Srl, entreprise leader dans le secteur m\u00e9canique, recherche un concepteur m\u00e9canique exp\u00e9riment\u00e9 pour renforcer son \u00e9quipe technique.<br \/>\n<em>Qualification scolaire<\/em>:Dipl\u00f4me d&#039;un institut technique ou \u00e9quivalent.<br \/>\n<em>Comp\u00e9tences informatiques<\/em>: Familiarit\u00e9 avec les principaux logiciels de dessin technique, de pr\u00e9f\u00e9rence SolidWorks.<\/p>\n<\/div>\n\n\n\n<div class=\"divider-wrap\" data-alignment=\"default\"><div style=\"height: 30px;\" class=\"divider\"><\/div><\/div>\n\t\t<\/div> \n\t<\/div>\n\t<\/div> \n<\/div><\/div><div id=\"fws_6a033c482372f\" data-midnight=\"\" data-column-margin=\"default\" class=\"wpb_row vc_row-fluid vc_row inner_row\"  style=\"\"><div class=\"row-bg-wrap\"> <div class=\"row-bg\" ><\/div> <\/div><div class=\"row_col_wrap_12_inner col span_12  left\">\n\t<div  class=\"vc_col-sm-12 wpb_column column_container vc_column_container col child_column no-extra-padding inherit_tablet inherit_phone\"   data-padding-pos=\"all\" data-has-bg-color=\"false\" data-bg-color=\"\" data-bg-opacity=\"1\" data-animation=\"\" data-delay=\"0\" >\n\t\t<div class=\"vc_column-inner\" >\n\t\t<div class=\"wpb_wrapper\">\n\t\t\t<a class=\"nectar-button large regular accent-color has-icon  regular-button\"  role=\"button\" style=\"color: #001f4f; \" target=\"_blank\" href=\"https:\/\/www.millesrl.it\/wp-content\/uploads\/2025\/09\/addetto-reparto-Commerciale-millesrl.jpg\" data-color-override=\"false\" data-hover-color-override=\"false\" data-hover-text-color-override=\"#fff\"><span>commis au service des ventes<\/span><i style=\"color: #001f4f;\"  class=\"fa fa-file-pdf-o\"><\/i><\/a><div class=\"divider-wrap\" data-alignment=\"default\"><div style=\"height: 15px;\" class=\"divider\"><\/div><\/div><a class=\"nectar-button large regular accent-color has-icon  regular-button\"  role=\"button\" style=\"color: #001f4f; \" target=\"_blank\" href=\"https:\/\/www.millesrl.it\/wp-content\/uploads\/2025\/06\/Disegnatore-Mecc-lavoro-millesrl.jpg\" data-color-override=\"false\" data-hover-color-override=\"false\" data-hover-text-color-override=\"#fff\"><span>Concepteur m\u00e9canique<\/span><i style=\"color: #001f4f;\"  class=\"fa fa-file-pdf-o\"><\/i><\/a>\n\t\t<\/div> \n\t<\/div>\n\t<\/div> \n<\/div><\/div><div class=\"divider-wrap\" data-alignment=\"default\"><div style=\"height: 30px;\" class=\"divider\"><\/div><\/div><h5 style=\"color: #000000;text-align: left\" class=\"vc_custom_heading vc_do_custom_heading\" >Envoyez votre CV<\/h5><div class=\"divider-wrap\" data-alignment=\"default\"><div style=\"height: 15px;\" class=\"divider\"><\/div><\/div><script type=\"text\/javascript\">\n\/* <![CDATA[ *\/\nvar gform;gform||(document.addEventListener(\"gform_main_scripts_loaded\",function(){gform.scriptsLoaded=!0}),document.addEventListener(\"gform\/theme\/scripts_loaded\",function(){gform.themeScriptsLoaded=!0}),window.addEventListener(\"DOMContentLoaded\",function(){gform.domLoaded=!0}),gform={domLoaded:!1,scriptsLoaded:!1,themeScriptsLoaded:!1,isFormEditor:()=>\"function\"==typeof InitializeEditor,callIfLoaded:function(o){return!(!gform.domLoaded||!gform.scriptsLoaded||!gform.themeScriptsLoaded&&!gform.isFormEditor()||(gform.isFormEditor()&&console.warn(\"The use of gform.initializeOnLoaded() is deprecated in the form editor context and will be removed in Gravity Forms 3.1.\"),o(),0))},initializeOnLoaded:function(o){gform.callIfLoaded(o)||(document.addEventListener(\"gform_main_scripts_loaded\",()=>{gform.scriptsLoaded=!0,gform.callIfLoaded(o)}),document.addEventListener(\"gform\/theme\/scripts_loaded\",()=>{gform.themeScriptsLoaded=!0,gform.callIfLoaded(o)}),window.addEventListener(\"DOMContentLoaded\",()=>{gform.domLoaded=!0,gform.callIfLoaded(o)}))},hooks:{action:{},filter:{}},addAction:function(o,r,e,t){gform.addHook(\"action\",o,r,e,t)},addFilter:function(o,r,e,t){gform.addHook(\"filter\",o,r,e,t)},doAction:function(o){gform.doHook(\"action\",o,arguments)},applyFilters:function(o){return gform.doHook(\"filter\",o,arguments)},removeAction:function(o,r){gform.removeHook(\"action\",o,r)},removeFilter:function(o,r,e){gform.removeHook(\"filter\",o,r,e)},addHook:function(o,r,e,t,n){null==gform.hooks[o][r]&&(gform.hooks[o][r]=[]);var d=gform.hooks[o][r];null==n&&(n=r+\"_\"+d.length),gform.hooks[o][r].push({tag:n,callable:e,priority:t=null==t?10:t})},doHook:function(r,o,e){var t;if(e=Array.prototype.slice.call(e,1),null!=gform.hooks[r][o]&&((o=gform.hooks[r][o]).sort(function(o,r){return o.priority-r.priority}),o.forEach(function(o){\"function\"!=typeof(t=o.callable)&&(t=window[t]),\"action\"==r?t.apply(null,e):e[0]=t.apply(null,e)})),\"filter\"==r)return e[0]},removeHook:function(o,r,t,n){var e;null!=gform.hooks[o][r]&&(e=(e=gform.hooks[o][r]).filter(function(o,r,e){return!!(null!=n&&n!=o.tag||null!=t&&t!=o.priority)}),gform.hooks[o][r]=e)}});\n\/* ]]> *\/\n<\/script>\n\n                <div class='gf_browser_gecko gform_wrapper gform_legacy_markup_wrapper gform-theme--no-framework' data-form-theme='legacy' data-form-index='0' id='gform_wrapper_8' ><form method='post' enctype='multipart\/form-data'  id='gform_8'  action='\/fr\/wp-json\/wp\/v2\/pages\/13231' data-formid='8' novalidate data-trp-original-action=\"\/fr\/wp-json\/wp\/v2\/pages\/13231\">\n                        <div class='gform-body gform_body'><ul id='gform_fields_8' class='gform_fields top_label form_sublabel_below description_below validation_below'><li id=\"field_8_1\" class=\"gfield gfield--type-name field_sublabel_below gfield--no-description field_description_below field_validation_below gfield_visibility_visible\"  ><label class='gfield_label gform-field-label gfield_label_before_complex' >Nom et pr\u00e9nom<\/label><div class='ginput_complex ginput_container ginput_container--name no_prefix has_first_name no_middle_name has_last_name no_suffix gf_name_has_2 ginput_container_name gform-grid-row' id='input_8_1'>\n                            \n                            <span id='input_8_1_3_container' class='name_first gform-grid-col gform-grid-col--size-auto' >\n                                                    <input type='text' name='input_1.3' id='input_8_1_3' value=''   aria-required='false'     \/>\n                                                    <label for='input_8_1_3' class='gform-field-label gform-field-label--type-sub'>Pr\u00e9nom<\/label>\n                                                <\/span>\n                            \n                            <span id='input_8_1_6_container' class='name_last gform-grid-col gform-grid-col--size-auto' >\n                                                    <input type='text' name='input_1.6' id='input_8_1_6' value=''   aria-required='false'     \/>\n                                                    <label for='input_8_1_6' class='gform-field-label gform-field-label--type-sub'>Nom<\/label>\n                                                <\/span>\n                            \n                        <\/div><\/li><li id=\"field_8_5\" class=\"gfield gfield--type-phone gf_left_half field_sublabel_below gfield--no-description field_description_below field_validation_below gfield_visibility_visible\"  ><label class='gfield_label gform-field-label' for='input_8_5'>T\u00e9l\u00e9phone<\/label><div class='ginput_container ginput_container_phone'><input name='input_5' id='input_8_5' type='tel' value='' class='medium'    aria-invalid=\"false\"   \/><\/div><\/li><li id=\"field_8_2\" class=\"gfield gfield--type-email gf_right_half gfield_contains_required field_sublabel_below gfield--no-description field_description_below field_validation_below gfield_visibility_visible\"  ><label class='gfield_label gform-field-label' for='input_8_2'>E-mail<span class=\"gfield_required\"><span class=\"gfield_required gfield_required_asterisk\">*<\/span><\/span><\/label><div class='ginput_container ginput_container_email'>\n                            <input name='input_2' id='input_8_2' type='email' value='' class='medium'    aria-required=\"true\" aria-invalid=\"false\"  \/>\n                        <\/div><\/li><li id=\"field_8_8\" class=\"gfield gfield--type-select gfield--width-full gfield_contains_required field_sublabel_below gfield--no-description field_description_below field_validation_below gfield_visibility_visible\"  ><label class='gfield_label gform-field-label' for='input_8_8'>S\u00e9lectionnez votre domaine d&#039;expertise<span class=\"gfield_required\"><span class=\"gfield_required gfield_required_asterisk\">*<\/span><\/span><\/label><div class='ginput_container ginput_container_select'><select name='input_8' id='input_8_8' class='large gfield_select'    aria-required=\"true\" aria-invalid=\"false\" ><option value='' ><\/option><option value='Reparto Commerciale' >D\u00e9partement des ventes<\/option><option value='Disegnatore Meccanico' >Concepteur m\u00e9canique<\/option><option value='Carpentiere' >Menuisier<\/option><option value='Saldatore Certificato' >Soudeur certifi\u00e9<\/option><option value='Tornitore' >Tourneur<\/option><option value='Carrellista\/Magazziniere' >Conducteur de chariot \u00e9l\u00e9vateur\/employ\u00e9 d&#039;entrep\u00f4t<\/option><option value='Impiegato\/a Amministrazione' >Commis d&#039;administration<\/option><\/select><\/div><\/li><li id=\"field_8_9\" class=\"gfield gfield--type-fileupload gfield--width-full gfield_contains_required field_sublabel_below gfield--no-description field_description_below field_validation_below gfield_visibility_visible\"  ><label class='gfield_label gform-field-label' for='input_8_9'>Joignez votre CV (format Word ou PDF)<span class=\"gfield_required\"><span class=\"gfield_required gfield_required_asterisk\">*<\/span><\/span><\/label><div class='ginput_container ginput_container_fileupload'><input type='hidden' name='MAX_FILE_SIZE' value='16777216' \/><input name='input_9' id='input_8_9' type='file' class='large' aria-describedby=\"gfield_upload_rules_8_9\" onchange='javascript:gformValidateFileSize( this, 16777216 );'  \/><span class='gfield_description gform_fileupload_rules' id='gfield_upload_rules_8_9'>Types de fichiers accept\u00e9s\u00a0: doc, docx, pdf, Taille max. des fichiers\u00a0: 16 MB.<\/span><div class='gfield_description validation_message gfield_validation_message validation_message--hidden-on-empty' id='live_validation_message_8_9'><\/div> <\/div><\/li><li id=\"field_8_3\" class=\"gfield gfield--type-textarea gfield--width-full field_sublabel_below gfield--no-description field_description_below field_validation_below gfield_visibility_visible\"  ><label class='gfield_label gform-field-label' for='input_8_3'>Saisissez un message de pr\u00e9sentation (facultatif)<\/label><div class='ginput_container ginput_container_textarea'><textarea name='input_3' id='input_8_3' class='textarea medium'      aria-invalid=\"false\"   rows='10' cols='50'><\/textarea><\/div><\/li><li id=\"field_8_4\" class=\"gfield gfield--type-checkbox gfield--type-choice gfield_contains_required field_sublabel_below gfield--no-description field_description_below field_validation_below gfield_visibility_visible\"  ><label class='gfield_label gform-field-label gfield_label_before_complex' >Confidentialit\u00e9<span class=\"gfield_required\"><span class=\"gfield_required gfield_required_asterisk\">*<\/span><\/span><\/label><div class='ginput_container ginput_container_checkbox'><ul class='gfield_checkbox' id='input_8_4'><li class='gchoice gchoice_8_4_1'>\n\t\t\t\t\t\t\t\t<input class='gfield-choice-input' name='input_4.1' type='checkbox'  value='Acconsento al trattamento dei dati secondo la &lt;a href=&quot;\/informativa-sui-cookie-e-privacy&quot; target=&quot;\u201d_blank\u201d&quot;&gt;normativa privacy&lt;\/a&gt; ai sensi dell&#039;art. 13 D.Lgs 196\/2003'  id='choice_8_4_1'   \/>\n\t\t\t\t\t\t\t\t<label for='choice_8_4_1' id='label_8_4_1' class='gform-field-label gform-field-label--type-inline'>J&#039;accepte le traitement des donn\u00e9es conform\u00e9ment \u00e0 la <a href=\"https:\/\/www.millesrl.it\/fr\/informativa-sui-cookie-e-privacy\/\" target=\"\u201d_blank\u201d\">politique de confidentialit\u00e9<\/a> conform\u00e9ment \u00e0 l&#039;art. 13 du d\u00e9cret l\u00e9gislatif 196\/2003<\/label>\n\t\t\t\t\t\t\t<\/li><\/ul><\/div><\/li><li id=\"field_8_6\" class=\"gfield gfield--type-hidden gform_hidden field_sublabel_below gfield--no-description field_description_below field_validation_below gfield_visibility_visible\"  ><div class='ginput_container ginput_container_text'><input name='input_6' id='input_8_6' type='hidden' class='gform_hidden'  aria-invalid=\"false\" value='' \/><\/div><\/li><\/ul><\/div>\n        <div class='gform-footer gform_footer top_label'> <input type='submit' id='gform_submit_button_8' class='gform_button button' onclick='gform.submission.handleButtonClick(this);' data-submission-type='submit' value='Soumettez votre candidature'  \/> \n            <input type='hidden' class='gform_hidden' name='gform_submission_method' data-js='gform_submission_method_8' value='postback' \/>\n            <input type='hidden' class='gform_hidden' name='gform_theme' data-js='gform_theme_8' id='gform_theme_8' value='legacy' \/>\n            <input type='hidden' class='gform_hidden' name='gform_style_settings' data-js='gform_style_settings_8' id='gform_style_settings_8' value='[]' \/>\n            <input type='hidden' class='gform_hidden' name='is_submit_8' value='1' \/>\n            <input type='hidden' class='gform_hidden' name='gform_submit' value='8' \/>\n            \n            <input type='hidden' class='gform_hidden' name='gform_currency' data-currency='EUR' value='2rIlH\/hO4d9DwlzGwq1CnrTHpSP\/WKjvFmJgMmVzbnlulau6ctkVcrkH77XQz0g\/5NHnVPCvlIRZ2kxNXPB7u3ceW6iCAd1wyuRBsUuxefT9lJE=' \/>\n            <input type='hidden' class='gform_hidden' name='gform_unique_id' value='' \/>\n            <input type='hidden' class='gform_hidden' name='state_8' value='WyJbXSIsImViYTFlZmNiYzIzNGEwOWY4MmRhODFkM2NjMWQ0ZDdmIl0=' \/>\n            <input type='hidden' autocomplete='off' class='gform_hidden' name='gform_target_page_number_8' id='gform_target_page_number_8' value='0' \/>\n            <input type='hidden' autocomplete='off' class='gform_hidden' name='gform_source_page_number_8' id='gform_source_page_number_8' value='1' \/>\n            <input type='hidden' name='gform_field_values' value='' \/>\n            \n        <\/div>\n                        <input type=\"hidden\" name=\"trp-form-language\" value=\"fr\"\/><\/form>\n                        <\/div><script type=\"text\/javascript\">\n\/* <![CDATA[ *\/\n gform.initializeOnLoaded( function() {gformInitSpinner( 8, 'https:\/\/www.millesrl.it\/wp-content\/plugins\/gravityforms\/images\/spinner.svg', true );jQuery('#gform_ajax_frame_8').on('load',function(){var contents = jQuery(this).contents().find('*').html();var is_postback = contents.indexOf('GF_AJAX_POSTBACK') >= 0;if(!is_postback){return;}var form_content = jQuery(this).contents().find('#gform_wrapper_8');var is_confirmation = jQuery(this).contents().find('#gform_confirmation_wrapper_8').length > 0;var is_redirect = contents.indexOf('gformRedirect(){') >= 0;var is_form = form_content.length > 0 && ! is_redirect && ! is_confirmation;var mt = parseInt(jQuery('html').css('margin-top'), 10) + parseInt(jQuery('body').css('margin-top'), 10) + 100;if(is_form){jQuery('#gform_wrapper_8').html(form_content.html());if(form_content.hasClass('gform_validation_error')){jQuery('#gform_wrapper_8').addClass('gform_validation_error');} else {jQuery('#gform_wrapper_8').removeClass('gform_validation_error');}setTimeout( function() { \/* delay the scroll by 50 milliseconds to fix a bug in chrome *\/  }, 50 );if(window['gformInitDatepicker']) {gformInitDatepicker();}if(window['gformInitPriceFields']) {gformInitPriceFields();}var current_page = jQuery('#gform_source_page_number_8').val();gformInitSpinner( 8, 'https:\/\/www.millesrl.it\/wp-content\/plugins\/gravityforms\/images\/spinner.svg', true );jQuery(document).trigger('gform_page_loaded', [8, current_page]);window['gf_submitting_8'] = false;}else if(!is_redirect){var confirmation_content = jQuery(this).contents().find('.GF_AJAX_POSTBACK').html();if(!confirmation_content){confirmation_content = contents;}jQuery('#gform_wrapper_8').replaceWith(confirmation_content);jQuery(document).trigger('gform_confirmation_loaded', [8]);window['gf_submitting_8'] = false;wp.a11y.speak(jQuery('#gform_confirmation_message_8').text());}else{jQuery('#gform_8').append(contents);if(window['gformRedirect']) {gformRedirect();}}jQuery(document).trigger(\"gform_pre_post_render\", [{ formId: \"8\", currentPage: \"current_page\", abort: function() { this.preventDefault(); } }]);        if (event && event.defaultPrevented) {                return;        }        const gformWrapperDiv = document.getElementById( \"gform_wrapper_8\" );        if ( gformWrapperDiv ) {            const visibilitySpan = document.createElement( \"span\" );            visibilitySpan.id = \"gform_visibility_test_8\";            gformWrapperDiv.insertAdjacentElement( \"afterend\", visibilitySpan );        }        const visibilityTestDiv = document.getElementById( \"gform_visibility_test_8\" );        let postRenderFired = false;        function triggerPostRender() {            if ( postRenderFired ) {                return;            }            postRenderFired = true;            gform.core.triggerPostRenderEvents( 8, current_page );            if ( visibilityTestDiv ) {                visibilityTestDiv.parentNode.removeChild( visibilityTestDiv );            }        }        function debounce( func, wait, immediate ) {            var timeout;            return function() {                var context = this, args = arguments;                var later = function() {                    timeout = null;                    if ( !immediate ) func.apply( context, args );                };                var callNow = immediate && !timeout;                clearTimeout( timeout );                timeout = setTimeout( later, wait );                if ( callNow ) func.apply( context, args );            };        }        const debouncedTriggerPostRender = debounce( function() {            triggerPostRender();        }, 200 );        if ( visibilityTestDiv && visibilityTestDiv.offsetParent === null ) {            const observer = new MutationObserver( ( mutations ) => {                mutations.forEach( ( mutation ) => {                    if ( mutation.type === 'attributes' && visibilityTestDiv.offsetParent !== null ) {                        debouncedTriggerPostRender();                        observer.disconnect();                    }                });            });            observer.observe( document.body, {                attributes: true,                childList: false,                subtree: true,                attributeFilter: [ 'style', 'class' ],            });        } else {            triggerPostRender();        }    } );} ); \n\/* ]]> *\/\n<\/script>\n\n\t\t\t<\/div> \n\t\t<\/div>\n\t<\/div> \n<\/div><\/div>","protected":false},"excerpt":{"rendered":"Lavora con Noi Chi lavora in Mille srl vive un ambiente dinamico, organizzato ed in...","protected":false},"author":3,"featured_media":0,"parent":0,"menu_order":0,"comment_status":"closed","ping_status":"closed","template":"","meta":{"footnotes":""},"class_list":["post-13231","page","type-page","status-publish"],"_links":{"self":[{"href":"https:\/\/www.millesrl.it\/fr\/wp-json\/wp\/v2\/pages\/13231","targetHints":{"allow":["GET"]}}],"collection":[{"href":"https:\/\/www.millesrl.it\/fr\/wp-json\/wp\/v2\/pages"}],"about":[{"href":"https:\/\/www.millesrl.it\/fr\/wp-json\/wp\/v2\/types\/page"}],"author":[{"embeddable":true,"href":"https:\/\/www.millesrl.it\/fr\/wp-json\/wp\/v2\/users\/3"}],"replies":[{"embeddable":true,"href":"https:\/\/www.millesrl.it\/fr\/wp-json\/wp\/v2\/comments?post=13231"}],"version-history":[{"count":15,"href":"https:\/\/www.millesrl.it\/fr\/wp-json\/wp\/v2\/pages\/13231\/revisions"}],"predecessor-version":[{"id":13555,"href":"https:\/\/www.millesrl.it\/fr\/wp-json\/wp\/v2\/pages\/13231\/revisions\/13555"}],"wp:attachment":[{"href":"https:\/\/www.millesrl.it\/fr\/wp-json\/wp\/v2\/media?parent=13231"}],"curies":[{"name":"wp","href":"https:\/\/api.w.org\/{rel}","templated":true}]}}