{"id":6248,"date":"2017-06-14T09:42:42","date_gmt":"2017-06-14T07:42:42","guid":{"rendered":"http:\/\/www.millesrl.it\/?page_id=6248"},"modified":"2021-09-24T17:52:40","modified_gmt":"2021-09-24T15:52:40","slug":"applicazioni-speciali","status":"publish","type":"page","link":"https:\/\/www.millesrl.it\/fr\/applicazioni-speciali\/","title":{"rendered":"Applications sp\u00e9ciales"},"content":{"rendered":"<div id=\"home\"  data-column-margin=\"90px\" data-midnight=\"dark\" data-top-percent=\"6%\" data-bottom-percent=\"2%\"  class=\"wpb_row vc_row-fluid vc_row full-width-section has-row-bg-color vc_row-o-equal-height vc_row-flex vc_row-o-content-middle  reverse_columns_column_tablet reverse_columns_column_phone top_padding_tablet_8pct bottom_padding_tablet_8pct\"  style=\"padding-top: calc(100vw * 0.06); padding-bottom: calc(100vw * 0.02); --row-bg-color: #ffffff;\"><div class=\"row-bg-wrap\" data-bg-animation=\"none\" data-bg-animation-delay=\"\" data-bg-overlay=\"false\"><div class=\"inner-wrap row-bg-layer\" ><div class=\"row-bg viewport-desktop using-bg-color\"  style=\"background-color: #ffffff; \"><\/div><\/div><\/div><div class=\"row_col_wrap_12 col span_12 dark left\">\n\t<div  class=\"vc_col-sm-6 vc_col-xs-12 wpb_column column_container vc_column_container col no-extra-padding inherit_tablet inherit_phone\"  data-padding-pos=\"all\" data-has-bg-color=\"false\" data-bg-color=\"\" data-bg-opacity=\"1\" data-animation=\"\" data-delay=\"0\" >\n\t\t<div class=\"vc_column-inner\" >\n\t\t\t<div class=\"wpb_wrapper\">\n\t\t\t\t<div id=\"fws_6a08ffc6e3b9e\" data-midnight=\"\" data-column-margin=\"default\" class=\"wpb_row vc_row-fluid vc_row inner_row\"  style=\"\"><div class=\"row-bg-wrap\"> <div class=\"row-bg\" ><\/div> <\/div><div class=\"row_col_wrap_12_inner col span_12  left\">\n\t<div style=\"\" class=\"vc_col-sm-12 wpb_column column_container vc_column_container col child_column no-extra-padding inherit_tablet inherit_phone\"  data-using-bg=\"true\" data-bg-cover=\"true\" data-padding-pos=\"all\" data-has-bg-color=\"false\" data-bg-color=\"\" data-bg-opacity=\"1\" data-animation=\"\" data-delay=\"0\" >\n\t\t<div class=\"vc_column-inner\" ><div class=\"column-image-bg-wrap column-bg-layer viewport-desktop\" data-n-parallax-bg=\"true\" data-parallax-speed=\"fast\" data-bg-pos=\"center center\" data-bg-animation=\"none\" data-bg-overlay=\"false\"><div class=\"inner-wrap\"><div class=\"column-image-bg parallax-layer\" style=\" background-image: url('https:\/\/www.millesrl.it\/wp-content\/uploads\/2010\/09\/galleria-realizzazione-componenti-industriali-millesrl2.jpg'); \"><\/div><\/div><\/div>\n\t\t<div class=\"wpb_wrapper\">\n\t\t\t<div class=\"divider-wrap height_tablet_40vh height_phone_300px\" data-alignment=\"default\"><div style=\"height: 55vh;\" class=\"divider\"><\/div><\/div>\n\t\t<\/div> \n\t<\/div>\n\t<\/div> \n<\/div><\/div>\n\t\t\t<\/div> \n\t\t<\/div>\n\t<\/div> \n\n\t<div style=\"z-index: 100; \" class=\"vc_col-sm-6 vc_col-xs-12 wpb_column column_container vc_column_container col padding-4-percent el_spacing_10px no-extra-padding_tablet no-extra-padding_phone\"  data-padding-pos=\"right\" data-has-bg-color=\"false\" data-bg-color=\"\" data-bg-opacity=\"1\" data-animation=\"\" data-delay=\"0\" >\n\t\t<div class=\"vc_column-inner\" >\n\t\t\t<div class=\"wpb_wrapper\">\n\t\t\t\t<div id=\"fws_6a08ffc6e51bf\" data-midnight=\"\" data-column-margin=\"default\" class=\"wpb_row vc_row-fluid vc_row inner_row\"  style=\"\"><div class=\"row-bg-wrap\"> <div class=\"row-bg\" ><\/div> <\/div><div class=\"row_col_wrap_12_inner col span_12  left\">\n\t<div  class=\"vc_col-sm-12 wpb_column column_container vc_column_container col child_column has-animation no-extra-padding el_spacing_5px inherit_tablet inherit_phone\"   data-padding-pos=\"all\" data-has-bg-color=\"false\" data-bg-color=\"\" data-bg-opacity=\"1\" data-animation=\"fade-in-from-bottom\" data-delay=\"0\" >\n\t\t<div class=\"vc_column-inner\" >\n\t\t<div class=\"wpb_wrapper\">\n\t\t\t\n<div class=\"wpb_text_column wpb_content_element  vc_custom_1632498412919\" >\n\t<h3><span style=\"color: #001f4f;\">Applications sp\u00e9ciales<\/span><\/h3>\n<\/div>\n\n\n\n<div class=\"img-with-aniamtion-wrap right\" data-max-width=\"100%\" data-max-width-mobile=\"default\" data-shadow=\"none\" data-animation=\"none\" >\n      <div class=\"inner\">\n        <div class=\"hover-wrap\"> \n          <div class=\"hover-wrap-inner\">\n            <img loading=\"lazy\" decoding=\"async\" class=\"img-with-animation skip-lazy\" data-delay=\"0\" height=\"24\" width=\"811\" data-animation=\"none\" src=\"https:\/\/www.millesrl.it\/wp-content\/uploads\/2021\/04\/bandiera-italiana-mille.png\" alt=\"\" srcset=\"https:\/\/www.millesrl.it\/wp-content\/uploads\/2021\/04\/bandiera-italiana-mille.png 811w, https:\/\/www.millesrl.it\/wp-content\/uploads\/2021\/04\/bandiera-italiana-mille-300x9.png 300w, https:\/\/www.millesrl.it\/wp-content\/uploads\/2021\/04\/bandiera-italiana-mille-768x23.png 768w, https:\/\/www.millesrl.it\/wp-content\/uploads\/2021\/04\/bandiera-italiana-mille-800x24.png 800w\" sizes=\"auto, (max-width: 811px) 100vw, 811px\" \/>\n          <\/div>\n        <\/div>\n        \n      <\/div>\n    <\/div>\n\t\t<\/div> \n\t<\/div>\n\t<\/div> \n<\/div><\/div><div id=\"fws_6a08ffc6e6069\" data-midnight=\"\" data-column-margin=\"default\" class=\"wpb_row vc_row-fluid vc_row inner_row\"  style=\"\"><div class=\"row-bg-wrap\"> <div class=\"row-bg\" ><\/div> <\/div><div class=\"row_col_wrap_12_inner col span_12  left\">\n\t<div  class=\"vc_col-sm-12 wpb_column column_container vc_column_container col child_column has-animation no-extra-padding el_spacing_5px inherit_tablet inherit_phone\"   data-padding-pos=\"all\" data-has-bg-color=\"false\" data-bg-color=\"\" data-bg-opacity=\"1\" data-animation=\"fade-in-from-bottom\" data-delay=\"0\" >\n\t\t<div class=\"vc_column-inner\" >\n\t\t<div class=\"wpb_wrapper\">\n\t\t\t\n<div class=\"wpb_text_column wpb_content_element\" >\n\t<p>Mille Srl, gr\u00e2ce \u00e0 l&#039;exp\u00e9rience de son personnel technique, est en mesure de cr\u00e9er des projets personnalis\u00e9s et des solutions sur mesure en r\u00e9alisant<strong> travail sur mesure<\/strong>.<\/p>\n<p>Au fil des ann\u00e9es, Mille Srl a cr\u00e9\u00e9 de nombreuses <strong>m\u00e9langeurs horizontaux et verticaux, filtres \u00e0 manches<\/strong> pour diff\u00e9rents usages, <strong>Cylindres de s\u00e9chage<\/strong> pour les conglom\u00e9rats et la remise en \u00e9tat des terres, <strong>tr\u00e9mies<\/strong> pour divers mat\u00e9riaux, <strong>bo\u00eetes de dosage<\/strong> int\u00e9grable dans diff\u00e9rents types de lignes de production et <strong>tamiser<\/strong> pour le traitement des mat\u00e9riaux inertes.<\/p>\n<\/div>\n\n\n\n\n\t\t<\/div> \n\t<\/div>\n\t<\/div> \n<\/div><\/div>\n\t\t\t<\/div> \n\t\t<\/div>\n\t<\/div> \n<\/div><\/div>\n\t\t<div id=\"fws_6a08ffc6e697a\"  data-column-margin=\"default\" data-midnight=\"dark\"  class=\"wpb_row vc_row-fluid vc_row full-width-content vc_row-o-equal-height vc_row-flex vc_row-o-content-top\"  style=\"padding-top: 0px; padding-bottom: 0px; \"><div class=\"row-bg-wrap\" data-bg-animation=\"none\" data-bg-animation-delay=\"\" data-bg-overlay=\"false\"><div class=\"inner-wrap row-bg-layer\" ><div class=\"row-bg viewport-desktop\"  style=\"\"><\/div><\/div><\/div><div class=\"row_col_wrap_12 col span_12 dark left\">\n\t<div  class=\"vc_col-sm-1\/5 wpb_column column_container vc_column_container col padding-3-percent inherit_tablet inherit_phone\"  data-padding-pos=\"all\" data-has-bg-color=\"false\" data-bg-color=\"\" data-bg-opacity=\"1\" data-animation=\"\" data-delay=\"0\" >\n\t\t<div class=\"vc_column-inner\" >\n\t\t\t<div class=\"wpb_wrapper\">\n\t\t\t\t<h4 style=\"color: #001f4f;text-align: center\" class=\"vc_custom_heading vc_do_custom_heading\" >M\u00e9langeurs<\/h4>\n<div class=\"wpb_text_column wpb_content_element\" >\n\t<p style=\"text-align: center;\">Les m\u00e9langeurs verticaux ou horizontaux fabriqu\u00e9s par Mille Srl sont disponibles en fer peint ou en acier inoxydable et ont une capacit\u00e9 de 500 \u00e0 30\u00a0000 litres. Selon le type de m\u00e9langeur, ils peuvent \u00eatre \u00e0 d\u00e9chargement central ou \u00e0 vis, \u00e0 un ou plusieurs rouleaux.<\/p>\n<\/div>\n\n\n\n\n\t\t\t<\/div> \n\t\t<\/div>\n\t<\/div> \n\n\t<div  class=\"vc_col-sm-1\/5 wpb_column column_container vc_column_container col padding-3-percent inherit_tablet inherit_phone\"  data-padding-pos=\"all\" data-has-bg-color=\"false\" data-bg-color=\"\" data-bg-opacity=\"1\" data-animation=\"\" data-delay=\"0\" >\n\t\t<div class=\"vc_column-inner\" >\n\t\t\t<div class=\"wpb_wrapper\">\n\t\t\t\t<h4 style=\"color: #001f4e;text-align: center\" class=\"vc_custom_heading vc_do_custom_heading\" >Filtres \u00e0 manchon<\/h4>\n<div class=\"wpb_text_column wpb_content_element\" >\n\t<p style=\"text-align: center;\">Les filtres \u00e0 manches, en fer et en acier inoxydable, sont de conception nouvelle\u00a0; ils peuvent \u00eatre remplac\u00e9s de l&#039;int\u00e9rieur comme de l&#039;ext\u00e9rieur du filtre. Sur demande, les filtres peuvent \u00eatre isol\u00e9s.<\/p>\n<\/div>\n\n\n\n\n\t\t\t<\/div> \n\t\t<\/div>\n\t<\/div> \n\n\t<div  class=\"vc_col-sm-1\/5 wpb_column column_container vc_column_container col padding-3-percent inherit_tablet inherit_phone\"  data-padding-pos=\"all\" data-has-bg-color=\"false\" data-bg-color=\"\" data-bg-opacity=\"1\" data-animation=\"\" data-delay=\"0\" >\n\t\t<div class=\"vc_column-inner\" >\n\t\t\t<div class=\"wpb_wrapper\">\n\t\t\t\t<h4 style=\"color: #001f4e;text-align: center\" class=\"vc_custom_heading vc_do_custom_heading\" >Cylindres de s\u00e9chage<\/h4>\n<div class=\"wpb_text_column wpb_content_element\" >\n\t<p style=\"text-align: center;\">Cylindres s\u00e9cheurs en acier de diff\u00e9rents diam\u00e8tres et longueurs pour les types de produits les plus vari\u00e9s. La technologie innovante utilis\u00e9e pour leur construction permet de cr\u00e9er des cylindres s\u00e9cheurs id\u00e9aux pour le traitement des conglom\u00e9rats, des granulats et des boues, int\u00e9grables dans des installations de concassage ou de d\u00e9pollution des sols.<\/p>\n<\/div>\n\n\n\n\n\t\t\t<\/div> \n\t\t<\/div>\n\t<\/div> \n\n\t<div  class=\"vc_col-sm-1\/5 wpb_column column_container vc_column_container col padding-3-percent inherit_tablet inherit_phone\"  data-padding-pos=\"all\" data-has-bg-color=\"false\" data-bg-color=\"\" data-bg-opacity=\"1\" data-animation=\"\" data-delay=\"0\" >\n\t\t<div class=\"vc_column-inner\" >\n\t\t\t<div class=\"wpb_wrapper\">\n\t\t\t\t<h4 style=\"color: #001f4e;text-align: center\" class=\"vc_custom_heading vc_do_custom_heading\" >Tr\u00e9mies \/ Bacs de dosage<\/h4>\n<div class=\"wpb_text_column wpb_content_element\" >\n\t<p style=\"text-align: center;\">Les doseurs Mille Srl conviennent \u00e0 diff\u00e9rents mat\u00e9riaux tels que le gravier, le ciment, le sable, l&#039;argile, etc. Ils peuvent \u00eatre personnalis\u00e9s avec un rev\u00eatement en polyz\u00e8ne ou en caoutchouc, des vibrateurs et d&#039;autres accessoires. Ils peuvent \u00eatre compl\u00e9t\u00e9s par des bandes d&#039;extraction ou un volet m\u00e9tallique.<\/p>\n<\/div>\n\n\n\n\n\t\t\t<\/div> \n\t\t<\/div>\n\t<\/div> \n\n\t<div  class=\"vc_col-sm-1\/5 wpb_column column_container vc_column_container col padding-3-percent inherit_tablet inherit_phone\"  data-padding-pos=\"all\" data-has-bg-color=\"false\" data-bg-color=\"\" data-bg-opacity=\"1\" data-animation=\"\" data-delay=\"0\" >\n\t\t<div class=\"vc_column-inner\" >\n\t\t\t<div class=\"wpb_wrapper\">\n\t\t\t\t<h4 style=\"color: #001f4e;text-align: center\" class=\"vc_custom_heading vc_do_custom_heading\" >\u00c9crans rotatifs<\/h4>\n<div class=\"wpb_text_column wpb_content_element\" >\n\t<p style=\"text-align: center;\">Ces produits ont une structure enti\u00e8rement d\u00e9montable en t\u00f4le \u00e9paisse avec des nervures embouties et sont disponibles avec diff\u00e9rentes capacit\u00e9s de confinement.<\/p>\n<\/div>\n\n\n\n\n\t\t\t<\/div> \n\t\t<\/div>\n\t<\/div> \n<\/div><\/div>\n\t\t<div id=\"fws_6a08ffc6e8a9c\"  data-column-margin=\"default\" data-midnight=\"dark\" data-top-percent=\"4%\" data-bottom-percent=\"4%\"  class=\"wpb_row vc_row-fluid vc_row full-width-content has-row-bg-color vc_row-o-equal-height vc_row-flex vc_row-o-content-middle\"  style=\"padding-top: calc(100vw * 0.04); padding-bottom: calc(100vw * 0.04); --row-bg-color: #f2f2f2;\"><div class=\"row-bg-wrap\" data-bg-animation=\"none\" data-bg-animation-delay=\"\" data-bg-overlay=\"false\"><div class=\"inner-wrap row-bg-layer\" ><div class=\"row-bg viewport-desktop using-bg-color\"  style=\"background-color: #f2f2f2; \"><\/div><\/div><\/div><div class=\"row_col_wrap_12 col span_12 dark center\">\n\t<div  class=\"vc_col-sm-12 wpb_column column_container vc_column_container col no-extra-padding inherit_tablet inherit_phone\"  data-padding-pos=\"all\" data-has-bg-color=\"false\" data-bg-color=\"\" data-bg-opacity=\"1\" data-animation=\"\" data-delay=\"0\" >\n\t\t<div class=\"vc_column-inner\" >\n\t\t\t<div class=\"wpb_wrapper\">\n\t\t\t\t<div id=\"fws_6a08ffc6e9074\" data-midnight=\"\" data-column-margin=\"default\" class=\"wpb_row vc_row-fluid vc_row inner_row\"  style=\"\"><div class=\"row-bg-wrap\"> <div class=\"row-bg\" ><\/div> <\/div><div class=\"row_col_wrap_12_inner col span_12  center\">\n\t<div  class=\"vc_col-sm-2 wpb_column column_container vc_column_container col child_column no-extra-padding inherit_tablet inherit_phone\"   data-padding-pos=\"all\" data-has-bg-color=\"false\" data-bg-color=\"\" data-bg-opacity=\"1\" data-animation=\"\" data-delay=\"0\" >\n\t\t<div class=\"vc_column-inner\" >\n\t\t<div class=\"wpb_wrapper\">\n\t\t\t\n\t\t<\/div> \n\t<\/div>\n\t<\/div> \n\n\t<div  class=\"vc_col-sm-8 wpb_column column_container vc_column_container col child_column centered-text padding-2-percent inherit_tablet inherit_phone\"   data-padding-pos=\"left-right\" data-has-bg-color=\"false\" data-bg-color=\"\" data-bg-opacity=\"1\" data-animation=\"\" data-delay=\"0\" >\n\t\t<div class=\"vc_column-inner\" >\n\t\t<div class=\"wpb_wrapper\">\n\t\t\t<div class=\"img-with-aniamtion-wrap center\" data-max-width=\"100%\" data-max-width-mobile=\"default\" data-shadow=\"none\" data-animation=\"none\" >\n      <div class=\"inner\">\n        <div class=\"hover-wrap\"> \n          <div class=\"hover-wrap-inner\">\n            <img loading=\"lazy\" decoding=\"async\" class=\"img-with-animation skip-lazy\" data-delay=\"0\" height=\"219\" width=\"300\" data-animation=\"none\" src=\"https:\/\/www.millesrl.it\/wp-content\/uploads\/2020\/09\/mille-logo-scritta-blu-retina.png\" alt=\"\"  \/>\n          <\/div>\n        <\/div>\n        \n      <\/div>\n    <\/div><div class=\"divider-wrap\" data-alignment=\"default\"><div style=\"height: 5px;\" class=\"divider\"><\/div><\/div><p style=\"font-size: 22px;color: #001f4f;line-height: 26px;text-align: center\" class=\"vc_custom_heading vc_do_custom_heading vc_custom_1631628433465\" >Depuis 1982, conception et fabrication de composants et de machines compl\u00e8tes pour le transport de mat\u00e9riaux en vrac<\/p><a class=\"nectar-button large regular accent-color has-icon  regular-button\"  role=\"button\" style=\"margin-top: 5px; color: #001852; \"  href=\"https:\/\/www.millesrl.it\/fr\/contatti\/\" data-color-override=\"false\" data-hover-color-override=\"false\" data-hover-text-color-override=\"#fff\"><span>Contactez-nous<\/span><i style=\"color: #001852;\"  class=\"icon-button-arrow\"><\/i><\/a>\n\t\t<\/div> \n\t<\/div>\n\t<\/div> \n\n\t<div  class=\"vc_col-sm-2 wpb_column column_container vc_column_container col child_column no-extra-padding inherit_tablet inherit_phone\"   data-padding-pos=\"all\" data-has-bg-color=\"false\" data-bg-color=\"\" data-bg-opacity=\"1\" data-animation=\"\" data-delay=\"0\" >\n\t\t<div class=\"vc_column-inner\" >\n\t\t<div class=\"wpb_wrapper\">\n\t\t\t\n\t\t<\/div> \n\t<\/div>\n\t<\/div> \n<\/div><\/div>\n\t\t\t<\/div> \n\t\t<\/div>\n\t<\/div> \n<\/div><\/div>\n\t\t<div id=\"fws_6a08ffc6ea834\"  data-column-margin=\"default\" data-midnight=\"dark\"  class=\"wpb_row vc_row-fluid vc_row full-width-content has-row-bg-color vc_row-o-equal-height vc_row-flex vc_row-o-content-top\"  style=\"padding-top: 0px; padding-bottom: 0px; --row-bg-color: #f7f7f7;\"><div class=\"row-bg-wrap\" data-bg-animation=\"none\" data-bg-animation-delay=\"\" data-bg-overlay=\"false\"><div class=\"inner-wrap row-bg-layer\" ><div class=\"row-bg viewport-desktop using-bg-color\"  style=\"background-color: #f7f7f7; \"><\/div><\/div><\/div><div class=\"row_col_wrap_12 col span_12 dark left\">\n\t<div  class=\"vc_col-sm-12 wpb_column column_container vc_column_container col no-extra-padding inherit_tablet inherit_phone\"  data-padding-pos=\"all\" data-has-bg-color=\"false\" data-bg-color=\"\" data-bg-opacity=\"1\" data-animation=\"\" data-delay=\"0\" >\n\t\t<div class=\"vc_column-inner\" >\n\t\t\t<div class=\"wpb_wrapper\">\n\t\t\t\t<div class=\"img-with-aniamtion-wrap\" data-max-width=\"100%\" data-max-width-mobile=\"default\" data-shadow=\"none\" data-animation=\"none\" >\n      <div class=\"inner\">\n        <div class=\"hover-wrap\"> \n          <div class=\"hover-wrap-inner\">\n            <img loading=\"lazy\" decoding=\"async\" class=\"img-with-animation skip-lazy\" data-delay=\"0\" height=\"43\" width=\"3456\" data-animation=\"none\" src=\"https:\/\/www.millesrl.it\/wp-content\/uploads\/2021\/06\/bandiera-big.png\" alt=\"\" srcset=\"https:\/\/www.millesrl.it\/wp-content\/uploads\/2021\/06\/bandiera-big.png 3456w, https:\/\/www.millesrl.it\/wp-content\/uploads\/2021\/06\/bandiera-big-300x4.png 300w, https:\/\/www.millesrl.it\/wp-content\/uploads\/2021\/06\/bandiera-big-1024x13.png 1024w, https:\/\/www.millesrl.it\/wp-content\/uploads\/2021\/06\/bandiera-big-768x10.png 768w, https:\/\/www.millesrl.it\/wp-content\/uploads\/2021\/06\/bandiera-big-1536x19.png 1536w, https:\/\/www.millesrl.it\/wp-content\/uploads\/2021\/06\/bandiera-big-2048x25.png 2048w\" sizes=\"auto, (max-width: 3456px) 100vw, 3456px\" \/>\n          <\/div>\n        <\/div>\n        \n      <\/div>\n    <\/div>\n\t\t\t<\/div> \n\t\t<\/div>\n\t<\/div> \n<\/div><\/div>","protected":false},"excerpt":{"rendered":"Applicazioni speciali Mille S.r.l., grazie all\u2019esperienza del proprio Staff Tecnico, \u00e8 in grado di realizzare...","protected":false},"author":3,"featured_media":0,"parent":0,"menu_order":0,"comment_status":"closed","ping_status":"closed","template":"","meta":{"footnotes":""},"class_list":["post-6248","page","type-page","status-publish"],"_links":{"self":[{"href":"https:\/\/www.millesrl.it\/fr\/wp-json\/wp\/v2\/pages\/6248","targetHints":{"allow":["GET"]}}],"collection":[{"href":"https:\/\/www.millesrl.it\/fr\/wp-json\/wp\/v2\/pages"}],"about":[{"href":"https:\/\/www.millesrl.it\/fr\/wp-json\/wp\/v2\/types\/page"}],"author":[{"embeddable":true,"href":"https:\/\/www.millesrl.it\/fr\/wp-json\/wp\/v2\/users\/3"}],"replies":[{"embeddable":true,"href":"https:\/\/www.millesrl.it\/fr\/wp-json\/wp\/v2\/comments?post=6248"}],"version-history":[{"count":0,"href":"https:\/\/www.millesrl.it\/fr\/wp-json\/wp\/v2\/pages\/6248\/revisions"}],"wp:attachment":[{"href":"https:\/\/www.millesrl.it\/fr\/wp-json\/wp\/v2\/media?parent=6248"}],"curies":[{"name":"wp","href":"https:\/\/api.w.org\/{rel}","templated":true}]}}