{"id":771,"date":"2015-07-03T15:40:48","date_gmt":"2015-07-03T13:40:48","guid":{"rendered":"http:\/\/www.millesrl.it\/?page_id=771"},"modified":"2023-04-04T15:01:25","modified_gmt":"2023-04-04T13:01:25","slug":"informativa-sui-cookie-e-privacy","status":"publish","type":"page","link":"https:\/\/www.millesrl.it\/fr\/informativa-sui-cookie-e-privacy\/","title":{"rendered":"Politique relative aux cookies et \u00e0 la confidentialit\u00e9"},"content":{"rendered":"<h1>POLITIQUE DE COOKIES<\/h1>\n<p>&nbsp;<\/p>\n<h2><strong>COOKIES SUR CE SITE<\/strong><\/h2>\n<div class=\"BorlabsCookie\"><h3 class=\"_brlbs _brlbs-cg-essential\">Essentiel<\/h3><p class=\"_brlbs _brlbs-cg-essential\">Les cookies essentiels permettent des fonctions de base et sont n\u00e9cessaires au bon fonctionnement du site Web.<\/p><h4 class=\"_brlbs _brlbs-c-borlabs-cookie\">Biscuit Borlabs<\/h4><div class=\"_brlbs-responsive-table\"><table class=\"_brlbs _brlbs-c-borlabs-cookie\"><tr><th scope=\"row\">Nom<\/th><td>Biscuit Borlabs<\/td><\/tr><tr><th scope=\"row\">Fournisseur<\/th><td>Propri\u00e9taire de ce site Web<\/td><\/tr><tr><th scope=\"row\">Port\u00e9e<\/th><td>Enregistre les pr\u00e9f\u00e9rences des visiteurs s\u00e9lectionn\u00e9es dans la Cookie Box de Borlabs Cookie.<\/td><\/tr><tr><th scope=\"row\">Nom du cookie<\/th><td>borlabs-cookie<\/td><\/tr><tr><th scope=\"row\">Expiration des cookies<\/th><td>1 an<\/td><\/tr><\/table><\/div><h3 class=\"_brlbs _brlbs-cg-statistics\">Statistiques<\/h3><p class=\"_brlbs _brlbs-cg-statistics\">Les cookies \u00e0 des fins statistiques collectent des informations de mani\u00e8re anonyme. Ces informations nous aident \u00e0 comprendre comment nos visiteurs utilisent notre site web.<\/p><h4 class=\"_brlbs _brlbs-c-google-analytics\">Google Analytics<\/h4><div class=\"_brlbs-responsive-table\"><table class=\"_brlbs _brlbs-c-google-analytics\"><tr><th scope=\"row\">Nom<\/th><td>Google Analytics<\/td><\/tr><tr><th scope=\"row\">Fournisseur<\/th><td>Google Ireland Limited, Gordon House, Barrow Street, Dublin 4, Irlande<\/td><\/tr><tr><th scope=\"row\">Port\u00e9e<\/th><td>Cookie Google utilis\u00e9 pour l&#039;analyse du site web. Il g\u00e9n\u00e8re des donn\u00e9es statistiques sur l&#039;utilisation du site par le visiteur.<\/td><\/tr><tr><th scope=\"row\">politique de confidentialit\u00e9<\/th><td><a href=\"https:\/\/policies.google.com\/privacy?hl=en\" target=\"_blank\" rel=\"nofollow noopener noreferrer\">https:\/\/policies.google.com\/privacy?hl=en<\/a><\/td><\/tr><tr><th scope=\"row\">Nom du cookie<\/th><td>_ga,_gat,_gid<\/td><\/tr><tr><th scope=\"row\">Expiration des cookies<\/th><td>2 mois<\/td><\/tr><\/table><\/div><h3 class=\"_brlbs _brlbs-cg-marketing\">Commercialisation<\/h3><p class=\"_brlbs _brlbs-cg-marketing\">Les cookies marketing sont utilis\u00e9s par des annonceurs ou des \u00e9diteurs tiers pour afficher des publicit\u00e9s personnalis\u00e9es. Ils le font en suivant les visiteurs sur les sites web.<\/p><h3 class=\"_brlbs _brlbs-cg-external-media\">Tierces parties<\/h3><p class=\"_brlbs _brlbs-cg-external-media\">Le contenu des plateformes vid\u00e9o et des r\u00e9seaux sociaux est bloqu\u00e9 par d\u00e9faut. Si les cookies tiers sont accept\u00e9s, l&#039;acc\u00e8s \u00e0 ces contenus ne n\u00e9cessite plus de consentement manuel.<\/p><h4 class=\"_brlbs _brlbs-c-facebook\">Facebook<\/h4><div class=\"_brlbs-responsive-table\"><table class=\"_brlbs _brlbs-c-facebook\"><tr><th scope=\"row\">Nom<\/th><td>Facebook<\/td><\/tr><tr><th scope=\"row\">Fournisseur<\/th><td>Meta Platforms Ireland Limited, 4 Grand Canal Square, Dublin 2, Irlande<\/td><\/tr><tr><th scope=\"row\">Port\u00e9e<\/th><td>Utilis\u00e9 pour d\u00e9verrouiller le contenu Facebook.<\/td><\/tr><tr><th scope=\"row\">politique de confidentialit\u00e9<\/th><td><a href=\"https:\/\/www.facebook.com\/privacy\/explanation\" target=\"_blank\" rel=\"nofollow noopener noreferrer\">https:\/\/www.facebook.com\/privacy\/explanation<\/a><\/td><\/tr><tr><th scope=\"row\">H\u00f4te(s)<\/th><td>.facebook.com<\/td><\/tr><\/table><\/div><h4 class=\"_brlbs _brlbs-c-googlemaps\">Google Maps<\/h4><div class=\"_brlbs-responsive-table\"><table class=\"_brlbs _brlbs-c-googlemaps\"><tr><th scope=\"row\">Nom<\/th><td>Google Maps<\/td><\/tr><tr><th scope=\"row\">Fournisseur<\/th><td>Google Ireland Limited, Gordon House, Barrow Street, Dublin 4, Irlande<\/td><\/tr><tr><th scope=\"row\">Port\u00e9e<\/th><td>Utilis\u00e9 pour d\u00e9verrouiller le contenu de Google Maps.<\/td><\/tr><tr><th scope=\"row\">politique de confidentialit\u00e9<\/th><td><a href=\"https:\/\/policies.google.com\/privacy?hl=en&#038;gl=en\" target=\"_blank\" rel=\"nofollow noopener noreferrer\">https:\/\/policies.google.com\/privacy?hl=en&#038;gl=en<\/a><\/td><\/tr><tr><th scope=\"row\">H\u00f4te(s)<\/th><td>.google.com<\/td><\/tr><tr><th scope=\"row\">Nom du cookie<\/th><td>NID<\/td><\/tr><tr><th scope=\"row\">Expiration des cookies<\/th><td>6 mois<\/td><\/tr><\/table><\/div><h4 class=\"_brlbs _brlbs-c-instagram\">Instagram<\/h4><div class=\"_brlbs-responsive-table\"><table class=\"_brlbs _brlbs-c-instagram\"><tr><th scope=\"row\">Nom<\/th><td>Instagram<\/td><\/tr><tr><th scope=\"row\">Fournisseur<\/th><td>Meta Platforms Ireland Limited, 4 Grand Canal Square, Dublin 2, Irlande<\/td><\/tr><tr><th scope=\"row\">Port\u00e9e<\/th><td>Utilis\u00e9 pour d\u00e9bloquer le contenu Instagram.<\/td><\/tr><tr><th scope=\"row\">politique de confidentialit\u00e9<\/th><td><a href=\"https:\/\/www.instagram.com\/legal\/privacy\/\" target=\"_blank\" rel=\"nofollow noopener noreferrer\">https:\/\/www.instagram.com\/legal\/privacy\/<\/a><\/td><\/tr><tr><th scope=\"row\">H\u00f4te(s)<\/th><td>.instagram.com<\/td><\/tr><tr><th scope=\"row\">Nom du cookie<\/th><td>pigeon_state<\/td><\/tr><tr><th scope=\"row\">Expiration des cookies<\/th><td>Session<\/td><\/tr><\/table><\/div><h4 class=\"_brlbs _brlbs-c-openstreetmap\">OpenStreetMap<\/h4><div class=\"_brlbs-responsive-table\"><table class=\"_brlbs _brlbs-c-openstreetmap\"><tr><th scope=\"row\">Nom<\/th><td>OpenStreetMap<\/td><\/tr><tr><th scope=\"row\">Fournisseur<\/th><td>Fondation Openstreetmap, Centre d&#039;innovation St John&#039;s, Cowley Road, Cambridge CB4 0WS, Royaume-Uni<\/td><\/tr><tr><th scope=\"row\">Port\u00e9e<\/th><td>Utilis\u00e9 pour d\u00e9bloquer le contenu OpenStreetMap.<\/td><\/tr><tr><th scope=\"row\">politique de confidentialit\u00e9<\/th><td><a href=\"https:\/\/wiki.osmfoundation.org\/wiki\/Privacy_Policy\" target=\"_blank\" rel=\"nofollow noopener noreferrer\">https:\/\/wiki.osmfoundation.org\/wiki\/Privacy_Policy<\/a><\/td><\/tr><tr><th scope=\"row\">H\u00f4te(s)<\/th><td>.openstreetmap.org<\/td><\/tr><tr><th scope=\"row\">Nom du cookie<\/th><td>_osm_location, _osm_session, _osm_totp_token, _osm_welcome, _pk_id., _pk_ref., _pk_ses., qos_token<\/td><\/tr><tr><th scope=\"row\">Expiration des cookies<\/th><td>1 \u00e0 10 ans<\/td><\/tr><\/table><\/div><h4 class=\"_brlbs _brlbs-c-twitter\">Gazouillement<\/h4><div class=\"_brlbs-responsive-table\"><table class=\"_brlbs _brlbs-c-twitter\"><tr><th scope=\"row\">Nom<\/th><td>Gazouillement<\/td><\/tr><tr><th scope=\"row\">Fournisseur<\/th><td>Twitter International Company, One Cumberland Place, Fenian Street, Dublin 2, D02 AX07, Irlande<\/td><\/tr><tr><th scope=\"row\">Port\u00e9e<\/th><td>Utilis\u00e9 pour d\u00e9bloquer le contenu Twitter.<\/td><\/tr><tr><th scope=\"row\">politique de confidentialit\u00e9<\/th><td><a href=\"https:\/\/twitter.com\/privacy\" target=\"_blank\" rel=\"nofollow noopener noreferrer\">https:\/\/twitter.com\/privacy<\/a><\/td><\/tr><tr><th scope=\"row\">H\u00f4te(s)<\/th><td>.twimg.com, .twitter.com<\/td><\/tr><tr><th scope=\"row\">Nom du cookie<\/th><td>__widgetsettings, test de prise en charge du stockage local<\/td><\/tr><tr><th scope=\"row\">Expiration des cookies<\/th><td>Illimit\u00e9<\/td><\/tr><\/table><\/div><h4 class=\"_brlbs _brlbs-c-vimeo\">Vimeo<\/h4><div class=\"_brlbs-responsive-table\"><table class=\"_brlbs _brlbs-c-vimeo\"><tr><th scope=\"row\">Nom<\/th><td>Vimeo<\/td><\/tr><tr><th scope=\"row\">Fournisseur<\/th><td>Vimeo Inc., 555 West 18th Street, New York, New York 10011, \u00c9tats-Unis<\/td><\/tr><tr><th scope=\"row\">Port\u00e9e<\/th><td>Utilis\u00e9 pour d\u00e9bloquer le contenu Vimeo.<\/td><\/tr><tr><th scope=\"row\">politique de confidentialit\u00e9<\/th><td><a href=\"https:\/\/vimeo.com\/privacy\" target=\"_blank\" rel=\"nofollow noopener noreferrer\">https:\/\/vimeo.com\/privacy<\/a><\/td><\/tr><tr><th scope=\"row\">H\u00f4te(s)<\/th><td>player.vimeo.com<\/td><\/tr><tr><th scope=\"row\">Nom du cookie<\/th><td>tu veux<\/td><\/tr><tr><th scope=\"row\">Expiration des cookies<\/th><td>2 ans<\/td><\/tr><\/table><\/div><h4 class=\"_brlbs _brlbs-c-youtube\">YouTube<\/h4><div class=\"_brlbs-responsive-table\"><table class=\"_brlbs _brlbs-c-youtube\"><tr><th scope=\"row\">Nom<\/th><td>YouTube<\/td><\/tr><tr><th scope=\"row\">Fournisseur<\/th><td>Google Ireland Limited, Gordon House, Barrow Street, Dublin 4, Irlande<\/td><\/tr><tr><th scope=\"row\">Port\u00e9e<\/th><td>Utilis\u00e9 pour d\u00e9bloquer le contenu YouTube.<\/td><\/tr><tr><th scope=\"row\">politique de confidentialit\u00e9<\/th><td><a href=\"https:\/\/policies.google.com\/privacy?hl=en&#038;gl=en\" target=\"_blank\" rel=\"nofollow noopener noreferrer\">https:\/\/policies.google.com\/privacy?hl=en&#038;gl=en<\/a><\/td><\/tr><tr><th scope=\"row\">H\u00f4te(s)<\/th><td>google.com<\/td><\/tr><tr><th scope=\"row\">Nom du cookie<\/th><td>NID<\/td><\/tr><tr><th scope=\"row\">Expiration des cookies<\/th><td>6 mois<\/td><\/tr><\/table><\/div><\/div>\n&nbsp;<\/p>\n<h2><strong>MES COOKIES ACTIFS<\/strong><\/h2>\n<div class=\"BorlabsCookie\" data-borlabs-cookie-consent-history><div class=\"_brlbs-responsive-table\"><table class=\"_brlbs-table\"><thead><tr><th class=\"_brlbs-table-date\" scope=\"col\">Date<\/th><th class=\"_brlbs-table-version\" scope=\"col\">Version<\/th><th class=\"_brlbs-table-consents\" scope=\"col\">Consentements<\/th><\/tr><\/thead><\/table><\/div><\/div>\n&nbsp;<br \/>\n<a href=\"#\" class=\"borlabs-cookie-preference\">Modifier les param\u00e8tres des cookies<\/a>\n<h1><\/h1>\n<h2>COOKIES<\/h2>\n<p>Pour rendre notre site plus simple et plus intuitif, nous utilisons des cookies. Ces petits fichiers de donn\u00e9es nous permettent de comparer les visiteurs, nouveaux et anciens, et de comprendre comment les utilisateurs naviguent sur notre site. Nous utilisons les donn\u00e9es collect\u00e9es gr\u00e2ce aux cookies pour rendre votre navigation plus agr\u00e9able et plus efficace \u00e0 l&#039;avenir.<\/p>\n<p>Les cookies n&#039;enregistrent aucune information personnelle sur l&#039;utilisateur et aucune donn\u00e9e identifiable n&#039;est stock\u00e9e. Si vous souhaitez d\u00e9sactiver l&#039;utilisation des cookies, vous devez configurer votre ordinateur en supprimant tous les cookies ou en activant un message d&#039;avertissement lorsqu&#039;ils sont enregistr\u00e9s. Pour continuer sans modifier l&#039;utilisation des cookies, poursuivez simplement votre navigation.<\/p>\n<p>Visite <a href=\"http:\/\/www.aboutcookies.org\/\" target=\"_blank\" rel=\"noopener\">AboutCookies.org<\/a> pour plus d&#039;informations sur les cookies et comment ils affectent votre exp\u00e9rience de navigation.<\/p>\n<p><strong>Les types de cookies que nous utilisons<\/strong><\/p>\n<p>Cookies essentiels<\/p>\n<p>Ces cookies sont essentiels pour vous permettre de naviguer sur le site et d&#039;utiliser pleinement ses fonctionnalit\u00e9s, comme acc\u00e9der aux diff\u00e9rentes zones prot\u00e9g\u00e9es. Sans ces cookies, certains services essentiels, comme remplir un formulaire pour un concours, ne peuvent pas \u00eatre utilis\u00e9s.<\/p>\n<p>Cookies de performance<\/p>\n<p>Ces cookies collectent des informations sur la fa\u00e7on dont les visiteurs utilisent un site web, par exemple les pages les plus consult\u00e9es et les messages d&#039;erreur \u00e9ventuels. Ces cookies ne collectent aucune information permettant d&#039;identifier un visiteur. Toutes les informations collect\u00e9es via les cookies sont agr\u00e9g\u00e9es et donc anonymes. Elles sont uniquement utilis\u00e9es pour am\u00e9liorer le fonctionnement d&#039;un site web.<br \/>\nEn utilisant notre site, vous acceptez que ces cookies soient install\u00e9s sur votre appareil.<\/p>\n<p>Cookies fonctionnels<\/p>\n<p>Les cookies permettent au site de m\u00e9moriser vos choix (tels que votre nom d&#039;utilisateur, votre langue ou votre r\u00e9gion) et de vous proposer des fonctionnalit\u00e9s am\u00e9lior\u00e9es et plus personnalis\u00e9es. Ces cookies peuvent \u00e9galement \u00eatre utilis\u00e9s pour m\u00e9moriser les modifications que vous avez apport\u00e9es \u00e0 la taille du texte, aux polices et \u00e0 d&#039;autres \u00e9l\u00e9ments personnalisables des pages web. Ils peuvent \u00e9galement \u00eatre utilis\u00e9s pour fournir les services que vous avez demand\u00e9s, comme regarder une vid\u00e9o ou commenter un blog. Les informations collect\u00e9es par ces cookies peuvent \u00eatre anonymis\u00e9es et ne peuvent pas suivre votre navigation sur d&#039;autres sites web.<br \/>\nEn utilisant notre site, vous acceptez que ces cookies soient install\u00e9s sur votre appareil.<\/p>\n<p><strong>Comment g\u00e9rer les cookies sur votre PC<\/strong><\/p>\n<p>Si vous souhaitez autoriser les cookies de notre site, veuillez suivre les \u00e9tapes ci-dessous,<\/p>\n<p>Google Chrome<br \/>\n1. Cliquez sur \u00ab\u00a0Outils\u00a0\u00bb en haut de la fen\u00eatre du navigateur et s\u00e9lectionnez Options<br \/>\n2. Cliquez sur l&#039;onglet \u00ab\u00a0Sous le capot\u00a0\u00bb, recherchez la section \u00ab\u00a0Confidentialit\u00e9\u00a0\u00bb et s\u00e9lectionnez le bouton \u00ab\u00a0Param\u00e8tres de contenu\u00a0\u00bb<br \/>\n3. S\u00e9lectionnez maintenant \u00ab\u00a0Autoriser la d\u00e9finition des donn\u00e9es locales\u00a0\u00bb<\/p>\n<p>Microsoft Internet Explorer 6.0, 7.0, 8.0, 9.0<br \/>\n1. Cliquez sur \u00ab Outils \u00bb en haut de la fen\u00eatre de votre navigateur et s\u00e9lectionnez \u00ab Options Internet \u00bb, puis cliquez sur l&#039;onglet \u00ab Confidentialit\u00e9 \u00bb<br \/>\n2. Pour activer les cookies dans votre navigateur, assurez-vous que le niveau de confidentialit\u00e9 est d\u00e9fini sur Moyen ou inf\u00e9rieur,<br \/>\n3. D\u00e9finir le niveau de confidentialit\u00e9 au-dessus de Moyen d\u00e9sactivera l&#039;utilisation des cookies.<\/p>\n<p>Mozilla Firefox<br \/>\n1. Cliquez sur \u00ab\u00a0Outils\u00a0\u00bb en haut de la fen\u00eatre du navigateur et s\u00e9lectionnez \u00ab\u00a0Options\u00a0\u00bb<br \/>\n2. S\u00e9lectionnez ensuite l&#039;ic\u00f4ne Confidentialit\u00e9<br \/>\n3. Cliquez sur Cookies, puis s\u00e9lectionnez \u00ab\u00a0Autoriser les sites \u00e0 utiliser des cookies\u00a0\u00bb<\/p>\n<p>Safari<br \/>\n1. Cliquez sur l&#039;ic\u00f4ne en forme de roue dent\u00e9e en haut de la fen\u00eatre du navigateur et s\u00e9lectionnez l&#039;option \u00ab\u00a0Pr\u00e9f\u00e9rences\u00a0\u00bb<br \/>\n2. Cliquez sur \u00ab Protection \u00bb, s\u00e9lectionnez l&#039;option \u00ab Bloquer les cookies tiers et publicitaires \u00bb<br \/>\n3. Cliquez sur \u00ab\u00a0Enregistrer\u00a0\u00bb<\/p>\n<p>Comment g\u00e9rer les cookies sur Mac<br \/>\nSi vous souhaitez autoriser les cookies de notre site, veuillez suivre les \u00e9tapes ci-dessous :<\/p>\n<p>Microsoft Internet Explorer 5.0 sur OSX<br \/>\n1. Cliquez sur \u00ab\u00a0Explorer\u00a0\u00bb en haut de la fen\u00eatre de votre navigateur et s\u00e9lectionnez l&#039;option \u00ab\u00a0Pr\u00e9f\u00e9rences\u00a0\u00bb<br \/>\n2. Faites d\u00e9filer vers le bas jusqu&#039;\u00e0 ce que vous voyiez \u00ab Cookies \u00bb dans la section R\u00e9ception de fichiers<br \/>\n3. S\u00e9lectionnez l&#039;option \u00ab\u00a0Ne pas demander\u00a0\u00bb<\/p>\n<p>Safari sur OSX<br \/>\n1. Cliquez sur \u00ab Safari \u00bb en haut de la fen\u00eatre du navigateur et s\u00e9lectionnez l&#039;option \u00ab Pr\u00e9f\u00e9rences \u00bb<br \/>\n2. Cliquez sur \u00ab S\u00e9curit\u00e9 \u00bb puis sur \u00ab Accepter les cookies \u00bb<br \/>\n3. S\u00e9lectionnez \u00ab\u00a0Uniquement \u00e0 partir du site\u00a0\u00bb<\/p>\n<p>Mozilla et Netscape sur OSX<br \/>\n1. Cliquez sur \u00ab\u00a0Mozilla\u00a0\u00bb ou \u00ab\u00a0Netscape\u00a0\u00bb en haut de la fen\u00eatre de votre navigateur et s\u00e9lectionnez l&#039;option \u00ab\u00a0Pr\u00e9f\u00e9rences\u00a0\u00bb<br \/>\n2. Faites d\u00e9filer vers le bas jusqu&#039;\u00e0 ce que vous voyiez les cookies sous \u00ab Confidentialit\u00e9 et s\u00e9curit\u00e9 \u00bb<br \/>\n3. S\u00e9lectionnez \u00ab\u00a0Activer les cookies uniquement pour le site d&#039;origine\u00a0\u00bb<\/p>\n<p>Op\u00e9ra<br \/>\n1. Cliquez sur \u00ab\u00a0Menu\u00a0\u00bb en haut de la fen\u00eatre de votre navigateur et s\u00e9lectionnez \u00ab\u00a0Param\u00e8tres\u00a0\u00bb<br \/>\n2. S\u00e9lectionnez ensuite \u00ab\u00a0Pr\u00e9f\u00e9rences\u00a0\u00bb, puis l&#039;onglet \u00ab\u00a0Avanc\u00e9\u00a0\u00bb<br \/>\n3. S\u00e9lectionnez ensuite l&#039;option \u00ab Accepter les cookies \u00bb<\/p>\n<p>&nbsp;<\/p>\n<p><strong>Google Analytics<\/strong><\/p>\n<p>Ce site web utilise Google Analytics, un service d&#039;analyse web fourni par Google, Inc. (\u00ab\u00a0Google\u00a0\u00bb). Google Analytics utilise des \u00ab\u00a0cookies\u00a0\u00bb, des fichiers texte plac\u00e9s sur votre ordinateur, pour aider le site web \u00e0 analyser l&#039;utilisation du site par ses utilisateurs. Les informations g\u00e9n\u00e9r\u00e9es par les cookies concernant votre utilisation du site web (y compris votre adresse IP anonyme) seront transmises et stock\u00e9es par Google sur des serveurs situ\u00e9s aux \u00c9tats-Unis. Google utilisera ces informations pour \u00e9valuer votre utilisation du site web, compiler des rapports sur l&#039;activit\u00e9 du site web \u00e0 destination de son \u00e9diteur et fournir d&#039;autres services relatifs \u00e0 l&#039;activit\u00e9 du site web et \u00e0 l&#039;utilisation d&#039;Internet. Google est susceptible de communiquer ces informations \u00e0 des tiers en cas d&#039;obligation l\u00e9gale ou lorsque ces tiers traitent ces informations pour le compte de Google. Google ne recoupera pas votre adresse IP avec toute autre donn\u00e9e d\u00e9tenue par Google. Vous pouvez refuser l&#039;utilisation de cookies en s\u00e9lectionnant les param\u00e8tres appropri\u00e9s de votre navigateur. Veuillez toutefois noter que si vous le faites, vous risquez de ne pas pouvoir utiliser toutes les fonctionnalit\u00e9s de ce site web. En utilisant ce site web, vous consentez au traitement de vos donn\u00e9es nominatives par Google dans les conditions et pour les finalit\u00e9s d\u00e9crites ci-dessus.<\/p>\n<p>Vous pouvez emp\u00eacher Google de collecter les cookies g\u00e9n\u00e9r\u00e9s par et li\u00e9s \u00e0 votre utilisation du site Web (y compris votre adresse IP) et de traiter ces donn\u00e9es en t\u00e9l\u00e9chargeant et en installant ce plugin de navigateur :<a href=\"http:\/\/tools.google.com\/dlpage\/gaoptout?hl=en\">http:\/\/tools.google.com\/dlpage\/gaoptout?hl=en<\/a><\/p>\n<h2>CONFIDENTIALIT\u00c9<\/h2>\n<p>Informations sur la confidentialit\u00e9 conform\u00e9ment \u00e0 l&#039;article 13 du d\u00e9cret l\u00e9gislatif 196\/2003. Les donn\u00e9es que vous saisissez, telles que vos donn\u00e9es d&#039;identification, adresses, num\u00e9ros de t\u00e9l\u00e9phone et adresses e-mail, seront trait\u00e9es par la soci\u00e9t\u00e9 propri\u00e9taire du site web, par voie \u00e9lectronique et en qualit\u00e9 de responsable du traitement, dans le seul but de r\u00e9pondre \u00e0 vos demandes. Elles ne seront ni communiqu\u00e9es ni divulgu\u00e9es. Le traitement de ces donn\u00e9es est n\u00e9cessaire au traitement de vos demandes par le propri\u00e9taire du site web. En tant que personne concern\u00e9e, vous b\u00e9n\u00e9ficiez des droits pr\u00e9vus \u00e0 l&#039;article 7 du d\u00e9cret l\u00e9gislatif 196\/03, notamment le droit d&#039;obtenir du responsable du traitement la confirmation de l&#039;existence de vos donn\u00e9es personnelles et leur communication sous une forme intelligible, de conna\u00eetre les modalit\u00e9s et la logique du traitement, de demander la mise \u00e0 jour et l&#039;int\u00e9gration des donn\u00e9es, leur annulation ou leur anonymisation en cas de violation de la loi, ainsi que de vous opposer \u00e0 leur traitement. Ces droits peuvent \u00eatre exerc\u00e9s en contactant le responsable du traitement par \u00e9crit \u00e0 tout moment, \u00e0 l&#039;adresse indiqu\u00e9e sur le site web.<\/p>","protected":false},"excerpt":{"rendered":"<p>POLITIQUE DE COOKIES LES COOKIES DE CE SITE MES COOKIES ACTIFS ...<\/p>","protected":false},"author":1,"featured_media":0,"parent":0,"menu_order":0,"comment_status":"closed","ping_status":"closed","template":"","meta":{"footnotes":""},"class_list":["post-771","page","type-page","status-publish"],"_links":{"self":[{"href":"https:\/\/www.millesrl.it\/fr\/wp-json\/wp\/v2\/pages\/771","targetHints":{"allow":["GET"]}}],"collection":[{"href":"https:\/\/www.millesrl.it\/fr\/wp-json\/wp\/v2\/pages"}],"about":[{"href":"https:\/\/www.millesrl.it\/fr\/wp-json\/wp\/v2\/types\/page"}],"author":[{"embeddable":true,"href":"https:\/\/www.millesrl.it\/fr\/wp-json\/wp\/v2\/users\/1"}],"replies":[{"embeddable":true,"href":"https:\/\/www.millesrl.it\/fr\/wp-json\/wp\/v2\/comments?post=771"}],"version-history":[{"count":1,"href":"https:\/\/www.millesrl.it\/fr\/wp-json\/wp\/v2\/pages\/771\/revisions"}],"predecessor-version":[{"id":13350,"href":"https:\/\/www.millesrl.it\/fr\/wp-json\/wp\/v2\/pages\/771\/revisions\/13350"}],"wp:attachment":[{"href":"https:\/\/www.millesrl.it\/fr\/wp-json\/wp\/v2\/media?parent=771"}],"curies":[{"name":"wp","href":"https:\/\/api.w.org\/{rel}","templated":true}]}}